{"id":25612,"date":"2014-04-28T16:14:21","date_gmt":"2014-04-28T16:14:21","guid":{"rendered":"https:\/\/auxmode.com\/glossary\/"},"modified":"2024-05-04T14:53:37","modified_gmt":"2024-05-04T14:53:37","slug":"glosario","status":"publish","type":"page","link":"https:\/\/auxmode.com\/es\/glosario\/","title":{"rendered":"Glosario"},"content":{"rendered":"<p>Este glosario de t\u00e9rminos proviene directamente de la p\u00e1gina de glosario de YouTube. Estas definiciones pueden ayudarte a comprender cualquier t\u00e9rmino relacionado con contenido de v\u00eddeo en l\u00ednea con el que no est\u00e9s familiarizado. Estos t\u00e9rminos son importantes para entender en el proceso de distribuci\u00f3n y expansi\u00f3n de tu audiencia en l\u00ednea.<\/p>\n<p><strong>Anotaciones:<\/strong> Las anotaciones de v\u00eddeo son superposiciones din\u00e1micas controladas por el cargador en los v\u00eddeos que te permiten superponer texto en un v\u00eddeo y\/o hacer clic en partes del v\u00eddeo. Puedes a\u00f1adir, editar y eliminar anotaciones en tus v\u00eddeos, controlando el texto, la ubicaci\u00f3n, el tiempo y las URL de enlace. Las URL solo pueden dirigirse a YouTube.com. de video son una superposici\u00f3n din\u00e1mica de videos controlada por la persona que los carga y que le permite superponer texto en un video y\/o hacer que se pueda hacer clic en partes del video. Puedes agregar, editar y eliminar anotaciones a tus videos, controlando el texto, la ubicaci\u00f3n, el tiempo y las URL de los enlaces. Las URL solo pueden dirigirse a YouTube.com.<\/p>\n<p><strong>Retenci\u00f3n de audiencia:<\/strong> El informe Retenci\u00f3n de audiencia (anteriormente conocido como Puntos calientes en Insight) mide la capacidad de tu video para retener a tu audiencia. Muestra cuando los espectadores avanzan, rebobinan o abandonan el v\u00eddeo.<\/p>\n<p><strong>Avatar:<\/strong> La imagen cuadrada en la p\u00e1gina de tu canal que representa tu canal en todo el sitio.<\/p>\n<p><strong>Divulgaci\u00f3n de blogs:<\/strong> Una estrategia para compartir tus videos con una lista espec\u00edfica de blogs, sitios y\/o comunidades en l\u00ednea y personas influyentes. Esto incluye enviar el enlace de tu video y\/o el c\u00f3digo para insertar a los editores de blogs y otras personas con la esperanza de que incrusten o compartan el video con sus audiencias.<\/p>\n<p><strong>Blog Roll:<\/strong> Una lista de blogs, sitios, comunidades en l\u00ednea y personas influyentes relevantes para una categor\u00eda o tipo de contenido en particular. Se utiliza para la divulgaci\u00f3n de blogs.<\/p>\n<p><strong>Bolet\u00edn:<\/strong> Un mensaje que los propietarios de canales pueden enviar a sus suscriptores. Los boletines aparecen en los feeds de los suscriptores. Los propietarios de canales pueden adjuntar v\u00eddeos a un bolet\u00edn.<\/p>\n<p><strong>Llamada a la acci\u00f3n (CTA):<\/strong> Solicitan al espectador que realice una acci\u00f3n.<\/p>\n<p><strong>Canal o p\u00e1gina del canal<\/strong> YouTube.com\/CHANNELNAME : Un canal es la p\u00e1gina p\u00fablica de una cuenta de usuario en YouTube. Contiene videos subidos, listas de reproducci\u00f3n, videos que me gustaron, videos favoritos, comentarios del canal y actividad general. Algunos creadores administran o crean contenido en m\u00faltiples canales.<\/p>\n<p><strong>Comentarios:<\/strong> Estos son comentarios escritos en videos, canales, listas de reproducci\u00f3n o en respuesta a otros comentarios. Los comentarios se pueden publicar en la p\u00e1gina de visualizaci\u00f3n o en la p\u00e1gina de un canal.<\/p>\n<p><strong>Acciones de la comunidad:<\/strong> Cualquier acci\u00f3n realizada por un espectador en o alrededor de su canal y contenido. Incluye me gusta, favoritos, suscripciones y comentarios.<\/p>\n<p><strong>Tarjeta final o pizarra final:<\/strong> Un gr\u00e1fico que los creadores incluyen al final de sus videos. Las tarjetas finales suelen incluir llamadas a la acci\u00f3n espec\u00edficas para suscribirse, ver m\u00e1s contenido o visitar la p\u00e1gina de un canal. Tambi\u00e9n pueden contener cr\u00e9ditos para el v\u00eddeo. Generalmente, las tarjetas finales presentan anotaciones de manera destacada.<\/p>\n<p><strong>Participaci\u00f3n:<\/strong> Interacci\u00f3n entre el creador y la audiencia, el espectador y el v\u00eddeo, o el creador y el sitio. Se puede medir por la cantidad de interacciones (comentarios, favoritos, me gusta o nuevas suscripciones) por visualiazi\u00f3n.<\/p>\n<p><strong>Favorito(s):<\/strong> Una acci\u00f3n del usuario que agrega un video a la lista de reproducci\u00f3n Favoritos de su canal. Esta acci\u00f3n tambi\u00e9n se puede transmitir a los suscriptores.<\/p>\n<p><strong>Feed:<\/strong> Un flujo de actividad ya sea para un canal (a trav\u00e9s del feed de la p\u00e1gina del canal) o para varios canales (el feed de la p\u00e1gina de inicio). Las actividades del feed incluyen cargas, listas de reproducci\u00f3n actualizadas, comentarios de v\u00eddeos, comentarios de canales, nuevas suscripciones, boletines, me gusta, favoritos y uso compartido. Los usuarios controlan qu\u00e9 actividades de feeds transmiten y, al suscribirse a canales, qu\u00e9 actividades de feeds se les transmiten en el feed de su p\u00e1gina de inicio.<\/p>\n<p><strong>Hangouts on Air:<\/strong> Google+ Hangouts es una funci\u00f3n de video chat en vivo y se puede transmitir en su canal de YouTube.<\/p>\n<p><strong>Contenido de gancho:<\/strong> Destinado a mantener a los espectadores interesados en lo que suceder\u00e1 a continuaci\u00f3n. Lo ideal es que el gancho de un v\u00eddeo se produzca en los primeros 15 segundos<\/p>\n<p><strong>Lista de reproducci\u00f3n alojada:<\/strong> Una colecci\u00f3n de v\u00eddeos vinculados por v\u00eddeos alojados adicionales. Los v\u00eddeos alojados pueden actuar como introducciones, finales y\/o intersticiales. Los videos alojados pueden contener un anfitri\u00f3n real (persona) o una marca creativa que act\u00faa como anfitri\u00f3n.<\/p>\n<p><strong>Me gusta(s):<\/strong> Una acci\u00f3n del usuario que muestra su aprecio por un v\u00eddeo. Esta acci\u00f3n se puede transmitir a los suscriptores en el feed.<\/p>\n<p><strong>Metadatos:<\/strong> La informaci\u00f3n textual que describe un video, canal o lista de reproducci\u00f3n. Los metadatos del v\u00eddeo incluyen t\u00edtulo, etiquetas y descripci\u00f3n. Los metadatos de la lista de reproducci\u00f3n incluyen t\u00edtulo y descripci\u00f3n. Los metadatos del canal incluyen una descripci\u00f3n.<\/p>\n<p><strong>Red multicanal:<\/strong> Las redes multicanal (MCN) son entidades que se afilian a m\u00faltiples canales de YouTube, a menudo para ofrecer asistencia en \u00e1reas como productos, programaci\u00f3n, financiaci\u00f3n, promoci\u00f3n cruzada, gesti\u00f3n de socios, gesti\u00f3n de derechos digitales, monetizaci\u00f3n\/ventas y \/o desarrollo de audiencia.<\/p>\n<p><strong>Optimizaci\u00f3n:<\/strong> Una acci\u00f3n que aumenta el \u00e9xito potencial de un v\u00eddeo, canal, lista de reproducci\u00f3n o estrategia de contenido.<\/p>\n<p><strong>M\u00f3dulo de otros canales:<\/strong> Un m\u00f3dulo opcional que permite al propietario del canal presentar otros canales en su p\u00e1gina de canal.<\/p>\n<p><strong>Empaquetado:<\/strong> Gr\u00e1ficos y\/o contenido que a\u00f1ade contexto a un v\u00eddeo. El empaquetado puede desarrollar su marca, conectar a su anfitri\u00f3n con la audiencia, agregar contexto relevante al contenido archivado o agregar llamadas a la acci\u00f3n escritas o anotadas.<\/p>\n<p><strong>Lista de reproducci\u00f3n:<\/strong> Una lista de reproducci\u00f3n es una colecci\u00f3n de v\u00eddeos que se pueden ver, compartir e incrustar como un v\u00eddeo individual. Puede crear listas de reproducci\u00f3n utilizando cualquier v\u00eddeo de YouTube. Los v\u00eddeos pueden estar en varias listas de reproducci\u00f3n. Los v\u00eddeos subidos y los v\u00eddeos favoritos son listas de reproducci\u00f3n predeterminadas en tu canal.<\/p>\n<p><strong>Buzz:<\/strong> Inter\u00e9s previo al revuelo del p\u00fablico en un evento de gran importancia que ocurre en los d\u00edas y semanas previos al mismo.<\/p>\n<p><strong>Programaci\u00f3n:<\/strong> La pr\u00e1ctica y estrategia de organizar videos, programas o contenido y actividad del canal en un cronograma diario, semanal o de toda la temporada.<\/p>\n<p><strong>Actividad de recomendaci\u00f3n:<\/strong> Una estrategia en la que a un canal le gusta, marca como favorito o comenta un v\u00eddeo para promocionar ese v\u00eddeo entre sus suscriptores a trav\u00e9s del feed.<\/p>\n<p><strong>Lista de reproducci\u00f3n de series:<\/strong> Una lista de reproducci\u00f3n que bloquea los v\u00eddeos en una lista de reproducci\u00f3n espec\u00edfica. Dise\u00f1ados para contenido en serie o epis\u00f3dico que sigue un arco narrativo, los videos incluidos en una lista de reproducci\u00f3n de una serie no se pueden agregar a otras listas de reproducci\u00f3n del canal.<\/p>\n<p><strong>Compartir:<\/strong> Capacidad para distribuir videos a trav\u00e9s de redes sociales, correo electr\u00f3nico o enlaces directos. Esta acci\u00f3n se puede transmitir a los suscriptores.<\/p>\n<p><strong>Videos sugeridos:<\/strong> Miniaturas de videos que aparecen en la columna derecha de las p\u00e1ginas de visualizaci\u00f3n y la p\u00e1gina de inicio, o las miniaturas en mosaico que aparecen cuando un video termina de reproducirse.<\/p>\n<p><strong>Suscriptor\/Suscripci\u00f3n:<\/strong> Al suscribirse a un canal, los usuarios ver\u00e1n la actividad de ese canal en el feed de su p\u00e1gina de inicio. Los suscriptores tambi\u00e9n pueden optar por recibir comunicaci\u00f3n por correo electr\u00f3nico desde los canales suscritos por carga y resumen semanal.<\/p>\n<p><strong>Casilla de Abonado:<\/strong> Ver M\u00f3dulo Otros Canales.<\/p>\n<p><strong>Etiquetas:<\/strong> Palabras o frases utilizadas para describir el contenido de tus v\u00eddeos. Agregado a los videos en el momento de la carga (consulte Metadatos).<\/p>\n<p><strong>Avance:<\/strong> Un v\u00eddeo corto que act\u00faa como vista previa o avance de contenido m\u00e1s largo. Se puede utilizar para promover iniciativas o anuncios de contenido m\u00e1s amplios.<\/p>\n<p><strong>Plantillas:<\/strong> Diferentes dise\u00f1os de canales preestablecidos que se pueden usar para resaltar videos, listas de reproducci\u00f3n y otros canales.<\/p>\n<p><strong>Programaci\u00f3n y publicaci\u00f3n de gran alcance:<\/strong> Estrategia de creaci\u00f3n y publicaci\u00f3n de contenido que pretende aprovechar la popularidad de los grandes eventos culturales. La programaci\u00f3n y publicaci\u00f3n de contenido de gran formato tiene como objetivo maximizar la audiencia.<\/p>\n<p><strong>Miniaturas:<\/strong> Las im\u00e1genes seleccionadas para representar sus videos o listas de reproducci\u00f3n en el sitio.<\/p>\n<p><strong>Fuente de tr\u00e1fico:<\/strong> La fuente de referencia de una visualizaci\u00f3n de v\u00eddeo. La p\u00e1gina, m\u00f3dulo o sitio que llev\u00f3 a un espectador a ver un v\u00eddeo.<\/p>\n<p><strong>Vlog:<\/strong> Un video-blog. Un formato o g\u00e9nero de v\u00eddeo informal y conversacional en el que una persona habla directamente a la c\u00e1mara.<\/p>\n<p><strong>P\u00e1gina de visualizaci\u00f3n:<\/strong> La p\u00e1gina donde ocurre la mayor parte de la visualizaci\u00f3n de videos. Las URL con el formato youtube.com\/watch?v= son p\u00e1ginas de visualizaci\u00f3n.<\/p>\n<p><strong>Tiempo de visualizaci\u00f3n:<\/strong> La cantidad de tiempo total que los espectadores miran sus v\u00eddeos. El tiempo de visualizaci\u00f3n se estima en Analytics.<\/p>\n<p><strong>YouTube Analytics<\/strong> Una herramienta que proporciona informaci\u00f3n a trav\u00e9s de varias m\u00e9tricas para videos, canales y audiencia. Disponible en tu cuenta de usuario.<\/p>\n<p><iframe loading=\"lazy\" src=\"https:\/\/www.youtube-nocookie.com\/embed\/videoseries?list=PL3azc5F5ulmMeVWaLcFGEvOBPCfU862gU\" width=\"853\" height=\"480\" frameborder=\"0\" allowfullscreen=\"allowfullscreen\"><\/iframe><\/p>\n","protected":false},"excerpt":{"rendered":"<p>Este glosario de t\u00e9rminos proviene directamente de la p\u00e1gina de glosario de YouTube. Estas definiciones pueden ayudarte a comprender cualquier t\u00e9rmino relacionado con contenido de v\u00eddeo en l\u00ednea con el que no est\u00e9s familiarizado. Estos t\u00e9rminos son importantes para entender en el proceso de distribuci\u00f3n y expansi\u00f3n de tu audiencia en l\u00ednea.<\/p>\n<p>Anotaciones: Las anotaciones &hellip; <\/p>\n<p><a class=\"more-link btn\" href=\"https:\/\/auxmode.com\/es\/glosario\/\">Seguir leyendo<\/a><\/p>\n","protected":false},"author":1,"featured_media":0,"parent":0,"menu_order":0,"comment_status":"closed","ping_status":"closed","template":"","meta":{"_acf_changed":false,"amp_status":"","footnotes":""},"class_list":["post-25612","page","type-page","status-publish","hentry","nodate","item-wrap"],"acf":[],"yoast_head":"<!-- This site is optimized with the Yoast SEO plugin v27.3 - https:\/\/yoast.com\/product\/yoast-seo-wordpress\/ -->\n<title>Glosario de Gesti\u00f3n de Derechos Digitales (DRM) de Aux Mode<\/title>\n<meta name=\"description\" content=\"Desde la p\u00e1gina de Glosario de YouTube, estas definiciones pueden ayudarte a comprender cualquier t\u00e9rmino relacionado con contenido de video en l\u00ednea con el que quiz\u00e1s no est\u00e9s familiarizado.\" \/>\n<meta name=\"robots\" content=\"index, follow, max-snippet:-1, max-image-preview:large, max-video-preview:-1\" \/>\n<link rel=\"canonical\" href=\"https:\/\/auxmode.com\/es\/glosario\/\" \/>\n<meta property=\"og:locale\" content=\"es_ES\" \/>\n<meta property=\"og:type\" content=\"article\" \/>\n<meta property=\"og:title\" content=\"Glosario de Gesti\u00f3n de Derechos Digitales (DRM) de Aux Mode\" \/>\n<meta property=\"og:description\" content=\"Desde la p\u00e1gina de Glosario de YouTube, estas definiciones pueden ayudarte a comprender cualquier t\u00e9rmino relacionado con contenido de video en l\u00ednea con el que quiz\u00e1s no est\u00e9s familiarizado.\" \/>\n<meta property=\"og:url\" content=\"https:\/\/auxmode.com\/es\/glosario\/\" \/>\n<meta property=\"og:site_name\" content=\"Aux Mode\" \/>\n<meta property=\"article:modified_time\" content=\"2024-05-04T14:53:37+00:00\" \/>\n<meta name=\"twitter:card\" content=\"summary_large_image\" \/>\n<meta name=\"twitter:label1\" content=\"Tiempo de lectura\" \/>\n\t<meta name=\"twitter:data1\" content=\"7 minutos\" \/>\n<script type=\"application\/ld+json\" class=\"yoast-schema-graph\">{\"@context\":\"https:\\\/\\\/schema.org\",\"@graph\":[{\"@type\":\"WebPage\",\"@id\":\"https:\\\/\\\/auxmode.com\\\/es\\\/glosario\\\/\",\"url\":\"https:\\\/\\\/auxmode.com\\\/es\\\/glosario\\\/\",\"name\":\"Glosario de Gesti\u00f3n de Derechos Digitales (DRM) de Aux Mode\",\"isPartOf\":{\"@id\":\"https:\\\/\\\/auxmode.com\\\/#website\"},\"datePublished\":\"2014-04-28T16:14:21+00:00\",\"dateModified\":\"2024-05-04T14:53:37+00:00\",\"description\":\"Desde la p\u00e1gina de Glosario de YouTube, estas definiciones pueden ayudarte a comprender cualquier t\u00e9rmino relacionado con contenido de video en l\u00ednea con el que quiz\u00e1s no est\u00e9s familiarizado.\",\"breadcrumb\":{\"@id\":\"https:\\\/\\\/auxmode.com\\\/es\\\/glosario\\\/#breadcrumb\"},\"inLanguage\":\"es\",\"potentialAction\":[{\"@type\":\"ReadAction\",\"target\":[\"https:\\\/\\\/auxmode.com\\\/es\\\/glosario\\\/\"]}]},{\"@type\":\"BreadcrumbList\",\"@id\":\"https:\\\/\\\/auxmode.com\\\/es\\\/glosario\\\/#breadcrumb\",\"itemListElement\":[{\"@type\":\"ListItem\",\"position\":1,\"name\":\"Home\",\"item\":\"https:\\\/\\\/auxmode.com\\\/es\\\/\"},{\"@type\":\"ListItem\",\"position\":2,\"name\":\"Glosario\"}]},{\"@type\":\"WebSite\",\"@id\":\"https:\\\/\\\/auxmode.com\\\/#website\",\"url\":\"https:\\\/\\\/auxmode.com\\\/\",\"name\":\"Aux Mode\",\"description\":\"YouTube content monetization protection and Revenue Reporting Automation.\",\"inLanguage\":\"es\"}]}<\/script>\n<!-- \/ Yoast SEO plugin. -->","yoast_head_json":{"title":"Glosario de Gesti\u00f3n de Derechos Digitales (DRM) de Aux Mode","description":"Desde la p\u00e1gina de Glosario de YouTube, estas definiciones pueden ayudarte a comprender cualquier t\u00e9rmino relacionado con contenido de video en l\u00ednea con el que quiz\u00e1s no est\u00e9s familiarizado.","robots":{"index":"index","follow":"follow","max-snippet":"max-snippet:-1","max-image-preview":"max-image-preview:large","max-video-preview":"max-video-preview:-1"},"canonical":"https:\/\/auxmode.com\/es\/glosario\/","og_locale":"es_ES","og_type":"article","og_title":"Glosario de Gesti\u00f3n de Derechos Digitales (DRM) de Aux Mode","og_description":"Desde la p\u00e1gina de Glosario de YouTube, estas definiciones pueden ayudarte a comprender cualquier t\u00e9rmino relacionado con contenido de video en l\u00ednea con el que quiz\u00e1s no est\u00e9s familiarizado.","og_url":"https:\/\/auxmode.com\/es\/glosario\/","og_site_name":"Aux Mode","article_modified_time":"2024-05-04T14:53:37+00:00","twitter_card":"summary_large_image","twitter_misc":{"Tiempo de lectura":"7 minutos"},"schema":{"@context":"https:\/\/schema.org","@graph":[{"@type":"WebPage","@id":"https:\/\/auxmode.com\/es\/glosario\/","url":"https:\/\/auxmode.com\/es\/glosario\/","name":"Glosario de Gesti\u00f3n de Derechos Digitales (DRM) de Aux Mode","isPartOf":{"@id":"https:\/\/auxmode.com\/#website"},"datePublished":"2014-04-28T16:14:21+00:00","dateModified":"2024-05-04T14:53:37+00:00","description":"Desde la p\u00e1gina de Glosario de YouTube, estas definiciones pueden ayudarte a comprender cualquier t\u00e9rmino relacionado con contenido de video en l\u00ednea con el que quiz\u00e1s no est\u00e9s familiarizado.","breadcrumb":{"@id":"https:\/\/auxmode.com\/es\/glosario\/#breadcrumb"},"inLanguage":"es","potentialAction":[{"@type":"ReadAction","target":["https:\/\/auxmode.com\/es\/glosario\/"]}]},{"@type":"BreadcrumbList","@id":"https:\/\/auxmode.com\/es\/glosario\/#breadcrumb","itemListElement":[{"@type":"ListItem","position":1,"name":"Home","item":"https:\/\/auxmode.com\/es\/"},{"@type":"ListItem","position":2,"name":"Glosario"}]},{"@type":"WebSite","@id":"https:\/\/auxmode.com\/#website","url":"https:\/\/auxmode.com\/","name":"Aux Mode","description":"YouTube content monetization protection and Revenue Reporting Automation.","inLanguage":"es"}]}},"_links":{"self":[{"href":"https:\/\/auxmode.com\/es\/wp-json\/wp\/v2\/pages\/25612","targetHints":{"allow":["GET"]}}],"collection":[{"href":"https:\/\/auxmode.com\/es\/wp-json\/wp\/v2\/pages"}],"about":[{"href":"https:\/\/auxmode.com\/es\/wp-json\/wp\/v2\/types\/page"}],"author":[{"embeddable":true,"href":"https:\/\/auxmode.com\/es\/wp-json\/wp\/v2\/users\/1"}],"replies":[{"embeddable":true,"href":"https:\/\/auxmode.com\/es\/wp-json\/wp\/v2\/comments?post=25612"}],"version-history":[{"count":3,"href":"https:\/\/auxmode.com\/es\/wp-json\/wp\/v2\/pages\/25612\/revisions"}],"predecessor-version":[{"id":26371,"href":"https:\/\/auxmode.com\/es\/wp-json\/wp\/v2\/pages\/25612\/revisions\/26371"}],"wp:attachment":[{"href":"https:\/\/auxmode.com\/es\/wp-json\/wp\/v2\/media?parent=25612"}],"curies":[{"name":"wp","href":"https:\/\/api.w.org\/{rel}","templated":true}]}}