{"id":25541,"date":"2019-07-12T16:37:16","date_gmt":"2019-07-12T16:37:16","guid":{"rendered":"https:\/\/auxmode.com\/?page_id=25541"},"modified":"2024-05-04T15:06:55","modified_gmt":"2024-05-04T15:06:55","slug":"gestion-de-derechos-digitales","status":"publish","type":"page","link":"https:\/\/auxmode.com\/es\/gestion-de-derechos-digitales\/","title":{"rendered":"Gesti\u00f3n de derechos digitales"},"content":{"rendered":"<div id=\"pl-gb25541-69e21a3b9f6da\"  class=\"panel-layout\" ><div class=\"container\"><div id=\"pg-gb25541-69e21a3b9f6da-0\"  class=\"panel-grid panel-has-style row\" ><div class=\"hero lighter siteorigin-panels-stretch panel-row-style panel-row-style-for-gb25541-69e21a3b9f6da-0\" data-stretch-type=\"full\" ><div id=\"pgc-gb25541-69e21a3b9f6da-0-0\"  class=\"panel-grid-cell 69e21a3b9f6da-5 flip col-md-12\" ><div class=\"hero-left panel-cell-style panel-cell-style-for-gb25541-69e21a3b9f6da-0-0\" ><div id=\"panel-gb25541-69e21a3b9f6da-0-0-0\" class=\"so-panel widget widget_sow-editor panel-first-child panel-last-child\" data-index=\"0\" ><div class=\"so-widget-sow-editor so-widget-sow-editor-base\">\n<div class=\"siteorigin-widget-tinymce textwidget\">\n\t<h2>Qu\u00e9 es la gesti\u00f3n de derechos digitales?<\/h2>\n<p>La gesti\u00f3n de derechos digitales (DRM) es un enfoque sistem\u00e1tico para la protecci\u00f3n de los derechos de autor de los medios digitales.<\/p>\n<p><a class=\"btn btn-primary\" href=\"https:\/\/auxmode.com\/es\/contactanos\/\">Leer m\u00e1s<\/a><\/p>\n<\/div>\n<\/div><\/div><\/div><\/div><div id=\"pgc-gb25541-69e21a3b9f6da-0-1\"  class=\"panel-grid-cell 69e21a3b9f6da-5 flip col-md-12\" ><div class=\"hero-right panel-cell-style panel-cell-style-for-gb25541-69e21a3b9f6da-0-1\" ><div id=\"panel-gb25541-69e21a3b9f6da-0-1-0\" class=\"so-panel widget widget_media_image panel-first-child panel-last-child\" data-index=\"1\" ><div class=\"panel-widget-style panel-widget-style-for-gb25541-69e21a3b9f6da-0-1-0\" ><img decoding=\"async\" width=\"357\" height=\"239\" src=\"https:\/\/auxmode.com\/wp-content\/uploads\/2022\/12\/Rights-Management_3.png\" class=\"image wp-image-21735  attachment-357x239 size-357x239\" alt=\"YouTube Digital Rights Management\" style=\"max-width: 100%; height: auto;\" srcset=\"https:\/\/auxmode.com\/wp-content\/uploads\/2022\/12\/Rights-Management_3.png 555w, https:\/\/auxmode.com\/wp-content\/uploads\/2022\/12\/Rights-Management_3-300x201.png 300w, https:\/\/auxmode.com\/wp-content\/uploads\/2022\/12\/Rights-Management_3-272x182.png 272w\" sizes=\"(max-width: 357px) 100vw, 357px\" \/><\/div><\/div><\/div><\/div><\/div><\/div><\/div><div class=\"container\"><div id=\"pg-gb25541-69e21a3b9f6da-1\"  class=\"panel-grid panel-has-style row\" ><div class=\"homepage-row panel-row-style panel-row-style-for-gb25541-69e21a3b9f6da-1\" ><div id=\"pgc-gb25541-69e21a3b9f6da-1-0\"  class=\"panel-grid-cell 69e21a3b9f6da-6 flip col-md-12\" ><div id=\"panel-gb25541-69e21a3b9f6da-1-0-0\" class=\"so-panel widget widget_sow-image panel-first-child panel-last-child\" data-index=\"2\" ><div class=\"so-widget-sow-image so-widget-sow-image-default-17bc2272b535-25541\">\n\n<div class=\"sow-image-container\">\n\t\t<img decoding=\"async\" src=\"https:\/\/auxmode.com\/wp-content\/uploads\/2022\/06\/Monetize-Your-Content4.png\" width=\"346\" height=\"218\" srcset=\"https:\/\/auxmode.com\/wp-content\/uploads\/2022\/06\/Monetize-Your-Content4.png 455w, https:\/\/auxmode.com\/wp-content\/uploads\/2022\/06\/Monetize-Your-Content4-300x189.png 300w\" sizes=\"(max-width: 346px) 100vw, 346px\" title=\"Monetize Your Content4\" alt=\"Increase Monetization of Your Content\" \t\tclass=\"so-widget-image\"\/>\n\t<\/div>\n\n<\/div><\/div><\/div><div id=\"pgc-gb25541-69e21a3b9f6da-1-1\"  class=\"panel-grid-cell 69e21a3b9f6da-6 flip col-md-12\" ><div id=\"panel-gb25541-69e21a3b9f6da-1-1-0\" class=\"so-panel widget widget_sow-editor panel-first-child panel-last-child\" data-index=\"3\" ><div class=\"so-widget-sow-editor so-widget-sow-editor-base\">\n<div class=\"siteorigin-widget-tinymce textwidget\">\n\t<h3 class=\"title\">C\u00f3mo puede ayudar Aux Mode<\/h3>\n<p>La demanda de nuevo contenido en las plataformas de streaming nunca ha sido tan grande y crece diariamente. Si tus activos digitales est\u00e1n guardados, languidecer\u00e1n en el olvido, sin usar. Por eso necesitas una soluci\u00f3n que lleve la gesti\u00f3n de activos digitales a un nuevo nivel.<\/p>\n<p>Aux Mode trabaja contigo para comprender tu estrategia de gesti\u00f3n de derechos digitales y proporciona una soluci\u00f3n para administrar tus activos, derechos, <a href=\"https:\/\/auxmode.com\/es\/productos\/\">informes de ingresos de tarifas de productores y sindicatos<\/a>, y permisos. Y entregamos tus activos a YouTube<\/p>\n<p>Aux Mode son expertos en YouTube que se especializan en proteger, informar y gestionar tus activos digitales, derechos de audio y video, y permisos por territorio.<\/p>\n<\/div>\n<\/div><\/div><\/div><\/div><\/div><\/div><div class=\"container\"><div id=\"pg-gb25541-69e21a3b9f6da-2\"  class=\"panel-grid panel-has-style row\" ><div class=\"homepage-row colored siteorigin-panels-stretch panel-row-style panel-row-style-for-gb25541-69e21a3b9f6da-2\" data-stretch-type=\"full\" ><div id=\"pgc-gb25541-69e21a3b9f6da-2-0\"  class=\"panel-grid-cell 69e21a3b9f6da-7 flip col-md-12\" ><div id=\"panel-gb25541-69e21a3b9f6da-2-0-0\" class=\"so-panel widget widget_sow-editor panel-first-child\" data-index=\"4\" ><div class=\"panel-widget-style panel-widget-style-for-gb25541-69e21a3b9f6da-2-0-0\" ><div class=\"so-widget-sow-editor so-widget-sow-editor-base\">\n<div class=\"siteorigin-widget-tinymce textwidget\">\n\t<h3 class=\"title\">Qu\u00e9 es Content ID?<\/h3>\n<p>Los propietarios de derechos de autor pueden utilizar un sistema llamado Content ID para identificar y administrar f\u00e1cilmente su contenido en YouTube. Los v\u00eddeos subidos a YouTube se analizan en una base de datos de archivos que nos han enviado los propietarios del contenido.<\/p>\n<p>Cuando se encuentra una coincidencia, el v\u00eddeo recibe una reclamaci\u00f3n de Content ID.<\/p>\n<\/div>\n<\/div><\/div><\/div><div id=\"panel-gb25541-69e21a3b9f6da-2-0-1\" class=\"so-panel widget widget_media_image panel-last-child\" data-index=\"5\" ><img decoding=\"async\" width=\"967\" height=\"492\" src=\"https:\/\/auxmode.com\/wp-content\/uploads\/2020\/08\/ContentID-e1565136359215.png\" class=\"image wp-image-13908  attachment-full size-full\" alt=\"\" style=\"max-width: 100%; height: auto;\" srcset=\"https:\/\/auxmode.com\/wp-content\/uploads\/2020\/08\/ContentID-e1565136359215.png 967w, https:\/\/auxmode.com\/wp-content\/uploads\/2020\/08\/ContentID-e1565136359215-300x153.png 300w, https:\/\/auxmode.com\/wp-content\/uploads\/2020\/08\/ContentID-e1565136359215-768x391.png 768w\" sizes=\"(max-width: 967px) 100vw, 967px\" \/><\/div><\/div><\/div><\/div><\/div><\/div>","protected":false},"excerpt":{"rendered":"<p>Qu\u00e9 es la gesti\u00f3n de derechos digitales? <\/p>\n<p>La gesti\u00f3n de derechos digitales (DRM) es un enfoque sistem\u00e1tico para la protecci\u00f3n de los derechos de autor de los medios digitales.<\/p>\n<p>Leer m\u00e1s<\/p>\n<p> C\u00f3mo puede ayudar Aux Mode <\/p>\n<p>La demanda de nuevo contenido en las plataformas de streaming nunca ha sido tan grande y crece diariamente. Si &hellip; <\/p>\n<p><a class=\"more-link btn\" href=\"https:\/\/auxmode.com\/es\/gestion-de-derechos-digitales\/\">Seguir leyendo<\/a><\/p>\n","protected":false},"author":1,"featured_media":0,"parent":0,"menu_order":0,"comment_status":"closed","ping_status":"closed","template":"","meta":{"_acf_changed":false,"amp_status":"","footnotes":""},"class_list":["post-25541","page","type-page","status-publish","hentry","nodate","item-wrap"],"acf":[],"yoast_head":"<!-- This site is optimized with the Yoast SEO plugin v27.4 - https:\/\/yoast.com\/product\/yoast-seo-wordpress\/ -->\n<title>Software de Gesti\u00f3n de Derechos Digitales y Generaci\u00f3n de Informes de Ingresos de Aux Mode<\/title>\n<meta name=\"description\" content=\"Aux Mode puede ayudarte a desarrollar y gestionar tu estrategia de Gesti\u00f3n de Derechos Digitales (DRM) para proteger tus activos digitales. Obt\u00e9n m\u00e1s informaci\u00f3n sobre nuestros servicios de DRM.\" \/>\n<meta name=\"robots\" content=\"index, follow, max-snippet:-1, max-image-preview:large, max-video-preview:-1\" \/>\n<link rel=\"canonical\" href=\"https:\/\/auxmode.com\/es\/gestion-de-derechos-digitales\/\" \/>\n<meta property=\"og:locale\" content=\"es_ES\" \/>\n<meta property=\"og:type\" content=\"article\" \/>\n<meta property=\"og:title\" content=\"Software de Gesti\u00f3n de Derechos Digitales y Generaci\u00f3n de Informes de Ingresos de Aux Mode\" \/>\n<meta property=\"og:description\" content=\"Aux Mode puede ayudarte a desarrollar y gestionar tu estrategia de Gesti\u00f3n de Derechos Digitales (DRM) para proteger tus activos digitales. Obt\u00e9n m\u00e1s informaci\u00f3n sobre nuestros servicios de DRM.\" \/>\n<meta property=\"og:url\" content=\"https:\/\/auxmode.com\/es\/gestion-de-derechos-digitales\/\" \/>\n<meta property=\"og:site_name\" content=\"Aux Mode\" \/>\n<meta property=\"article:modified_time\" content=\"2024-05-04T15:06:55+00:00\" \/>\n<meta property=\"og:image\" content=\"https:\/\/auxmode.com\/wp-content\/uploads\/2022\/12\/Rights-Management_3.png\" \/>\n<meta name=\"twitter:card\" content=\"summary_large_image\" \/>\n<meta name=\"twitter:label1\" content=\"Tiempo de lectura\" \/>\n\t<meta name=\"twitter:data1\" content=\"2 minutos\" \/>\n<script type=\"application\/ld+json\" class=\"yoast-schema-graph\">{\"@context\":\"https:\\\/\\\/schema.org\",\"@graph\":[{\"@type\":\"WebPage\",\"@id\":\"https:\\\/\\\/auxmode.com\\\/es\\\/gestion-de-derechos-digitales\\\/\",\"url\":\"https:\\\/\\\/auxmode.com\\\/es\\\/gestion-de-derechos-digitales\\\/\",\"name\":\"Software de Gesti\u00f3n de Derechos Digitales y Generaci\u00f3n de Informes de Ingresos de Aux Mode\",\"isPartOf\":{\"@id\":\"https:\\\/\\\/auxmode.com\\\/#website\"},\"primaryImageOfPage\":{\"@id\":\"https:\\\/\\\/auxmode.com\\\/es\\\/gestion-de-derechos-digitales\\\/#primaryimage\"},\"image\":{\"@id\":\"https:\\\/\\\/auxmode.com\\\/es\\\/gestion-de-derechos-digitales\\\/#primaryimage\"},\"thumbnailUrl\":\"https:\\\/\\\/auxmode.com\\\/wp-content\\\/uploads\\\/2022\\\/12\\\/Rights-Management_3.png\",\"datePublished\":\"2019-07-12T16:37:16+00:00\",\"dateModified\":\"2024-05-04T15:06:55+00:00\",\"description\":\"Aux Mode puede ayudarte a desarrollar y gestionar tu estrategia de Gesti\u00f3n de Derechos Digitales (DRM) para proteger tus activos digitales. Obt\u00e9n m\u00e1s informaci\u00f3n sobre nuestros servicios de DRM.\",\"breadcrumb\":{\"@id\":\"https:\\\/\\\/auxmode.com\\\/es\\\/gestion-de-derechos-digitales\\\/#breadcrumb\"},\"inLanguage\":\"es\",\"potentialAction\":[{\"@type\":\"ReadAction\",\"target\":[\"https:\\\/\\\/auxmode.com\\\/es\\\/gestion-de-derechos-digitales\\\/\"]}]},{\"@type\":\"ImageObject\",\"inLanguage\":\"es\",\"@id\":\"https:\\\/\\\/auxmode.com\\\/es\\\/gestion-de-derechos-digitales\\\/#primaryimage\",\"url\":\"https:\\\/\\\/auxmode.com\\\/wp-content\\\/uploads\\\/2022\\\/12\\\/Rights-Management_3.png\",\"contentUrl\":\"https:\\\/\\\/auxmode.com\\\/wp-content\\\/uploads\\\/2022\\\/12\\\/Rights-Management_3.png\"},{\"@type\":\"BreadcrumbList\",\"@id\":\"https:\\\/\\\/auxmode.com\\\/es\\\/gestion-de-derechos-digitales\\\/#breadcrumb\",\"itemListElement\":[{\"@type\":\"ListItem\",\"position\":1,\"name\":\"Home\",\"item\":\"https:\\\/\\\/auxmode.com\\\/es\\\/\"},{\"@type\":\"ListItem\",\"position\":2,\"name\":\"Gesti\u00f3n de derechos digitales\"}]},{\"@type\":\"WebSite\",\"@id\":\"https:\\\/\\\/auxmode.com\\\/#website\",\"url\":\"https:\\\/\\\/auxmode.com\\\/\",\"name\":\"Aux Mode\",\"description\":\"YouTube content monetization protection and Revenue Reporting Automation.\",\"inLanguage\":\"es\"}]}<\/script>\n<!-- \/ Yoast SEO plugin. -->","yoast_head_json":{"title":"Software de Gesti\u00f3n de Derechos Digitales y Generaci\u00f3n de Informes de Ingresos de Aux Mode","description":"Aux Mode puede ayudarte a desarrollar y gestionar tu estrategia de Gesti\u00f3n de Derechos Digitales (DRM) para proteger tus activos digitales. Obt\u00e9n m\u00e1s informaci\u00f3n sobre nuestros servicios de DRM.","robots":{"index":"index","follow":"follow","max-snippet":"max-snippet:-1","max-image-preview":"max-image-preview:large","max-video-preview":"max-video-preview:-1"},"canonical":"https:\/\/auxmode.com\/es\/gestion-de-derechos-digitales\/","og_locale":"es_ES","og_type":"article","og_title":"Software de Gesti\u00f3n de Derechos Digitales y Generaci\u00f3n de Informes de Ingresos de Aux Mode","og_description":"Aux Mode puede ayudarte a desarrollar y gestionar tu estrategia de Gesti\u00f3n de Derechos Digitales (DRM) para proteger tus activos digitales. Obt\u00e9n m\u00e1s informaci\u00f3n sobre nuestros servicios de DRM.","og_url":"https:\/\/auxmode.com\/es\/gestion-de-derechos-digitales\/","og_site_name":"Aux Mode","article_modified_time":"2024-05-04T15:06:55+00:00","og_image":[{"url":"https:\/\/auxmode.com\/wp-content\/uploads\/2022\/12\/Rights-Management_3.png","type":"","width":"","height":""}],"twitter_card":"summary_large_image","twitter_misc":{"Tiempo de lectura":"2 minutos"},"schema":{"@context":"https:\/\/schema.org","@graph":[{"@type":"WebPage","@id":"https:\/\/auxmode.com\/es\/gestion-de-derechos-digitales\/","url":"https:\/\/auxmode.com\/es\/gestion-de-derechos-digitales\/","name":"Software de Gesti\u00f3n de Derechos Digitales y Generaci\u00f3n de Informes de Ingresos de Aux Mode","isPartOf":{"@id":"https:\/\/auxmode.com\/#website"},"primaryImageOfPage":{"@id":"https:\/\/auxmode.com\/es\/gestion-de-derechos-digitales\/#primaryimage"},"image":{"@id":"https:\/\/auxmode.com\/es\/gestion-de-derechos-digitales\/#primaryimage"},"thumbnailUrl":"https:\/\/auxmode.com\/wp-content\/uploads\/2022\/12\/Rights-Management_3.png","datePublished":"2019-07-12T16:37:16+00:00","dateModified":"2024-05-04T15:06:55+00:00","description":"Aux Mode puede ayudarte a desarrollar y gestionar tu estrategia de Gesti\u00f3n de Derechos Digitales (DRM) para proteger tus activos digitales. Obt\u00e9n m\u00e1s informaci\u00f3n sobre nuestros servicios de DRM.","breadcrumb":{"@id":"https:\/\/auxmode.com\/es\/gestion-de-derechos-digitales\/#breadcrumb"},"inLanguage":"es","potentialAction":[{"@type":"ReadAction","target":["https:\/\/auxmode.com\/es\/gestion-de-derechos-digitales\/"]}]},{"@type":"ImageObject","inLanguage":"es","@id":"https:\/\/auxmode.com\/es\/gestion-de-derechos-digitales\/#primaryimage","url":"https:\/\/auxmode.com\/wp-content\/uploads\/2022\/12\/Rights-Management_3.png","contentUrl":"https:\/\/auxmode.com\/wp-content\/uploads\/2022\/12\/Rights-Management_3.png"},{"@type":"BreadcrumbList","@id":"https:\/\/auxmode.com\/es\/gestion-de-derechos-digitales\/#breadcrumb","itemListElement":[{"@type":"ListItem","position":1,"name":"Home","item":"https:\/\/auxmode.com\/es\/"},{"@type":"ListItem","position":2,"name":"Gesti\u00f3n de derechos digitales"}]},{"@type":"WebSite","@id":"https:\/\/auxmode.com\/#website","url":"https:\/\/auxmode.com\/","name":"Aux Mode","description":"YouTube content monetization protection and Revenue Reporting Automation.","inLanguage":"es"}]}},"_links":{"self":[{"href":"https:\/\/auxmode.com\/es\/wp-json\/wp\/v2\/pages\/25541","targetHints":{"allow":["GET"]}}],"collection":[{"href":"https:\/\/auxmode.com\/es\/wp-json\/wp\/v2\/pages"}],"about":[{"href":"https:\/\/auxmode.com\/es\/wp-json\/wp\/v2\/types\/page"}],"author":[{"embeddable":true,"href":"https:\/\/auxmode.com\/es\/wp-json\/wp\/v2\/users\/1"}],"replies":[{"embeddable":true,"href":"https:\/\/auxmode.com\/es\/wp-json\/wp\/v2\/comments?post=25541"}],"version-history":[{"count":8,"href":"https:\/\/auxmode.com\/es\/wp-json\/wp\/v2\/pages\/25541\/revisions"}],"predecessor-version":[{"id":26331,"href":"https:\/\/auxmode.com\/es\/wp-json\/wp\/v2\/pages\/25541\/revisions\/26331"}],"wp:attachment":[{"href":"https:\/\/auxmode.com\/es\/wp-json\/wp\/v2\/media?parent=25541"}],"curies":[{"name":"wp","href":"https:\/\/api.w.org\/{rel}","templated":true}]}}