{"id":25526,"date":"2024-03-11T22:25:20","date_gmt":"2024-03-11T22:25:20","guid":{"rendered":"https:\/\/auxmode.com\/?page_id=25526"},"modified":"2024-03-11T22:25:23","modified_gmt":"2024-03-11T22:25:23","slug":"calculadora-social","status":"publish","type":"page","link":"https:\/\/auxmode.com\/es\/herramientasgratuitas\/calculadora-social\/","title":{"rendered":"Calculadora Social"},"content":{"rendered":"\n<p>How much would you have to pay for ads to achieve the same outcome? The Social Media Calculator estimates the monetary value of your post.<\/p>\n\n\n\t<div class=\"smvc-result col-md-4 col-md-push-8 col-sm-12\">\n\t\t\t<\/div>\n\n\t<div class=\"smvc col-md-8 col-md-pull-4 col-sm-12\">\n\t    <h2>Plataforma<\/h2>\n\n\t    <ul class=\"nav nav-pills\" role=\"tablist\">\n\t        \t            <li role=\"presentation\" class=\"active\">\n\t                <a href=\"#smvc-facebook\" aria-controls=\"smvc-facebook\" role=\"tab\" data-toggle=\"tab\">\n\t                    <i class=\"fa fa-facebook\"><\/i> Facebook\t                <\/a>\n\t            <\/li>\n\t        \t            <li role=\"presentation\" >\n\t                <a href=\"#smvc-instagram\" aria-controls=\"smvc-instagram\" role=\"tab\" data-toggle=\"tab\">\n\t                    <i class=\"fa fa-instagram\"><\/i> Instagram\t                <\/a>\n\t            <\/li>\n\t        \t            <li role=\"presentation\" >\n\t                <a href=\"#smvc-twitter\" aria-controls=\"smvc-twitter\" role=\"tab\" data-toggle=\"tab\">\n\t                    <i class=\"fa fa-twitter\"><\/i> X (Twitter)\t                <\/a>\n\t            <\/li>\n\t        \t            <li role=\"presentation\" >\n\t                <a href=\"#smvc-youtube\" aria-controls=\"smvc-youtube\" role=\"tab\" data-toggle=\"tab\">\n\t                    <i class=\"fa fa-youtube\"><\/i> YouTube\t                <\/a>\n\t            <\/li>\n\t        \t            <li role=\"presentation\" >\n\t                <a href=\"#smvc-linkedin\" aria-controls=\"smvc-linkedin\" role=\"tab\" data-toggle=\"tab\">\n\t                    <i class=\"fa fa-linkedin\"><\/i> LinkedIn\t                <\/a>\n\t            <\/li>\n\t        \t    <\/ul>\n\n\n\t    <form class=\"smvc-form\" action=\"\" method=\"post\">\n\t        <div class=\"tab-content\">\n\t            \t                <div role=\"tabpanel\" class=\"tab-pane active\" id=\"smvc-facebook\">\n\t                    <h2>Alcance<\/h2>\n\t                    <div class=\"row\">\n\t                        <div class=\"col-md-4\">\n\t                            <div class=\"form-group\">\n\t                                <label for=\"facebook-reach\">\n\t                                    Alcance Org\u00e1nico\t                                    <i class=\"fa fa-info-circle\" data-toggle=\"tooltip\" title=\"El alcance org\u00e1nico es el n\u00famero de personas \u00fanicas que han visto la publicaci\u00f3n de tu p\u00e1gina.\"><\/i>\n\t                                <\/label>\n\t                                <input type=\"number\" class=\"form-control\" name=\"smvc-facebook-reach\" class=\"input-reach\" data-platform=\"facebook\" value=\"\">\n\t                            <\/div>\n\t                        <\/div>\n\t                    <\/div>\n\n\t                    <h2>Interacci\u00f3n<\/h2>\n\t                    <div class=\"row\">\n\t                        \t                            <div class=\"col-md-4\">\n\t                                <div class=\"form-group\">\n\t                                    <label for=\"facebook-reacciones\">\n\t                                        Reacciones\t                                        <i class=\"fa fa-info-circle\" data-toggle=\"tooltip\" title=\"Suma de todas la reacciones de Facebook: Me gusta, Me encanta, Me asombra, Me divierte, Me entristece, Me enoja.\"><\/i>\n\t                                    <\/label>\n\t                                    <input type=\"number\" class=\"form-control\" name=\"smvc-facebook-reacciones\" class=\"input-reacciones\" data-platform=\"facebook\" value=\"\">\n\t                                <\/div>\n\t                            <\/div>\n\t                        \t                            <div class=\"col-md-4\">\n\t                                <div class=\"form-group\">\n\t                                    <label for=\"facebook-comentarios\">\n\t                                        Comentarios\t                                        <i class=\"fa fa-info-circle\" data-toggle=\"tooltip\" title=\"Suma de todos los comentarios.\"><\/i>\n\t                                    <\/label>\n\t                                    <input type=\"number\" class=\"form-control\" name=\"smvc-facebook-comentarios\" class=\"input-comentarios\" data-platform=\"facebook\" value=\"\">\n\t                                <\/div>\n\t                            <\/div>\n\t                        \t                            <div class=\"col-md-4\">\n\t                                <div class=\"form-group\">\n\t                                    <label for=\"facebook-compartidos\">\n\t                                        Compartidos\t                                        <i class=\"fa fa-info-circle\" data-toggle=\"tooltip\" title=\"Suma de todas las veces que se comparti\u00f3 la publicaci\u00f3n.\"><\/i>\n\t                                    <\/label>\n\t                                    <input type=\"number\" class=\"form-control\" name=\"smvc-facebook-compartidos\" class=\"input-compartidos\" data-platform=\"facebook\" value=\"\">\n\t                                <\/div>\n\t                            <\/div>\n\t                        \t                    <\/div>\n\t                <\/div>\n\t            \t                <div role=\"tabpanel\" class=\"tab-pane \" id=\"smvc-instagram\">\n\t                    <h2>Alcance<\/h2>\n\t                    <div class=\"row\">\n\t                        <div class=\"col-md-4\">\n\t                            <div class=\"form-group\">\n\t                                <label for=\"instagram-reach\">\n\t                                    Alcance Org\u00e1nico\t                                    <i class=\"fa fa-info-circle\" data-toggle=\"tooltip\" title=\"El alcance org\u00e1nico es el n\u00famero total de usuarios \u00fanicos que han visto tu publicaci\u00f3n.\"><\/i>\n\t                                <\/label>\n\t                                <input type=\"number\" class=\"form-control\" name=\"smvc-instagram-reach\" class=\"input-reach\" data-platform=\"instagram\" value=\"\">\n\t                            <\/div>\n\t                        <\/div>\n\t                    <\/div>\n\n\t                    <h2>Interacci\u00f3n<\/h2>\n\t                    <div class=\"row\">\n\t                        \t                            <div class=\"col-md-4\">\n\t                                <div class=\"form-group\">\n\t                                    <label for=\"instagram-me-gusta\">\n\t                                        Me gusta\t                                        <i class=\"fa fa-info-circle\" data-toggle=\"tooltip\" title=\"El total de Me gusta en tu publicaci\u00f3n.\"><\/i>\n\t                                    <\/label>\n\t                                    <input type=\"number\" class=\"form-control\" name=\"smvc-instagram-me-gusta\" class=\"input-me-gusta\" data-platform=\"instagram\" value=\"\">\n\t                                <\/div>\n\t                            <\/div>\n\t                        \t                            <div class=\"col-md-4\">\n\t                                <div class=\"form-group\">\n\t                                    <label for=\"instagram-comentarios\">\n\t                                        Comentarios\t                                        <i class=\"fa fa-info-circle\" data-toggle=\"tooltip\" title=\"El total de comentarios en tu publicaci\u00f3n.\"><\/i>\n\t                                    <\/label>\n\t                                    <input type=\"number\" class=\"form-control\" name=\"smvc-instagram-comentarios\" class=\"input-comentarios\" data-platform=\"instagram\" value=\"\">\n\t                                <\/div>\n\t                            <\/div>\n\t                        \t                            <div class=\"col-md-4\">\n\t                                <div class=\"form-group\">\n\t                                    <label for=\"instagram-publicaciones-guardadas\">\n\t                                        Publicaciones guardadas\t                                        <i class=\"fa fa-info-circle\" data-toggle=\"tooltip\" title=\"El total de usuarios \u00fanicos que han guardado tu publicaci\u00f3n.\"><\/i>\n\t                                    <\/label>\n\t                                    <input type=\"number\" class=\"form-control\" name=\"smvc-instagram-publicaciones-guardadas\" class=\"input-publicaciones-guardadas\" data-platform=\"instagram\" value=\"\">\n\t                                <\/div>\n\t                            <\/div>\n\t                        \t                    <\/div>\n\t                <\/div>\n\t            \t                <div role=\"tabpanel\" class=\"tab-pane \" id=\"smvc-twitter\">\n\t                    <h2>Alcance<\/h2>\n\t                    <div class=\"row\">\n\t                        <div class=\"col-md-4\">\n\t                            <div class=\"form-group\">\n\t                                <label for=\"twitter-reach\">\n\t                                    Reacciones de tuits\t                                    <i class=\"fa fa-info-circle\" data-toggle=\"tooltip\" title=\"Las impresiones de tweets son la cantidad total de apariciones de tu tweet en la l\u00ednea de tiempo del usuario o en los resultados de b\u00fasqueda.\"><\/i>\n\t                                <\/label>\n\t                                <input type=\"number\" class=\"form-control\" name=\"smvc-twitter-reach\" class=\"input-reach\" data-platform=\"twitter\" value=\"\">\n\t                            <\/div>\n\t                        <\/div>\n\t                    <\/div>\n\n\t                    <h2>Interacci\u00f3n<\/h2>\n\t                    <div class=\"row\">\n\t                        \t                            <div class=\"col-md-4\">\n\t                                <div class=\"form-group\">\n\t                                    <label for=\"twitter-me-gusta\">\n\t                                        Me gusta\t                                        <i class=\"fa fa-info-circle\" data-toggle=\"tooltip\" title=\"Suma de todos los &quot;me gusta&quot; de tu tweet.\"><\/i>\n\t                                    <\/label>\n\t                                    <input type=\"number\" class=\"form-control\" name=\"smvc-twitter-me-gusta\" class=\"input-me-gusta\" data-platform=\"twitter\" value=\"\">\n\t                                <\/div>\n\t                            <\/div>\n\t                        \t                            <div class=\"col-md-4\">\n\t                                <div class=\"form-group\">\n\t                                    <label for=\"twitter-comentarios\">\n\t                                        Comentarios\t                                        <i class=\"fa fa-info-circle\" data-toggle=\"tooltip\" title=\"Suma de todos los comentarios de tu tweet.\"><\/i>\n\t                                    <\/label>\n\t                                    <input type=\"number\" class=\"form-control\" name=\"smvc-twitter-comentarios\" class=\"input-comentarios\" data-platform=\"twitter\" value=\"\">\n\t                                <\/div>\n\t                            <\/div>\n\t                        \t                            <div class=\"col-md-4\">\n\t                                <div class=\"form-group\">\n\t                                    <label for=\"twitter-retweets\">\n\t                                        Retweets\t                                        <i class=\"fa fa-info-circle\" data-toggle=\"tooltip\" title=\"Suma de todos los retweets de tu tweet.\"><\/i>\n\t                                    <\/label>\n\t                                    <input type=\"number\" class=\"form-control\" name=\"smvc-twitter-retweets\" class=\"input-retweets\" data-platform=\"twitter\" value=\"\">\n\t                                <\/div>\n\t                            <\/div>\n\t                        \t                    <\/div>\n\t                <\/div>\n\t            \t                <div role=\"tabpanel\" class=\"tab-pane \" id=\"smvc-youtube\">\n\t                    <h2>Alcance<\/h2>\n\t                    <div class=\"row\">\n\t                        <div class=\"col-md-4\">\n\t                            <div class=\"form-group\">\n\t                                <label for=\"youtube-reach\">\n\t                                    Visualizaciones del Video\t                                    <i class=\"fa fa-info-circle\" data-toggle=\"tooltip\" title=\"El n\u00famero de veces que se ha visto un video. Una visualizaci\u00f3n se cuenta despu\u00e9s de que un usuario haya visto un video durante al menos 30 segundos.\"><\/i>\n\t                                <\/label>\n\t                                <input type=\"number\" class=\"form-control\" name=\"smvc-youtube-reach\" class=\"input-reach\" data-platform=\"youtube\" value=\"\">\n\t                            <\/div>\n\t                        <\/div>\n\t                    <\/div>\n\n\t                    <h2>Interacci\u00f3n<\/h2>\n\t                    <div class=\"row\">\n\t                        \t                            <div class=\"col-md-4\">\n\t                                <div class=\"form-group\">\n\t                                    <label for=\"youtube-me-gusta-no-me-gusta\">\n\t                                        Me gusta \/ No me gusta\t                                        <i class=\"fa fa-info-circle\" data-toggle=\"tooltip\" title=\"El n\u00famero de veces que los usuarios indicaron que les gust\u00f3 \/ no les gust\u00f3 un video al darle una calificaci\u00f3n positiva \/ negativa.\"><\/i>\n\t                                    <\/label>\n\t                                    <input type=\"number\" class=\"form-control\" name=\"smvc-youtube-me-gusta-no-me-gusta\" class=\"input-me-gusta-no-me-gusta\" data-platform=\"youtube\" value=\"\">\n\t                                <\/div>\n\t                            <\/div>\n\t                        \t                            <div class=\"col-md-4\">\n\t                                <div class=\"form-group\">\n\t                                    <label for=\"youtube-comentarios\">\n\t                                        Comentarios\t                                        <i class=\"fa fa-info-circle\" data-toggle=\"tooltip\" title=\"El n\u00famero de veces que un usuario coment\u00f3 en un video.\"><\/i>\n\t                                    <\/label>\n\t                                    <input type=\"number\" class=\"form-control\" name=\"smvc-youtube-comentarios\" class=\"input-comentarios\" data-platform=\"youtube\" value=\"\">\n\t                                <\/div>\n\t                            <\/div>\n\t                        \t                            <div class=\"col-md-4\">\n\t                                <div class=\"form-group\">\n\t                                    <label for=\"youtube-compartidos\">\n\t                                        Compartidos\t                                        <i class=\"fa fa-info-circle\" data-toggle=\"tooltip\" title=\"El n\u00famero de veces que los usuarios compartieron un video con el bot\u00f3n de compartir.\"><\/i>\n\t                                    <\/label>\n\t                                    <input type=\"number\" class=\"form-control\" name=\"smvc-youtube-compartidos\" class=\"input-compartidos\" data-platform=\"youtube\" value=\"\">\n\t                                <\/div>\n\t                            <\/div>\n\t                        \t                    <\/div>\n\t                <\/div>\n\t            \t                <div role=\"tabpanel\" class=\"tab-pane \" id=\"smvc-linkedin\">\n\t                    <h2>Alcance<\/h2>\n\t                    <div class=\"row\">\n\t                        <div class=\"col-md-4\">\n\t                            <div class=\"form-group\">\n\t                                <label for=\"linkedin-reach\">\n\t                                    Impresiones org\u00e1nicas\t                                    <i class=\"fa fa-info-circle\" data-toggle=\"tooltip\" title=\"El n\u00famero de veces que tus actualizaciones se muestran a los miembros de LinkedIn.\"><\/i>\n\t                                <\/label>\n\t                                <input type=\"number\" class=\"form-control\" name=\"smvc-linkedin-reach\" class=\"input-reach\" data-platform=\"linkedin\" value=\"\">\n\t                            <\/div>\n\t                        <\/div>\n\t                    <\/div>\n\n\t                    <h2>Interacci\u00f3n<\/h2>\n\t                    <div class=\"row\">\n\t                        \t                            <div class=\"col-md-4\">\n\t                                <div class=\"form-group\">\n\t                                    <label for=\"linkedin-me-gusta\">\n\t                                        Me gusta\t                                        <i class=\"fa fa-info-circle\" data-toggle=\"tooltip\" title=\"El n\u00famero de veces que las personas han dado &quot;me gusta&quot; a tus actualizaciones.\"><\/i>\n\t                                    <\/label>\n\t                                    <input type=\"number\" class=\"form-control\" name=\"smvc-linkedin-me-gusta\" class=\"input-me-gusta\" data-platform=\"linkedin\" value=\"\">\n\t                                <\/div>\n\t                            <\/div>\n\t                        \t                            <div class=\"col-md-4\">\n\t                                <div class=\"form-group\">\n\t                                    <label for=\"linkedin-comentarios\">\n\t                                        Comentarios\t                                        <i class=\"fa fa-info-circle\" data-toggle=\"tooltip\" title=\"El n\u00famero de veces que las personas han comentado en tus actualizaciones.\"><\/i>\n\t                                    <\/label>\n\t                                    <input type=\"number\" class=\"form-control\" name=\"smvc-linkedin-comentarios\" class=\"input-comentarios\" data-platform=\"linkedin\" value=\"\">\n\t                                <\/div>\n\t                            <\/div>\n\t                        \t                            <div class=\"col-md-4\">\n\t                                <div class=\"form-group\">\n\t                                    <label for=\"linkedin-compartidos\">\n\t                                        Compartidos\t                                        <i class=\"fa fa-info-circle\" data-toggle=\"tooltip\" title=\"El n\u00famero de veces que las personas han compartido tus actualizaciones.\"><\/i>\n\t                                    <\/label>\n\t                                    <input type=\"number\" class=\"form-control\" name=\"smvc-linkedin-compartidos\" class=\"input-compartidos\" data-platform=\"linkedin\" value=\"\">\n\t                                <\/div>\n\t                            <\/div>\n\t                        \t                    <\/div>\n\t                <\/div>\n\t            \t        <\/div>\n\n\t        <input type=\"hidden\" name=\"smvc-submitted\" value=\"1\" \/>\n\t        <button type=\"submit\" class=\"btn btn-lg btn-primary btn-block\">Calcular valor das m\u00eddias sociais<\/button>\n\n\t        \t    <\/form>\n\t<\/div>\n\n\n\t\n","protected":false},"excerpt":{"rendered":"<p>How much would you have to pay for ads to achieve the same outcome? The Social Media Calculator estimates the monetary value of your post.<\/p>\n","protected":false},"author":1,"featured_media":0,"parent":22326,"menu_order":0,"comment_status":"closed","ping_status":"closed","template":"","meta":{"_acf_changed":false,"amp_status":"","footnotes":""},"class_list":["post-25526","page","type-page","status-publish","hentry","nodate","item-wrap"],"acf":[],"yoast_head":"<!-- This site is optimized with the Yoast SEO plugin v27.4 - https:\/\/yoast.com\/product\/yoast-seo-wordpress\/ -->\n<title>Calculadora Social - Aux Mode<\/title>\n<meta name=\"robots\" content=\"index, follow, max-snippet:-1, max-image-preview:large, max-video-preview:-1\" \/>\n<link rel=\"canonical\" href=\"https:\/\/auxmode.com\/es\/herramientasgratuitas\/calculadora-social\/\" \/>\n<meta property=\"og:locale\" content=\"es_ES\" \/>\n<meta property=\"og:type\" content=\"article\" \/>\n<meta property=\"og:title\" content=\"Calculadora Social - Aux Mode\" \/>\n<meta property=\"og:description\" content=\"How much would you have to pay for ads to achieve the same outcome? The Social Media Calculator estimates the monetary value of your post.\" \/>\n<meta property=\"og:url\" content=\"https:\/\/auxmode.com\/es\/herramientasgratuitas\/calculadora-social\/\" \/>\n<meta property=\"og:site_name\" content=\"Aux Mode\" \/>\n<meta property=\"article:modified_time\" content=\"2024-03-11T22:25:23+00:00\" \/>\n<meta name=\"twitter:card\" content=\"summary_large_image\" \/>\n<meta name=\"twitter:label1\" content=\"Tiempo de lectura\" \/>\n\t<meta name=\"twitter:data1\" content=\"1 minuto\" \/>\n<script type=\"application\/ld+json\" class=\"yoast-schema-graph\">{\"@context\":\"https:\\\/\\\/schema.org\",\"@graph\":[{\"@type\":\"WebPage\",\"@id\":\"https:\\\/\\\/auxmode.com\\\/es\\\/herramientasgratuitas\\\/calculadora-social\\\/\",\"url\":\"https:\\\/\\\/auxmode.com\\\/es\\\/herramientasgratuitas\\\/calculadora-social\\\/\",\"name\":\"Calculadora Social - Aux Mode\",\"isPartOf\":{\"@id\":\"https:\\\/\\\/auxmode.com\\\/#website\"},\"datePublished\":\"2024-03-11T22:25:20+00:00\",\"dateModified\":\"2024-03-11T22:25:23+00:00\",\"breadcrumb\":{\"@id\":\"https:\\\/\\\/auxmode.com\\\/es\\\/herramientasgratuitas\\\/calculadora-social\\\/#breadcrumb\"},\"inLanguage\":\"es\",\"potentialAction\":[{\"@type\":\"ReadAction\",\"target\":[\"https:\\\/\\\/auxmode.com\\\/es\\\/herramientasgratuitas\\\/calculadora-social\\\/\"]}]},{\"@type\":\"BreadcrumbList\",\"@id\":\"https:\\\/\\\/auxmode.com\\\/es\\\/herramientasgratuitas\\\/calculadora-social\\\/#breadcrumb\",\"itemListElement\":[{\"@type\":\"ListItem\",\"position\":1,\"name\":\"Home\",\"item\":\"https:\\\/\\\/auxmode.com\\\/es\\\/\"},{\"@type\":\"ListItem\",\"position\":2,\"name\":\"Herramientas gratuitas\",\"item\":\"https:\\\/\\\/auxmode.com\\\/es\\\/herramientasgratuitas\\\/\"},{\"@type\":\"ListItem\",\"position\":3,\"name\":\"Calculadora Social\"}]},{\"@type\":\"WebSite\",\"@id\":\"https:\\\/\\\/auxmode.com\\\/#website\",\"url\":\"https:\\\/\\\/auxmode.com\\\/\",\"name\":\"Aux Mode\",\"description\":\"YouTube content monetization protection and Revenue Reporting Automation.\",\"inLanguage\":\"es\"}]}<\/script>\n<!-- \/ Yoast SEO plugin. -->","yoast_head_json":{"title":"Calculadora Social - Aux Mode","robots":{"index":"index","follow":"follow","max-snippet":"max-snippet:-1","max-image-preview":"max-image-preview:large","max-video-preview":"max-video-preview:-1"},"canonical":"https:\/\/auxmode.com\/es\/herramientasgratuitas\/calculadora-social\/","og_locale":"es_ES","og_type":"article","og_title":"Calculadora Social - Aux Mode","og_description":"How much would you have to pay for ads to achieve the same outcome? The Social Media Calculator estimates the monetary value of your post.","og_url":"https:\/\/auxmode.com\/es\/herramientasgratuitas\/calculadora-social\/","og_site_name":"Aux Mode","article_modified_time":"2024-03-11T22:25:23+00:00","twitter_card":"summary_large_image","twitter_misc":{"Tiempo de lectura":"1 minuto"},"schema":{"@context":"https:\/\/schema.org","@graph":[{"@type":"WebPage","@id":"https:\/\/auxmode.com\/es\/herramientasgratuitas\/calculadora-social\/","url":"https:\/\/auxmode.com\/es\/herramientasgratuitas\/calculadora-social\/","name":"Calculadora Social - Aux Mode","isPartOf":{"@id":"https:\/\/auxmode.com\/#website"},"datePublished":"2024-03-11T22:25:20+00:00","dateModified":"2024-03-11T22:25:23+00:00","breadcrumb":{"@id":"https:\/\/auxmode.com\/es\/herramientasgratuitas\/calculadora-social\/#breadcrumb"},"inLanguage":"es","potentialAction":[{"@type":"ReadAction","target":["https:\/\/auxmode.com\/es\/herramientasgratuitas\/calculadora-social\/"]}]},{"@type":"BreadcrumbList","@id":"https:\/\/auxmode.com\/es\/herramientasgratuitas\/calculadora-social\/#breadcrumb","itemListElement":[{"@type":"ListItem","position":1,"name":"Home","item":"https:\/\/auxmode.com\/es\/"},{"@type":"ListItem","position":2,"name":"Herramientas gratuitas","item":"https:\/\/auxmode.com\/es\/herramientasgratuitas\/"},{"@type":"ListItem","position":3,"name":"Calculadora Social"}]},{"@type":"WebSite","@id":"https:\/\/auxmode.com\/#website","url":"https:\/\/auxmode.com\/","name":"Aux Mode","description":"YouTube content monetization protection and Revenue Reporting Automation.","inLanguage":"es"}]}},"_links":{"self":[{"href":"https:\/\/auxmode.com\/es\/wp-json\/wp\/v2\/pages\/25526","targetHints":{"allow":["GET"]}}],"collection":[{"href":"https:\/\/auxmode.com\/es\/wp-json\/wp\/v2\/pages"}],"about":[{"href":"https:\/\/auxmode.com\/es\/wp-json\/wp\/v2\/types\/page"}],"author":[{"embeddable":true,"href":"https:\/\/auxmode.com\/es\/wp-json\/wp\/v2\/users\/1"}],"replies":[{"embeddable":true,"href":"https:\/\/auxmode.com\/es\/wp-json\/wp\/v2\/comments?post=25526"}],"version-history":[{"count":1,"href":"https:\/\/auxmode.com\/es\/wp-json\/wp\/v2\/pages\/25526\/revisions"}],"predecessor-version":[{"id":25531,"href":"https:\/\/auxmode.com\/es\/wp-json\/wp\/v2\/pages\/25526\/revisions\/25531"}],"up":[{"embeddable":true,"href":"https:\/\/auxmode.com\/es\/wp-json\/wp\/v2\/pages\/22326"}],"wp:attachment":[{"href":"https:\/\/auxmode.com\/es\/wp-json\/wp\/v2\/media?parent=25526"}],"curies":[{"name":"wp","href":"https:\/\/api.w.org\/{rel}","templated":true}]}}