{"id":25523,"date":"2024-03-11T22:25:09","date_gmt":"2024-03-11T22:25:09","guid":{"rendered":"https:\/\/auxmode.com\/?page_id=25523"},"modified":"2024-03-11T22:25:15","modified_gmt":"2024-03-11T22:25:15","slug":"ingresos-estimados","status":"publish","type":"page","link":"https:\/\/auxmode.com\/es\/herramientasgratuitas\/ingresos-estimados\/","title":{"rendered":"Ingresos Estimados"},"content":{"rendered":"<p>Cost per thousand (CPM) is a marketing term used to denote the price of 1,000 advertisement impressions on one webpage. If a website publisher charges $2.00CPM, that means an advertiser must pay $2.00 for every 1,000 impressions of its ad. The \u00abM\u00bb in CPM represents the Roman numeral for 1,000.<\/p>\n<p>YouTube Revenue Calculator provides a glimpse (estimate) into what a YouTube channel could make with YouTube by estimating a commonly accepted CPM range based off of the average amount of views you insert below. We take it one step further to provide users with various settings, allowing them to customize the experience. Please remember that these figures are YouTube Estimated Earnings, as there are many mitigating factors which decide what your overall CPM will be. To use our other YouTube revenue calculators click <a href=\"https:\/\/auxmode.com\/youtube-help\/\">YouTube Calculators<\/a>.<\/p>\n\t<div class=\"youtube-revenue-calculator youtube-calculator-wrapper\">\n\t\t\n\t\t<div class=\"col-md-6 user-details\">\n\t\t\t<!-- <h4>Step 2: User details<\/h4> -->\n\t\t\t<form class=\"youtube-calculator\" action=\"\" method=\"get\">\n\t\t\t\t<div class=\"form-group\">\n\t\t\t\t\t<label for=\"daily-views\">Visualizaciones diarias<\/label>\n\t\t\t\t\t<input type=\"number\" name=\"views\" id=\"daily-views\" width=\"10\" value=\"0\" \/>\n\t\t\t\t\t<div id=\"slider-daily-views\"><\/div>\n\t\t\t\t<\/div>\n\n\t\t\t\t<div class=\"form-group\">\n\t\t\t\t\t<label>CPM estimado<\/label>\n\t\t\t\t\t<p>$<span class=\"cpm-low-label\">0.45<\/span> USD - $<span class=\"cpm-high-label\">4.00<\/span> USD<\/p>\n\t\t\t\t\t<input type=\"hidden\" name=\"cpm-low\" id=\"cpm-low\" value=\"0.45\" \/>\n\t\t\t\t\t<input type=\"hidden\" name=\"cpm-high\" id=\"cpm-high\" value=\"4\" \/>\n\t\t\t\t\t<div id=\"slider-cpm\"><\/div>\n\t\t\t\t<\/div>\n\t\t\t<\/form>\n\t\t\t<p>Nota: La f\u00f3rmula aceptada que utiliza Auxiliary Mode Inc. para calcular el rango de CPM es de $0.45 USD a $25.00 USD.<\/p>\n\t\t\t<p>El rango fluct\u00faa tanto porque intervienen muchos factores al calcular un CPM. La calidad del tr\u00e1fico, el pa\u00eds de origen, el tipo de nicho del video, el precio de anuncios espec\u00edficos, el bloqueador de anuncios, la tasa de clics real, el tiempo de visualizaci\u00f3n, etc.<\/p>\n\t\t\t<p id=\"define-cpm\">El costo por mil (CPM) es un t\u00e9rmino de marketing que se utiliza para denotar el precio de 1.000 impresiones publicitarias en una p\u00e1gina web. Si un editor de un sitio web cobra $2.00 CPM, eso significa que un anunciante debe pagar $2.00 por cada 1.000 impresiones de su anuncio. La \"M\" en CPM representa el n\u00famero romano para 1.000.<\/p>\n\t\t<\/div>\n\n\t\t<div class=\"col-md-6 estimates\">\n\t\t\t<div class=\"daily\">\n\t\t\t\t<p class=\"earnings\"><span class=\"daily-low\">$0.00<\/span> - <span class=\"daily-high\">$0.00<\/span><\/p>\n\t\t\t\t<h5>Ganancias diarias estimadas<\/h5>\n\t\t\t<\/div>\n\n\t\t\t<div class=\"monthly\">\n\t\t\t\t<p class=\"earnings\"><span class=\"monthly-low\">$0.00<\/span> - <span class=\"monthly-high\">$0.00<\/span><\/p>\n\t\t\t\t<h5>Ganancias mensuales estimadas<\/h5>\n\t\t\t<\/div>\n\n\t\t\t<div class=\"yearly\">\n\t\t\t\t<p class=\"earnings\"><span class=\"yearly-low\">$0.00<\/span> - <span class=\"yearly-high\">$0.00<\/span><\/p>\n\t\t\t\t<h5>Proyecci\u00f3n anual estimada<\/h5>\n\t\t\t<\/div>\n\n\t\t\t<div class=\"col-md-6 col-md-push-3\">\n\t\t\t\t\t<div class=\"email-calculator-results\">\n\t\t<form class=\"email-results\" method=\"post\" action=\"\">\n\t\t\t<div class=\"form-group\">\n\t\t\t\t<label for=\"email-results-to\">Por favor introduce tu direcci\u00f3n de correo electr\u00f3nico para recibir este resultado en tu bandeja de entrada<\/label>\n\t\t\t\t<input type=\"email\" class=\"form-control\" name=\"email-results-to\" id=\"email-results-to\" required \/>\n\t\t\t<\/div>\n\n\t\t\t<input type=\"hidden\" name=\"email-results-type\" id=\"email-results-type\" value=\"estimated-revenue\" \/>\n\t\t\t<input type=\"hidden\" name=\"email-results-result\" id=\"email-results-result\" value=\"\" \/>\n\t\t\t<input type=\"hidden\" name=\"email-results-inputs\" id=\"email-results-inputs\" value=\"[]\" \/>\n\t\t\t<button type=\"submit\" class=\"btn btn-block btn-primary\">Obt\u00e9n tus resultados<\/button>\n\n\t\t\t\t\t<\/form>\n\t<\/div>\n\t\t\t\t<\/div>\n\t\t<\/div>\n\t<\/div>\n\t\n","protected":false},"excerpt":{"rendered":"<p>Cost per thousand (CPM) is a marketing term used to denote the price of 1,000 advertisement impressions on one webpage. If a website publisher charges $2.00CPM, that means an advertiser must pay $2.00 for every 1,000 impressions of its ad. The \u00abM\u00bb in CPM represents the Roman numeral for 1,000.<\/p>\n<p>YouTube Revenue Calculator provides a &hellip; <\/p>\n<p><a class=\"more-link btn\" href=\"https:\/\/auxmode.com\/es\/herramientasgratuitas\/ingresos-estimados\/\">Seguir leyendo<\/a><\/p>\n","protected":false},"author":1,"featured_media":0,"parent":22326,"menu_order":0,"comment_status":"closed","ping_status":"closed","template":"","meta":{"_acf_changed":false,"amp_status":"","footnotes":""},"class_list":["post-25523","page","type-page","status-publish","hentry","nodate","item-wrap"],"acf":[],"yoast_head":"<!-- This site is optimized with the Yoast SEO plugin v27.3 - https:\/\/yoast.com\/product\/yoast-seo-wordpress\/ -->\n<title>Ingresos Estimados - Aux Mode<\/title>\n<meta name=\"robots\" content=\"index, follow, max-snippet:-1, max-image-preview:large, max-video-preview:-1\" \/>\n<link rel=\"canonical\" href=\"https:\/\/auxmode.com\/es\/herramientasgratuitas\/ingresos-estimados\/\" \/>\n<meta property=\"og:locale\" content=\"es_ES\" \/>\n<meta property=\"og:type\" content=\"article\" \/>\n<meta property=\"og:title\" content=\"Ingresos Estimados - Aux Mode\" \/>\n<meta property=\"og:description\" content=\"Cost per thousand (CPM) is a marketing term used to denote the price of 1,000 advertisement impressions on one webpage. If a website publisher charges $2.00CPM, that means an advertiser must pay $2.00 for every 1,000 impressions of its ad. The \u00abM\u00bb in CPM represents the Roman numeral for 1,000. YouTube Revenue Calculator provides a &hellip; Seguir leyendo\" \/>\n<meta property=\"og:url\" content=\"https:\/\/auxmode.com\/es\/herramientasgratuitas\/ingresos-estimados\/\" \/>\n<meta property=\"og:site_name\" content=\"Aux Mode\" \/>\n<meta property=\"article:modified_time\" content=\"2024-03-11T22:25:15+00:00\" \/>\n<meta name=\"twitter:card\" content=\"summary_large_image\" \/>\n<meta name=\"twitter:label1\" content=\"Tiempo de lectura\" \/>\n\t<meta name=\"twitter:data1\" content=\"1 minuto\" \/>\n<script type=\"application\/ld+json\" class=\"yoast-schema-graph\">{\"@context\":\"https:\\\/\\\/schema.org\",\"@graph\":[{\"@type\":\"WebPage\",\"@id\":\"https:\\\/\\\/auxmode.com\\\/es\\\/herramientasgratuitas\\\/ingresos-estimados\\\/\",\"url\":\"https:\\\/\\\/auxmode.com\\\/es\\\/herramientasgratuitas\\\/ingresos-estimados\\\/\",\"name\":\"Ingresos Estimados - Aux Mode\",\"isPartOf\":{\"@id\":\"https:\\\/\\\/auxmode.com\\\/#website\"},\"datePublished\":\"2024-03-11T22:25:09+00:00\",\"dateModified\":\"2024-03-11T22:25:15+00:00\",\"breadcrumb\":{\"@id\":\"https:\\\/\\\/auxmode.com\\\/es\\\/herramientasgratuitas\\\/ingresos-estimados\\\/#breadcrumb\"},\"inLanguage\":\"es\",\"potentialAction\":[{\"@type\":\"ReadAction\",\"target\":[\"https:\\\/\\\/auxmode.com\\\/es\\\/herramientasgratuitas\\\/ingresos-estimados\\\/\"]}]},{\"@type\":\"BreadcrumbList\",\"@id\":\"https:\\\/\\\/auxmode.com\\\/es\\\/herramientasgratuitas\\\/ingresos-estimados\\\/#breadcrumb\",\"itemListElement\":[{\"@type\":\"ListItem\",\"position\":1,\"name\":\"Home\",\"item\":\"https:\\\/\\\/auxmode.com\\\/es\\\/\"},{\"@type\":\"ListItem\",\"position\":2,\"name\":\"Herramientas gratuitas\",\"item\":\"https:\\\/\\\/auxmode.com\\\/es\\\/herramientasgratuitas\\\/\"},{\"@type\":\"ListItem\",\"position\":3,\"name\":\"Ingresos Estimados\"}]},{\"@type\":\"WebSite\",\"@id\":\"https:\\\/\\\/auxmode.com\\\/#website\",\"url\":\"https:\\\/\\\/auxmode.com\\\/\",\"name\":\"Aux Mode\",\"description\":\"YouTube content monetization protection and Revenue Reporting Automation.\",\"inLanguage\":\"es\"}]}<\/script>\n<!-- \/ Yoast SEO plugin. -->","yoast_head_json":{"title":"Ingresos Estimados - Aux Mode","robots":{"index":"index","follow":"follow","max-snippet":"max-snippet:-1","max-image-preview":"max-image-preview:large","max-video-preview":"max-video-preview:-1"},"canonical":"https:\/\/auxmode.com\/es\/herramientasgratuitas\/ingresos-estimados\/","og_locale":"es_ES","og_type":"article","og_title":"Ingresos Estimados - Aux Mode","og_description":"Cost per thousand (CPM) is a marketing term used to denote the price of 1,000 advertisement impressions on one webpage. If a website publisher charges $2.00CPM, that means an advertiser must pay $2.00 for every 1,000 impressions of its ad. The \u00abM\u00bb in CPM represents the Roman numeral for 1,000. YouTube Revenue Calculator provides a &hellip; Seguir leyendo","og_url":"https:\/\/auxmode.com\/es\/herramientasgratuitas\/ingresos-estimados\/","og_site_name":"Aux Mode","article_modified_time":"2024-03-11T22:25:15+00:00","twitter_card":"summary_large_image","twitter_misc":{"Tiempo de lectura":"1 minuto"},"schema":{"@context":"https:\/\/schema.org","@graph":[{"@type":"WebPage","@id":"https:\/\/auxmode.com\/es\/herramientasgratuitas\/ingresos-estimados\/","url":"https:\/\/auxmode.com\/es\/herramientasgratuitas\/ingresos-estimados\/","name":"Ingresos Estimados - Aux Mode","isPartOf":{"@id":"https:\/\/auxmode.com\/#website"},"datePublished":"2024-03-11T22:25:09+00:00","dateModified":"2024-03-11T22:25:15+00:00","breadcrumb":{"@id":"https:\/\/auxmode.com\/es\/herramientasgratuitas\/ingresos-estimados\/#breadcrumb"},"inLanguage":"es","potentialAction":[{"@type":"ReadAction","target":["https:\/\/auxmode.com\/es\/herramientasgratuitas\/ingresos-estimados\/"]}]},{"@type":"BreadcrumbList","@id":"https:\/\/auxmode.com\/es\/herramientasgratuitas\/ingresos-estimados\/#breadcrumb","itemListElement":[{"@type":"ListItem","position":1,"name":"Home","item":"https:\/\/auxmode.com\/es\/"},{"@type":"ListItem","position":2,"name":"Herramientas gratuitas","item":"https:\/\/auxmode.com\/es\/herramientasgratuitas\/"},{"@type":"ListItem","position":3,"name":"Ingresos Estimados"}]},{"@type":"WebSite","@id":"https:\/\/auxmode.com\/#website","url":"https:\/\/auxmode.com\/","name":"Aux Mode","description":"YouTube content monetization protection and Revenue Reporting Automation.","inLanguage":"es"}]}},"_links":{"self":[{"href":"https:\/\/auxmode.com\/es\/wp-json\/wp\/v2\/pages\/25523","targetHints":{"allow":["GET"]}}],"collection":[{"href":"https:\/\/auxmode.com\/es\/wp-json\/wp\/v2\/pages"}],"about":[{"href":"https:\/\/auxmode.com\/es\/wp-json\/wp\/v2\/types\/page"}],"author":[{"embeddable":true,"href":"https:\/\/auxmode.com\/es\/wp-json\/wp\/v2\/users\/1"}],"replies":[{"embeddable":true,"href":"https:\/\/auxmode.com\/es\/wp-json\/wp\/v2\/comments?post=25523"}],"version-history":[{"count":1,"href":"https:\/\/auxmode.com\/es\/wp-json\/wp\/v2\/pages\/25523\/revisions"}],"predecessor-version":[{"id":25529,"href":"https:\/\/auxmode.com\/es\/wp-json\/wp\/v2\/pages\/25523\/revisions\/25529"}],"up":[{"embeddable":true,"href":"https:\/\/auxmode.com\/es\/wp-json\/wp\/v2\/pages\/22326"}],"wp:attachment":[{"href":"https:\/\/auxmode.com\/es\/wp-json\/wp\/v2\/media?parent=25523"}],"curies":[{"name":"wp","href":"https:\/\/api.w.org\/{rel}","templated":true}]}}