{"id":25515,"date":"2022-03-31T14:59:13","date_gmt":"2022-03-31T14:59:13","guid":{"rendered":"https:\/\/auxmode.com\/productos\/cms-audit\/"},"modified":"2024-05-04T15:03:22","modified_gmt":"2024-05-04T15:03:22","slug":"auditoria-cms","status":"publish","type":"page","link":"https:\/\/auxmode.com\/es\/productos\/auditoria-cms\/","title":{"rendered":"Auditoria CMS"},"content":{"rendered":"<div id=\"pl-gb25515-69e5f4779c370\"  class=\"panel-layout\" ><div class=\"container\"><div id=\"pg-gb25515-69e5f4779c370-0\"  class=\"panel-grid panel-has-style row\" ><div class=\"hero lighter siteorigin-panels-stretch panel-row-style panel-row-style-for-gb25515-69e5f4779c370-0\" data-stretch-type=\"full\" ><div id=\"pgc-gb25515-69e5f4779c370-0-0\"  class=\"panel-grid-cell 69e5f4779c370-11 flip col-md-12\" ><div class=\"hero-left panel-cell-style panel-cell-style-for-gb25515-69e5f4779c370-0-0\" ><div id=\"panel-gb25515-69e5f4779c370-0-0-0\" class=\"so-panel widget widget_sow-editor panel-first-child panel-last-child\" data-index=\"0\" ><div class=\"so-widget-sow-editor so-widget-sow-editor-base\">\n<div class=\"siteorigin-widget-tinymce textwidget\">\n\t<h2>Audita tu CMS de YouTube<\/h2>\n<p>Simplemente sube los informes seleccionados descargables de tu CMS de YouTube, y nuestro sistema generar\u00e1 un informe y puntos de acci\u00f3n para que los implementes.<\/p>\n<p><a class=\"btn btn-primary\" href=\"https:\/\/auxmode.com\/es\/precios\/\">Planes y precios<\/a><\/p>\n<\/div>\n<\/div><\/div><\/div><\/div><div id=\"pgc-gb25515-69e5f4779c370-0-1\"  class=\"panel-grid-cell 69e5f4779c370-11 flip col-md-12\" ><div class=\"hero-right panel-cell-style panel-cell-style-for-gb25515-69e5f4779c370-0-1\" ><div id=\"panel-gb25515-69e5f4779c370-0-1-0\" class=\"so-panel widget widget_media_image panel-first-child panel-last-child\" data-index=\"1\" ><div class=\"panel-widget-style panel-widget-style-for-gb25515-69e5f4779c370-0-1-0\" ><img decoding=\"async\" width=\"600\" height=\"251\" src=\"https:\/\/auxmode.com\/wp-content\/uploads\/2023\/01\/rights-management-1.png\" class=\"image wp-image-22273  attachment-full size-full\" alt=\"YouTube Digital rights management\" style=\"max-width: 100%; height: auto;\" srcset=\"https:\/\/auxmode.com\/wp-content\/uploads\/2023\/01\/rights-management-1.png 600w, https:\/\/auxmode.com\/wp-content\/uploads\/2023\/01\/rights-management-1-300x126.png 300w\" sizes=\"(max-width: 600px) 100vw, 600px\" \/><\/div><\/div><\/div><\/div><\/div><\/div><\/div><div class=\"container\"><div id=\"pg-gb25515-69e5f4779c370-1\"  class=\"panel-grid panel-has-style row\" ><div class=\"panel-usp condensed-grid-cell panel-row-style panel-row-style-for-gb25515-69e5f4779c370-1\" ><div id=\"pgc-gb25515-69e5f4779c370-1-0\"  class=\"panel-grid-cell 69e5f4779c370-12 flip col-md-12\" ><div id=\"panel-gb25515-69e5f4779c370-1-0-0\" class=\"so-panel widget widget_media_image panel-first-child panel-last-child\" data-index=\"2\" ><img decoding=\"async\" width=\"568\" height=\"359\" src=\"https:\/\/auxmode.com\/wp-content\/uploads\/2024\/04\/art-healthcheck-big-query.png\" class=\"image wp-image-25777  attachment-full size-full\" alt=\"YouTube big query\" style=\"max-width: 100%; height: auto;\" srcset=\"https:\/\/auxmode.com\/wp-content\/uploads\/2024\/04\/art-healthcheck-big-query.png 568w, https:\/\/auxmode.com\/wp-content\/uploads\/2024\/04\/art-healthcheck-big-query-300x190.png 300w\" sizes=\"(max-width: 568px) 100vw, 568px\" \/><\/div><\/div><div id=\"pgc-gb25515-69e5f4779c370-1-1\"  class=\"panel-grid-cell 69e5f4779c370-12 flip col-md-12\" ><div id=\"panel-gb25515-69e5f4779c370-1-1-0\" class=\"widget_text so-panel widget widget_custom_html panel-first-child panel-last-child\" data-index=\"3\" ><div class=\"textwidget custom-html-widget\"><h3>La auditor\u00eda de CMS de YouTube proporciona<\/h3>\n<ul class=\"usp-list\">\n\t<li class=\"usp-item\">\n\t\t<div class=\"icon\"><i class=\"fa fa-check\"><\/i><\/div>\n\t\t<div class=\"usp-content\">\n\t\t\t<h4>Monetizaci\u00f3n del canal<\/h4>\n\t\t\t<p>\n\t\t\t\tMaximizar el inventario de anuncios en los videos del canal.\n\t\t\t<\/p>\n\t\t<\/div>\n\t<\/li>\n\t\n\t<li class=\"usp-item\">\n\t\t<div class=\"icon\"><i class=\"fa fa-check\"><\/i><\/div>\n\t\t<div class=\"usp-content\">\n\t\t\t<h4>Reclamaciones de terceros<\/h4>\n\t\t\t<p>\n\t\t\t\tAnula las pol\u00edticas de los v\u00eddeos de tu canal.\n\t\t\t<\/p>\n\t\t<\/div>\n\t<\/li>\n\t\n\t<li class=\"usp-item\">\n\t\t<div class=\"icon\"><i class=\"fa fa-check\"><\/i><\/div>\n\t\t<div class=\"usp-content\">\n\t\t\t<h4>Pol\u00edticas<\/h4>\n\t\t\t<p>\n\t\t\t\tImportante aplicar pol\u00edticas a cada Activo.\n\t\t\t<\/p>\n\t\t<\/div>\n\t<\/li>\n\t\n\t<li class=\"usp-item\">\n\t\t<div class=\"icon\"><i class=\"fa fa-check\"><\/i><\/div>\n\t\t<div class=\"usp-content\">\n\t\t\t<h4>Estado de propiedad<\/h4>\n\t\t\t<p>\n\t\t\t\tEstado de propiedad\n\t\t\t<\/p>\n\t\t<\/div>\n\t<\/li>\n\t\n\t<li class=\"usp-item\">\n\t\t<div class=\"icon\"><i class=\"fa fa-check\"><\/i><\/div>\n\t\t<div class=\"usp-content\">\n\t\t\t<h4>Estado del archivo de referencia<\/h4>\n\t\t\t<p>\n\t\t\t\tImportante para gestionar UGC correctamente.\n\t\t\t<\/p>\n\t\t<\/div>\n\t<\/li>\n\t\n\t<li class=\"usp-item\">\n\t\t<div class=\"icon\"><i class=\"fa fa-check\"><\/i><\/div>\n\t\t<div class=\"usp-content\">\n\t\t\t<h4>Gesti\u00f3n de derechos<\/h4>\n\t\t\t<p>\n\t\t\t\tLos activos no se gestionan correctamente cuando los derechos expiran.\n\t\t\t<\/p>\n\t\t<\/div>\n\t<\/li>\n\t\n<\/ul>\n\n<p><a class=\"btn\" href=\"https:\/\/auxmode.com\/es\/contactanos\/\">Leer m\u00e1s<\/a><\/p><\/div><\/div><\/div><\/div><\/div><\/div><div class=\"container\"><div id=\"pg-gb25515-69e5f4779c370-2\"  class=\"panel-grid panel-has-style row\" ><div class=\"homepage-row colored condensed-grid-cell siteorigin-panels-stretch panel-row-style panel-row-style-for-gb25515-69e5f4779c370-2\" data-stretch-type=\"full\" ><div id=\"pgc-gb25515-69e5f4779c370-2-0\"  class=\"panel-grid-cell 69e5f4779c370-13 flip col-md-12\" ><div id=\"panel-gb25515-69e5f4779c370-2-0-0\" class=\"so-panel widget widget_sow-editor panel-first-child panel-last-child\" data-index=\"4\" ><div class=\"so-widget-sow-editor so-widget-sow-editor-base\">\n<div class=\"siteorigin-widget-tinymce textwidget\">\n\t<h3 style=\"text-align: center;\">Ventajas<\/h3>\n<\/div>\n<\/div><\/div><\/div><\/div><\/div><\/div><div class=\"container\"><div id=\"pg-gb25515-69e5f4779c370-3\"  class=\"panel-grid panel-has-style row\" ><div class=\"homepage-row colored condensed-grid-cell homepage-boxes style-2 siteorigin-panels-stretch panel-row-style panel-row-style-for-gb25515-69e5f4779c370-3\" data-stretch-type=\"full\" ><div id=\"pgc-gb25515-69e5f4779c370-3-0\"  class=\"panel-grid-cell 69e5f4779c370-14 flip col-md-12\" ><div class=\"box panel-cell-style panel-cell-style-for-gb25515-69e5f4779c370-3-0\" ><div id=\"panel-gb25515-69e5f4779c370-3-0-0\" class=\"widget_text so-panel widget widget_custom_html panel-first-child panel-last-child\" data-index=\"5\" ><div class=\"textwidget custom-html-widget\"><p class=\"box-icon\">\n\t<img decoding=\"async\" src=\"https:\/\/auxmode.com\/wp-content\/themes\/auxmode\/images\/icons\/speed.png\" alt=\"\" width=\"50\" height=\"50\" \/>\n<\/p>\n<div class=\"box-wrap\">\n\t<h4 class=\"box-title\">Auditor\u00eda<\/h4>\n\t<div class=\"box-desc\">\n\t\t<p>Realiza una auditor\u00eda en el CMS para analizar la eficiencia y efectividad de la gesti\u00f3n de activos existente, la optimizaci\u00f3n de ingresos y el cumplimiento de YouTube.<\/p>\n\t\t<p>Nuestro sistema generar\u00e1 un plan de acci\u00f3n priorizado para que lo implementes, o nuestro equipo de especialistas puede hacerlo por ti.<\/p>\n\t<\/div>\n<\/div><\/div><\/div><\/div><\/div><div id=\"pgc-gb25515-69e5f4779c370-3-1\"  class=\"panel-grid-cell 69e5f4779c370-14 flip col-md-12\" ><div class=\"box panel-cell-style panel-cell-style-for-gb25515-69e5f4779c370-3-1\" ><div id=\"panel-gb25515-69e5f4779c370-3-1-0\" class=\"widget_text so-panel widget widget_custom_html panel-first-child panel-last-child\" data-index=\"6\" ><div class=\"textwidget custom-html-widget\"><p class=\"box-icon\">\n\t<img decoding=\"async\" src=\"https:\/\/auxmode.com\/wp-content\/themes\/auxmode\/images\/icons\/payment_50x50.png\" alt=\"\" width=\"50\" height=\"50\" \/>\n<\/p>\n<div class=\"box-wrap\">\n\t<h4 class=\"box-title\">Automatizar<\/h4>\n\t<div class=\"box-desc\">\n\t\t<p>Gestionar, modificar, analizar, formatear y utilizar la configuraci\u00f3n de derechos de propiedad intelectual y las plantillas de Aux Mode para optimizar procesos y eficiencia en las cuentas del CMS y en la gesti\u00f3n de derechos y activos de YouTube en general.<br \/>&nbsp;<br \/>&nbsp;<\/p>\n\t<\/div>\n<\/div><\/div><\/div><\/div><\/div><div id=\"pgc-gb25515-69e5f4779c370-3-2\"  class=\"panel-grid-cell 69e5f4779c370-14 flip col-md-12\" ><div class=\"box panel-cell-style panel-cell-style-for-gb25515-69e5f4779c370-3-2\" ><div id=\"panel-gb25515-69e5f4779c370-3-2-0\" class=\"widget_text so-panel widget widget_custom_html panel-first-child panel-last-child\" data-index=\"7\" ><div class=\"textwidget custom-html-widget\"><p class=\"box-icon\">\n\t<img decoding=\"async\" src=\"https:\/\/auxmode.com\/wp-content\/themes\/auxmode\/images\/icons\/globe.png\" alt=\"\" width=\"50\" height=\"50\" \/>\n<\/p>\n<div class=\"box-wrap\">\n\t<h4 class=\"box-title\">Estrategia<\/h4>\n\t<div class=\"box-desc\">\n\t\t<p>Revisar los procesos existentes para gestionar actualizaciones y cambios de pol\u00edticas, reclamaciones de derechos de autor, superposiciones de referencias, referencias inv\u00e1lidas, reclamaciones potenciales, reclamaciones disputadas, conflictos de propiedad y transferencias de activos, y proporcionar retroalimentaci\u00f3n sobre mejoras.<\/p>\n\t<\/div>\n<\/div><\/div><\/div><\/div><\/div><\/div><\/div><\/div><div class=\"container\"><div id=\"pg-gb25515-69e5f4779c370-4\"  class=\"panel-grid panel-has-style row\" ><div class=\"homepage-row homepage-boxes style-3 condensed-grid-cell panel-row-style panel-row-style-for-gb25515-69e5f4779c370-4\" ><div id=\"pgc-gb25515-69e5f4779c370-4-0\"  class=\"panel-grid-cell 69e5f4779c370-15 flip col-md-12\" ><div class=\"panel-cell-style panel-cell-style-for-gb25515-69e5f4779c370-4-0\" ><div id=\"panel-gb25515-69e5f4779c370-4-0-0\" class=\"widget_text so-panel widget widget_custom_html panel-first-child panel-last-child\" data-index=\"8\" ><div class=\"textwidget custom-html-widget\"><div class=\"box-wrap\">\n\t<p class=\"box-icon\">\n\t\t<img decoding=\"async\" src=\"https:\/\/auxmode.com\/wp-content\/themes\/auxmode\/images\/icons\/money.png\" alt=\"\" width=\"50\" height=\"50\" \/>\n\t<\/p>\n\t<h4 class=\"box-title\">Aumentar los ingresos<\/h4>\n\t<div class=\"box-desc\">\n\t\t<p>Una vez completada la auditor\u00eda, procesar todas las actualizaciones de pol\u00edticas, reclamaciones de derechos de autor, superposiciones de referencias, referencias inv\u00e1lidas, reclamaciones potenciales, reclamaciones disputadas, conflictos de propiedad y transferencias de activos.<br \/>&nbsp;<\/p>\n\t<\/div>\n<\/div><\/div><\/div><\/div><\/div><div id=\"pgc-gb25515-69e5f4779c370-4-1\"  class=\"panel-grid-cell 69e5f4779c370-15 flip col-md-12\" ><div class=\"panel-cell-style panel-cell-style-for-gb25515-69e5f4779c370-4-1\" ><div id=\"panel-gb25515-69e5f4779c370-4-1-0\" class=\"widget_text so-panel widget widget_custom_html panel-first-child panel-last-child\" data-index=\"9\" ><div class=\"textwidget custom-html-widget\"><div class=\"box-wrap\">\n\t<p class=\"box-icon\">\n\t\t<img decoding=\"async\" src=\"https:\/\/auxmode.com\/wp-content\/themes\/auxmode\/images\/icons\/Analytics_50x50.png\" alt=\"\" width=\"50\" height=\"50\" \/>\n\t<\/p>\n\t<h4 class=\"box-title\">Anal\u00edtica<\/h4>\n\t<div class=\"box-desc\">\n\t\t<p>Proporcionar un informe sobre las reclamaciones procesadas, los conflictos resueltos, el tiempo de visualizaci\u00f3n y otras m\u00e9tricas relevantes dentro de los l\u00edmites de los derechos de propiedad intelectual y los acuerdos.<br \/>&nbsp;<\/p>\n\t<\/div>\n<\/div><\/div><\/div><\/div><\/div><div id=\"pgc-gb25515-69e5f4779c370-4-2\"  class=\"panel-grid-cell 69e5f4779c370-15 flip col-md-12\" ><div class=\"panel-cell-style panel-cell-style-for-gb25515-69e5f4779c370-4-2\" ><div id=\"panel-gb25515-69e5f4779c370-4-2-0\" class=\"widget_text so-panel widget widget_custom_html panel-first-child panel-last-child\" data-index=\"10\" ><div class=\"textwidget custom-html-widget\"><div class=\"box-wrap\">\n\t<p class=\"box-icon\">\n\t\t<img decoding=\"async\" src=\"https:\/\/auxmode.com\/wp-content\/themes\/auxmode\/images\/icons\/hammer.png\" alt=\"\" width=\"50\" height=\"50\" \/>\n\t<\/p>\n\t<h4 class=\"box-title\">Legal<\/h4>\n\t<div class=\"box-desc\">\n\t\t<p>Resolver los retrasos para garantizar que todo el contenido se est\u00e9 monetizando correctamente, que las ventanas de licencia est\u00e9n actualizadas, que las pol\u00edticas y el seguimiento se est\u00e9n implementando correctamente y que todo el geo-bloqueo sea correcto.<\/p>\n\t<\/div>\n<\/div><\/div><\/div><\/div><\/div><\/div><\/div><\/div><\/div>","protected":false},"excerpt":{"rendered":"<p>Audita tu CMS de YouTube <\/p>\n<p>Simplemente sube los informes seleccionados descargables de tu CMS de YouTube, y nuestro sistema generar\u00e1 un informe y puntos de acci\u00f3n para que los implementes.<\/p>\n<p>Planes y precios<\/p>\n<p> La auditor\u00eda de CMS de YouTube proporciona <\/p>\n<ul class=\"usp-list\">\n<li class=\"usp-item\"> Monetizaci\u00f3n del canal\n<p> Maximizar el inventario de anuncios en los &hellip; <\/p>\n<p><a class=\"more-link btn\" href=\"https:\/\/auxmode.com\/es\/productos\/auditoria-cms\/\">Seguir leyendo<\/a><\/p>\n<\/li>\n<\/ul>\n","protected":false},"author":1,"featured_media":0,"parent":22316,"menu_order":0,"comment_status":"closed","ping_status":"closed","template":"","meta":{"_acf_changed":false,"amp_status":"","footnotes":""},"class_list":["post-25515","page","type-page","status-publish","hentry","nodate","item-wrap"],"acf":[],"yoast_head":"<!-- This site is optimized with the Yoast SEO plugin v27.4 - https:\/\/yoast.com\/product\/yoast-seo-wordpress\/ -->\n<title>Auditoria CMS de YouTube<\/title>\n<meta name=\"description\" content=\"Aumenta tus ingresos en YouTube, gestiona las actualizaciones de pol\u00edticas y protege tu propiedad intelectual con una exhaustiva auditor\u00eda del CMS de YouTube.\" \/>\n<meta name=\"robots\" content=\"index, follow, max-snippet:-1, max-image-preview:large, max-video-preview:-1\" \/>\n<link rel=\"canonical\" href=\"https:\/\/auxmode.com\/es\/productos\/auditoria-cms\/\" \/>\n<meta property=\"og:locale\" content=\"es_ES\" \/>\n<meta property=\"og:type\" content=\"article\" \/>\n<meta property=\"og:title\" content=\"Auditoria CMS de YouTube\" \/>\n<meta property=\"og:description\" content=\"Aumenta tus ingresos en YouTube, gestiona las actualizaciones de pol\u00edticas y protege tu propiedad intelectual con una exhaustiva auditor\u00eda del CMS de YouTube.\" \/>\n<meta property=\"og:url\" content=\"https:\/\/auxmode.com\/es\/productos\/auditoria-cms\/\" \/>\n<meta property=\"og:site_name\" content=\"Aux Mode\" \/>\n<meta property=\"article:modified_time\" content=\"2024-05-04T15:03:22+00:00\" \/>\n<meta property=\"og:image\" content=\"https:\/\/auxmode.com\/wp-content\/uploads\/2023\/01\/rights-management-1.png\" \/>\n<meta name=\"twitter:card\" content=\"summary_large_image\" \/>\n<meta name=\"twitter:label1\" content=\"Tiempo de lectura\" \/>\n\t<meta name=\"twitter:data1\" content=\"4 minutos\" \/>\n<script type=\"application\/ld+json\" class=\"yoast-schema-graph\">{\"@context\":\"https:\\\/\\\/schema.org\",\"@graph\":[{\"@type\":\"WebPage\",\"@id\":\"https:\\\/\\\/auxmode.com\\\/es\\\/productos\\\/auditoria-cms\\\/\",\"url\":\"https:\\\/\\\/auxmode.com\\\/es\\\/productos\\\/auditoria-cms\\\/\",\"name\":\"Auditoria CMS de YouTube\",\"isPartOf\":{\"@id\":\"https:\\\/\\\/auxmode.com\\\/#website\"},\"primaryImageOfPage\":{\"@id\":\"https:\\\/\\\/auxmode.com\\\/es\\\/productos\\\/auditoria-cms\\\/#primaryimage\"},\"image\":{\"@id\":\"https:\\\/\\\/auxmode.com\\\/es\\\/productos\\\/auditoria-cms\\\/#primaryimage\"},\"thumbnailUrl\":\"https:\\\/\\\/auxmode.com\\\/wp-content\\\/uploads\\\/2023\\\/01\\\/rights-management-1.png\",\"datePublished\":\"2022-03-31T14:59:13+00:00\",\"dateModified\":\"2024-05-04T15:03:22+00:00\",\"description\":\"Aumenta tus ingresos en YouTube, gestiona las actualizaciones de pol\u00edticas y protege tu propiedad intelectual con una exhaustiva auditor\u00eda del CMS de YouTube.\",\"breadcrumb\":{\"@id\":\"https:\\\/\\\/auxmode.com\\\/es\\\/productos\\\/auditoria-cms\\\/#breadcrumb\"},\"inLanguage\":\"es\",\"potentialAction\":[{\"@type\":\"ReadAction\",\"target\":[\"https:\\\/\\\/auxmode.com\\\/es\\\/productos\\\/auditoria-cms\\\/\"]}]},{\"@type\":\"ImageObject\",\"inLanguage\":\"es\",\"@id\":\"https:\\\/\\\/auxmode.com\\\/es\\\/productos\\\/auditoria-cms\\\/#primaryimage\",\"url\":\"https:\\\/\\\/auxmode.com\\\/wp-content\\\/uploads\\\/2023\\\/01\\\/rights-management-1.png\",\"contentUrl\":\"https:\\\/\\\/auxmode.com\\\/wp-content\\\/uploads\\\/2023\\\/01\\\/rights-management-1.png\"},{\"@type\":\"BreadcrumbList\",\"@id\":\"https:\\\/\\\/auxmode.com\\\/es\\\/productos\\\/auditoria-cms\\\/#breadcrumb\",\"itemListElement\":[{\"@type\":\"ListItem\",\"position\":1,\"name\":\"Home\",\"item\":\"https:\\\/\\\/auxmode.com\\\/es\\\/\"},{\"@type\":\"ListItem\",\"position\":2,\"name\":\"Productos\",\"item\":\"https:\\\/\\\/auxmode.com\\\/es\\\/productos\\\/\"},{\"@type\":\"ListItem\",\"position\":3,\"name\":\"Auditoria CMS\"}]},{\"@type\":\"WebSite\",\"@id\":\"https:\\\/\\\/auxmode.com\\\/#website\",\"url\":\"https:\\\/\\\/auxmode.com\\\/\",\"name\":\"Aux Mode\",\"description\":\"YouTube content monetization protection and Revenue Reporting Automation.\",\"inLanguage\":\"es\"}]}<\/script>\n<!-- \/ Yoast SEO plugin. -->","yoast_head_json":{"title":"Auditoria CMS de YouTube","description":"Aumenta tus ingresos en YouTube, gestiona las actualizaciones de pol\u00edticas y protege tu propiedad intelectual con una exhaustiva auditor\u00eda del CMS de YouTube.","robots":{"index":"index","follow":"follow","max-snippet":"max-snippet:-1","max-image-preview":"max-image-preview:large","max-video-preview":"max-video-preview:-1"},"canonical":"https:\/\/auxmode.com\/es\/productos\/auditoria-cms\/","og_locale":"es_ES","og_type":"article","og_title":"Auditoria CMS de YouTube","og_description":"Aumenta tus ingresos en YouTube, gestiona las actualizaciones de pol\u00edticas y protege tu propiedad intelectual con una exhaustiva auditor\u00eda del CMS de YouTube.","og_url":"https:\/\/auxmode.com\/es\/productos\/auditoria-cms\/","og_site_name":"Aux Mode","article_modified_time":"2024-05-04T15:03:22+00:00","og_image":[{"url":"https:\/\/auxmode.com\/wp-content\/uploads\/2023\/01\/rights-management-1.png","type":"","width":"","height":""}],"twitter_card":"summary_large_image","twitter_misc":{"Tiempo de lectura":"4 minutos"},"schema":{"@context":"https:\/\/schema.org","@graph":[{"@type":"WebPage","@id":"https:\/\/auxmode.com\/es\/productos\/auditoria-cms\/","url":"https:\/\/auxmode.com\/es\/productos\/auditoria-cms\/","name":"Auditoria CMS de YouTube","isPartOf":{"@id":"https:\/\/auxmode.com\/#website"},"primaryImageOfPage":{"@id":"https:\/\/auxmode.com\/es\/productos\/auditoria-cms\/#primaryimage"},"image":{"@id":"https:\/\/auxmode.com\/es\/productos\/auditoria-cms\/#primaryimage"},"thumbnailUrl":"https:\/\/auxmode.com\/wp-content\/uploads\/2023\/01\/rights-management-1.png","datePublished":"2022-03-31T14:59:13+00:00","dateModified":"2024-05-04T15:03:22+00:00","description":"Aumenta tus ingresos en YouTube, gestiona las actualizaciones de pol\u00edticas y protege tu propiedad intelectual con una exhaustiva auditor\u00eda del CMS de YouTube.","breadcrumb":{"@id":"https:\/\/auxmode.com\/es\/productos\/auditoria-cms\/#breadcrumb"},"inLanguage":"es","potentialAction":[{"@type":"ReadAction","target":["https:\/\/auxmode.com\/es\/productos\/auditoria-cms\/"]}]},{"@type":"ImageObject","inLanguage":"es","@id":"https:\/\/auxmode.com\/es\/productos\/auditoria-cms\/#primaryimage","url":"https:\/\/auxmode.com\/wp-content\/uploads\/2023\/01\/rights-management-1.png","contentUrl":"https:\/\/auxmode.com\/wp-content\/uploads\/2023\/01\/rights-management-1.png"},{"@type":"BreadcrumbList","@id":"https:\/\/auxmode.com\/es\/productos\/auditoria-cms\/#breadcrumb","itemListElement":[{"@type":"ListItem","position":1,"name":"Home","item":"https:\/\/auxmode.com\/es\/"},{"@type":"ListItem","position":2,"name":"Productos","item":"https:\/\/auxmode.com\/es\/productos\/"},{"@type":"ListItem","position":3,"name":"Auditoria CMS"}]},{"@type":"WebSite","@id":"https:\/\/auxmode.com\/#website","url":"https:\/\/auxmode.com\/","name":"Aux Mode","description":"YouTube content monetization protection and Revenue Reporting Automation.","inLanguage":"es"}]}},"_links":{"self":[{"href":"https:\/\/auxmode.com\/es\/wp-json\/wp\/v2\/pages\/25515","targetHints":{"allow":["GET"]}}],"collection":[{"href":"https:\/\/auxmode.com\/es\/wp-json\/wp\/v2\/pages"}],"about":[{"href":"https:\/\/auxmode.com\/es\/wp-json\/wp\/v2\/types\/page"}],"author":[{"embeddable":true,"href":"https:\/\/auxmode.com\/es\/wp-json\/wp\/v2\/users\/1"}],"replies":[{"embeddable":true,"href":"https:\/\/auxmode.com\/es\/wp-json\/wp\/v2\/comments?post=25515"}],"version-history":[{"count":5,"href":"https:\/\/auxmode.com\/es\/wp-json\/wp\/v2\/pages\/25515\/revisions"}],"predecessor-version":[{"id":25819,"href":"https:\/\/auxmode.com\/es\/wp-json\/wp\/v2\/pages\/25515\/revisions\/25819"}],"up":[{"embeddable":true,"href":"https:\/\/auxmode.com\/es\/wp-json\/wp\/v2\/pages\/22316"}],"wp:attachment":[{"href":"https:\/\/auxmode.com\/es\/wp-json\/wp\/v2\/media?parent=25515"}],"curies":[{"name":"wp","href":"https:\/\/api.w.org\/{rel}","templated":true}]}}