{"id":25505,"date":"2022-04-05T07:04:51","date_gmt":"2022-04-05T07:04:51","guid":{"rendered":"https:\/\/auxmode.com\/?page_id=25505"},"modified":"2024-05-04T15:01:15","modified_gmt":"2024-05-04T15:01:15","slug":"proteccioncontenido","status":"publish","type":"page","link":"https:\/\/auxmode.com\/es\/productos\/proteccioncontenido\/","title":{"rendered":"Protecci\u00f3n de contenido"},"content":{"rendered":"<div id=\"pl-gb25505-69e5d77eb0460\"  class=\"panel-layout\" ><div class=\"container\"><div id=\"pg-gb25505-69e5d77eb0460-0\"  class=\"panel-grid panel-has-style row\" ><div class=\"hero lighter siteorigin-panels-stretch panel-row-style panel-row-style-for-gb25505-69e5d77eb0460-0\" data-stretch-type=\"full\" ><div id=\"pgc-gb25505-69e5d77eb0460-0-0\"  class=\"panel-grid-cell 69e5d77eb0460-6 flip col-md-12\" ><div class=\"hero-left panel-cell-style panel-cell-style-for-gb25505-69e5d77eb0460-0-0\" ><div id=\"panel-gb25505-69e5d77eb0460-0-0-0\" class=\"so-panel widget widget_sow-editor panel-first-child panel-last-child\" data-index=\"0\" ><div class=\"so-widget-sow-editor so-widget-sow-editor-base\">\n<div class=\"siteorigin-widget-tinymce textwidget\">\n\t<h1>Protecci\u00f3n de Contenido mediante Gesti\u00f3n de Derechos Digitales<\/h1>\n<p>Sistema automatizado de protecci\u00f3n de contenido que permite a los propietarios de derechos de autor identificar v\u00eddeos que incluyen contenido que poseen.<\/p>\n<p><a class=\"btn btn-primary\" href=\"https:\/\/auxmode.com\/es\/precios\/\">Planes y precios<\/a><\/p>\n<\/div>\n<\/div><\/div><\/div><\/div><div id=\"pgc-gb25505-69e5d77eb0460-0-1\"  class=\"panel-grid-cell 69e5d77eb0460-6 flip col-md-12\" ><div class=\"hero-right panel-cell-style panel-cell-style-for-gb25505-69e5d77eb0460-0-1\" ><div id=\"panel-gb25505-69e5d77eb0460-0-1-0\" class=\"so-panel widget widget_media_image panel-first-child panel-last-child\" data-index=\"1\" ><div class=\"panel-widget-style panel-widget-style-for-gb25505-69e5d77eb0460-0-1-0\" ><img decoding=\"async\" width=\"657\" height=\"310\" src=\"https:\/\/auxmode.com\/wp-content\/uploads\/2022\/06\/art-content-protection.png\" class=\"image wp-image-18250  attachment-full size-full\" alt=\"Content Protection\" style=\"max-width: 100%; height: auto;\" srcset=\"https:\/\/auxmode.com\/wp-content\/uploads\/2022\/06\/art-content-protection.png 657w, https:\/\/auxmode.com\/wp-content\/uploads\/2022\/06\/art-content-protection-300x142.png 300w\" sizes=\"(max-width: 657px) 100vw, 657px\" \/><\/div><\/div><\/div><\/div><\/div><\/div><\/div><div class=\"container\"><div id=\"pg-gb25505-69e5d77eb0460-1\"  class=\"panel-grid panel-has-style row\" ><div class=\"panel-usp panel-row-style panel-row-style-for-gb25505-69e5d77eb0460-1\" ><div id=\"pgc-gb25505-69e5d77eb0460-1-0\"  class=\"panel-grid-cell 69e5d77eb0460-7 flip col-md-12\" ><div id=\"panel-gb25505-69e5d77eb0460-1-0-0\" class=\"so-panel widget widget_media_image panel-first-child panel-last-child\" data-index=\"2\" ><img decoding=\"async\" width=\"400\" height=\"282\" src=\"https:\/\/auxmode.com\/wp-content\/uploads\/2022\/06\/art-youtube-social-icon-red.png\" class=\"image wp-image-18255 aligncenter attachment-400x282 size-400x282\" alt=\"YouTube\" style=\"max-width: 100%; height: auto;\" srcset=\"https:\/\/auxmode.com\/wp-content\/uploads\/2022\/06\/art-youtube-social-icon-red.png 555w, https:\/\/auxmode.com\/wp-content\/uploads\/2022\/06\/art-youtube-social-icon-red-300x211.png 300w\" sizes=\"(max-width: 400px) 100vw, 400px\" \/><\/div><\/div><div id=\"pgc-gb25505-69e5d77eb0460-1-1\"  class=\"panel-grid-cell 69e5d77eb0460-7 flip col-md-12\" ><div id=\"panel-gb25505-69e5d77eb0460-1-1-0\" class=\"widget_text so-panel widget widget_custom_html panel-first-child panel-last-child\" data-index=\"3\" ><div class=\"textwidget custom-html-widget\"><h3>Protecci\u00f3n de contenido proporciona<\/h3>\n<ul class=\"usp-list\">\n\t<li class=\"usp-item\">\n\t\t<div class=\"icon\"><i class=\"fa fa-check\"><\/i><\/div>\n\t\t<div class=\"usp-content\">\n\t\t\t<h4>Protecci\u00f3n del mal uso de tu IP.<\/h4>\n\t\t<\/div>\n\t<\/li>\n\t\n\t<li class=\"usp-item\">\n\t\t<div class=\"icon\"><i class=\"fa fa-check\"><\/i><\/div>\n\t\t<div class=\"usp-content\">\n\t\t\t<h4>Estrategias de pol\u00edticas de uso y coincidencia.<\/h4>\n\t\t<\/div>\n\t<\/li>\n\t\n\t<li class=\"usp-item\">\n\t\t<div class=\"icon\"><i class=\"fa fa-check\"><\/i><\/div>\n\t\t<div class=\"usp-content\">\n\t\t\t<h4>Monetizaci\u00f3n o bloqueo de contenidos.<\/h4>\n\t\t<\/div>\n\t<\/li>\n\t\n\t<li class=\"usp-item\">\n\t\t<div class=\"icon\"><i class=\"fa fa-check\"><\/i><\/div>\n\t\t<div class=\"usp-content\">\n\t\t\t<h4>Posibles reclamaciones y gesti\u00f3n de infracciones.<\/h4>\n\t\t<\/div>\n\t<\/li>\n\t\n\t<li class=\"usp-item\">\n\t\t<div class=\"icon\"><i class=\"fa fa-check\"><\/i><\/div>\n\t\t<div class=\"usp-content\">\n\t\t\t<h4>Gesti\u00f3n de activos de v\u00eddeo y resoluci\u00f3n de conflictos.<\/h4>\n\t\t<\/div>\n\t<\/li>\n\t\n\t<li class=\"usp-item\">\n\t\t<div class=\"icon\"><i class=\"fa fa-check\"><\/i><\/div>\n\t\t<div class=\"usp-content\">\n\t\t\t<h4>Monetizaci\u00f3n o bloqueo de contenidos por regi\u00f3n o a nivel mundial.<\/h4>\n\t\t<\/div>\n\t<\/li>\n\t\n<\/ul>\n\n<p><a class=\"btn\" href=\"http:\/\/auxmode.com\/es\/contactanos\/\">Leer m\u00e1s<\/a><\/p><\/div><\/div><\/div><\/div><\/div><\/div><div class=\"container\"><div id=\"pg-gb25505-69e5d77eb0460-2\"  class=\"panel-grid panel-has-style row\" ><div class=\"homepage-row colored siteorigin-panels-stretch panel-row-style panel-row-style-for-gb25505-69e5d77eb0460-2\" data-stretch-type=\"full\" ><div id=\"pgc-gb25505-69e5d77eb0460-2-0\"  class=\"panel-grid-cell 69e5d77eb0460-8 flip col-md-12\" ><div id=\"panel-gb25505-69e5d77eb0460-2-0-0\" class=\"so-panel widget widget_sow-editor panel-first-child panel-last-child\" data-index=\"4\" ><div class=\"so-widget-sow-editor so-widget-sow-editor-base\">\n<div class=\"siteorigin-widget-tinymce textwidget\">\n\t<h3>Protecci\u00f3n de contenido!<\/h3>\n<p>Nuestro equipo gestiona YouTube Content ID para garantizar que todo uso indebido sea reclamado, y para identificar y gestionar disputas por derechos de autor y report\u00e1rtelas.<\/p>\n<p>Cada pista de v\u00eddeo y audio tiene una huella digital. Los v\u00eddeos subidos a YouTube se comparan con archivos de audio y v\u00eddeo existentes, y cuando se encuentra una coincidencia, podemos eliminar ese contenido.<\/p>\n<p>O, si fueras el propietario de la canci\u00f3n \u00abCumplea\u00f1os Feliz\u00bb, podr\u00edamos monetizar todo el uso indebido de terceros. \u00bfNo ser\u00eda genial? \u00a1Podr\u00edas jubilarte hoy mismo!<\/p>\n<p><a class=\"btn btn-primary\" href=\"https:\/\/auxmode.com\/es\/contactanos\/\">Leer m\u00e1s<\/a><\/p>\n<\/div>\n<\/div><\/div><\/div><div id=\"pgc-gb25505-69e5d77eb0460-2-1\"  class=\"panel-grid-cell 69e5d77eb0460-8 flip col-md-12\" ><div id=\"panel-gb25505-69e5d77eb0460-2-1-0\" class=\"so-panel widget widget_media_image panel-first-child panel-last-child\" data-index=\"5\" ><img decoding=\"async\" width=\"555\" height=\"313\" src=\"https:\/\/auxmode.com\/wp-content\/uploads\/2022\/06\/4_storyboard_2_transparent.png\" class=\"image wp-image-18252 aligncenter attachment-full size-full\" alt=\"Aux Mode YouTube theft Protection\" style=\"max-width: 100%; height: auto;\" srcset=\"https:\/\/auxmode.com\/wp-content\/uploads\/2022\/06\/4_storyboard_2_transparent.png 555w, https:\/\/auxmode.com\/wp-content\/uploads\/2022\/06\/4_storyboard_2_transparent-300x169.png 300w\" sizes=\"(max-width: 555px) 100vw, 555px\" \/><\/div><\/div><\/div><\/div><\/div><\/div>","protected":false},"excerpt":{"rendered":"<p>Protecci\u00f3n de Contenido mediante Gesti\u00f3n de Derechos Digitales <\/p>\n<p>Sistema automatizado de protecci\u00f3n de contenido que permite a los propietarios de derechos de autor identificar v\u00eddeos que incluyen contenido que poseen.<\/p>\n<p>Planes y precios<\/p>\n<p> Protecci\u00f3n de contenido proporciona <\/p>\n<ul class=\"usp-list\">\n<li class=\"usp-item\"> Protecci\u00f3n del mal uso de tu IP. <\/li>\n<li class=\"usp-item\"> Estrategias de pol\u00edticas de &hellip;\n<p><a class=\"more-link btn\" href=\"https:\/\/auxmode.com\/es\/productos\/proteccioncontenido\/\">Seguir leyendo<\/a><\/p>\n<\/li>\n<\/ul>\n","protected":false},"author":1,"featured_media":0,"parent":22316,"menu_order":0,"comment_status":"closed","ping_status":"closed","template":"","meta":{"_acf_changed":false,"amp_status":"","footnotes":""},"class_list":["post-25505","page","type-page","status-publish","hentry","nodate","item-wrap"],"acf":[],"yoast_head":"<!-- This site is optimized with the Yoast SEO plugin v27.4 - https:\/\/yoast.com\/product\/yoast-seo-wordpress\/ -->\n<title>Protecci\u00f3n de contenido de YouTube<\/title>\n<meta name=\"description\" content=\"Administra tu Youtube Content ID y maximiza tus ingresos en YouTube.\" \/>\n<meta name=\"robots\" content=\"index, follow, max-snippet:-1, max-image-preview:large, max-video-preview:-1\" \/>\n<link rel=\"canonical\" href=\"https:\/\/auxmode.com\/es\/productos\/proteccioncontenido\/\" \/>\n<meta property=\"og:locale\" content=\"es_ES\" \/>\n<meta property=\"og:type\" content=\"article\" \/>\n<meta property=\"og:title\" content=\"Protecci\u00f3n de contenido de YouTube\" \/>\n<meta property=\"og:description\" content=\"Administra tu Youtube Content ID y maximiza tus ingresos en YouTube.\" \/>\n<meta property=\"og:url\" content=\"https:\/\/auxmode.com\/es\/productos\/proteccioncontenido\/\" \/>\n<meta property=\"og:site_name\" content=\"Aux Mode\" \/>\n<meta property=\"article:modified_time\" content=\"2024-05-04T15:01:15+00:00\" \/>\n<meta property=\"og:image\" content=\"https:\/\/auxmode.com\/wp-content\/uploads\/2022\/06\/art-content-protection.png\" \/>\n<meta name=\"twitter:card\" content=\"summary_large_image\" \/>\n<meta name=\"twitter:label1\" content=\"Tiempo de lectura\" \/>\n\t<meta name=\"twitter:data1\" content=\"2 minutos\" \/>\n<script type=\"application\/ld+json\" class=\"yoast-schema-graph\">{\"@context\":\"https:\\\/\\\/schema.org\",\"@graph\":[{\"@type\":\"WebPage\",\"@id\":\"https:\\\/\\\/auxmode.com\\\/es\\\/productos\\\/proteccioncontenido\\\/\",\"url\":\"https:\\\/\\\/auxmode.com\\\/es\\\/productos\\\/proteccioncontenido\\\/\",\"name\":\"Protecci\u00f3n de contenido de YouTube\",\"isPartOf\":{\"@id\":\"https:\\\/\\\/auxmode.com\\\/#website\"},\"primaryImageOfPage\":{\"@id\":\"https:\\\/\\\/auxmode.com\\\/es\\\/productos\\\/proteccioncontenido\\\/#primaryimage\"},\"image\":{\"@id\":\"https:\\\/\\\/auxmode.com\\\/es\\\/productos\\\/proteccioncontenido\\\/#primaryimage\"},\"thumbnailUrl\":\"https:\\\/\\\/auxmode.com\\\/wp-content\\\/uploads\\\/2022\\\/06\\\/art-content-protection.png\",\"datePublished\":\"2022-04-05T07:04:51+00:00\",\"dateModified\":\"2024-05-04T15:01:15+00:00\",\"description\":\"Administra tu Youtube Content ID y maximiza tus ingresos en YouTube.\",\"breadcrumb\":{\"@id\":\"https:\\\/\\\/auxmode.com\\\/es\\\/productos\\\/proteccioncontenido\\\/#breadcrumb\"},\"inLanguage\":\"es\",\"potentialAction\":[{\"@type\":\"ReadAction\",\"target\":[\"https:\\\/\\\/auxmode.com\\\/es\\\/productos\\\/proteccioncontenido\\\/\"]}]},{\"@type\":\"ImageObject\",\"inLanguage\":\"es\",\"@id\":\"https:\\\/\\\/auxmode.com\\\/es\\\/productos\\\/proteccioncontenido\\\/#primaryimage\",\"url\":\"https:\\\/\\\/auxmode.com\\\/wp-content\\\/uploads\\\/2022\\\/06\\\/art-content-protection.png\",\"contentUrl\":\"https:\\\/\\\/auxmode.com\\\/wp-content\\\/uploads\\\/2022\\\/06\\\/art-content-protection.png\"},{\"@type\":\"BreadcrumbList\",\"@id\":\"https:\\\/\\\/auxmode.com\\\/es\\\/productos\\\/proteccioncontenido\\\/#breadcrumb\",\"itemListElement\":[{\"@type\":\"ListItem\",\"position\":1,\"name\":\"Home\",\"item\":\"https:\\\/\\\/auxmode.com\\\/es\\\/\"},{\"@type\":\"ListItem\",\"position\":2,\"name\":\"Productos\",\"item\":\"https:\\\/\\\/auxmode.com\\\/es\\\/productos\\\/\"},{\"@type\":\"ListItem\",\"position\":3,\"name\":\"Protecci\u00f3n de contenido\"}]},{\"@type\":\"WebSite\",\"@id\":\"https:\\\/\\\/auxmode.com\\\/#website\",\"url\":\"https:\\\/\\\/auxmode.com\\\/\",\"name\":\"Aux Mode\",\"description\":\"YouTube content monetization protection and Revenue Reporting Automation.\",\"inLanguage\":\"es\"}]}<\/script>\n<!-- \/ Yoast SEO plugin. -->","yoast_head_json":{"title":"Protecci\u00f3n de contenido de YouTube","description":"Administra tu Youtube Content ID y maximiza tus ingresos en YouTube.","robots":{"index":"index","follow":"follow","max-snippet":"max-snippet:-1","max-image-preview":"max-image-preview:large","max-video-preview":"max-video-preview:-1"},"canonical":"https:\/\/auxmode.com\/es\/productos\/proteccioncontenido\/","og_locale":"es_ES","og_type":"article","og_title":"Protecci\u00f3n de contenido de YouTube","og_description":"Administra tu Youtube Content ID y maximiza tus ingresos en YouTube.","og_url":"https:\/\/auxmode.com\/es\/productos\/proteccioncontenido\/","og_site_name":"Aux Mode","article_modified_time":"2024-05-04T15:01:15+00:00","og_image":[{"url":"https:\/\/auxmode.com\/wp-content\/uploads\/2022\/06\/art-content-protection.png","type":"","width":"","height":""}],"twitter_card":"summary_large_image","twitter_misc":{"Tiempo de lectura":"2 minutos"},"schema":{"@context":"https:\/\/schema.org","@graph":[{"@type":"WebPage","@id":"https:\/\/auxmode.com\/es\/productos\/proteccioncontenido\/","url":"https:\/\/auxmode.com\/es\/productos\/proteccioncontenido\/","name":"Protecci\u00f3n de contenido de YouTube","isPartOf":{"@id":"https:\/\/auxmode.com\/#website"},"primaryImageOfPage":{"@id":"https:\/\/auxmode.com\/es\/productos\/proteccioncontenido\/#primaryimage"},"image":{"@id":"https:\/\/auxmode.com\/es\/productos\/proteccioncontenido\/#primaryimage"},"thumbnailUrl":"https:\/\/auxmode.com\/wp-content\/uploads\/2022\/06\/art-content-protection.png","datePublished":"2022-04-05T07:04:51+00:00","dateModified":"2024-05-04T15:01:15+00:00","description":"Administra tu Youtube Content ID y maximiza tus ingresos en YouTube.","breadcrumb":{"@id":"https:\/\/auxmode.com\/es\/productos\/proteccioncontenido\/#breadcrumb"},"inLanguage":"es","potentialAction":[{"@type":"ReadAction","target":["https:\/\/auxmode.com\/es\/productos\/proteccioncontenido\/"]}]},{"@type":"ImageObject","inLanguage":"es","@id":"https:\/\/auxmode.com\/es\/productos\/proteccioncontenido\/#primaryimage","url":"https:\/\/auxmode.com\/wp-content\/uploads\/2022\/06\/art-content-protection.png","contentUrl":"https:\/\/auxmode.com\/wp-content\/uploads\/2022\/06\/art-content-protection.png"},{"@type":"BreadcrumbList","@id":"https:\/\/auxmode.com\/es\/productos\/proteccioncontenido\/#breadcrumb","itemListElement":[{"@type":"ListItem","position":1,"name":"Home","item":"https:\/\/auxmode.com\/es\/"},{"@type":"ListItem","position":2,"name":"Productos","item":"https:\/\/auxmode.com\/es\/productos\/"},{"@type":"ListItem","position":3,"name":"Protecci\u00f3n de contenido"}]},{"@type":"WebSite","@id":"https:\/\/auxmode.com\/#website","url":"https:\/\/auxmode.com\/","name":"Aux Mode","description":"YouTube content monetization protection and Revenue Reporting Automation.","inLanguage":"es"}]}},"_links":{"self":[{"href":"https:\/\/auxmode.com\/es\/wp-json\/wp\/v2\/pages\/25505","targetHints":{"allow":["GET"]}}],"collection":[{"href":"https:\/\/auxmode.com\/es\/wp-json\/wp\/v2\/pages"}],"about":[{"href":"https:\/\/auxmode.com\/es\/wp-json\/wp\/v2\/types\/page"}],"author":[{"embeddable":true,"href":"https:\/\/auxmode.com\/es\/wp-json\/wp\/v2\/users\/1"}],"replies":[{"embeddable":true,"href":"https:\/\/auxmode.com\/es\/wp-json\/wp\/v2\/comments?post=25505"}],"version-history":[{"count":7,"href":"https:\/\/auxmode.com\/es\/wp-json\/wp\/v2\/pages\/25505\/revisions"}],"predecessor-version":[{"id":25728,"href":"https:\/\/auxmode.com\/es\/wp-json\/wp\/v2\/pages\/25505\/revisions\/25728"}],"up":[{"embeddable":true,"href":"https:\/\/auxmode.com\/es\/wp-json\/wp\/v2\/pages\/22316"}],"wp:attachment":[{"href":"https:\/\/auxmode.com\/es\/wp-json\/wp\/v2\/media?parent=25505"}],"curies":[{"name":"wp","href":"https:\/\/api.w.org\/{rel}","templated":true}]}}