{"id":25504,"date":"2022-05-22T00:54:07","date_gmt":"2022-05-22T00:54:07","guid":{"rendered":"https:\/\/auxmode.com\/?page_id=25504"},"modified":"2024-05-04T14:59:38","modified_gmt":"2024-05-04T14:59:38","slug":"ingresos-por-contenido","status":"publish","type":"page","link":"https:\/\/auxmode.com\/es\/productos\/ingresos-por-contenido\/","title":{"rendered":"Ingresos por contenido"},"content":{"rendered":"<div id=\"pl-gb25504-69d35672e8fe1\"  class=\"panel-layout\" ><div class=\"container\"><div id=\"pg-gb25504-69d35672e8fe1-0\"  class=\"panel-grid panel-has-style row\" ><div class=\"hero lighter siteorigin-panels-stretch panel-row-style panel-row-style-for-gb25504-69d35672e8fe1-0\" data-stretch-type=\"full\" ><div id=\"pgc-gb25504-69d35672e8fe1-0-0\"  class=\"panel-grid-cell 69d35672e8fe1-6 flip col-md-12\" ><div class=\"hero-left panel-cell-style panel-cell-style-for-gb25504-69d35672e8fe1-0-0\" ><div id=\"panel-gb25504-69d35672e8fe1-0-0-0\" class=\"so-panel widget widget_sow-editor panel-first-child panel-last-child\" data-index=\"0\" ><div class=\"so-widget-sow-editor so-widget-sow-editor-base\">\n<div class=\"siteorigin-widget-tinymce textwidget\">\n\t<h1>Monetiza tu contenido<\/h1>\n<p>Monetiza tu contenido en plataformas de streaming. Si tu contenido est\u00e1 en YouTube, \u00bfpor qu\u00e9 no activar los anuncios y generar ingresos?<\/p>\n<p><a class=\"btn btn-primary\" href=\"https:\/\/auxmode.com\/es\/precios\/\">Planes y precios<\/a><\/p>\n<\/div>\n<\/div><\/div><\/div><\/div><div id=\"pgc-gb25504-69d35672e8fe1-0-1\"  class=\"panel-grid-cell 69d35672e8fe1-6 flip col-md-12\" ><div class=\"hero-right panel-cell-style panel-cell-style-for-gb25504-69d35672e8fe1-0-1\" ><div id=\"panel-gb25504-69d35672e8fe1-0-1-0\" class=\"so-panel widget widget_media_image panel-first-child panel-last-child\" data-index=\"1\" ><div class=\"panel-widget-style panel-widget-style-for-gb25504-69d35672e8fe1-0-1-0\" ><img decoding=\"async\" width=\"555\" height=\"278\" src=\"https:\/\/auxmode.com\/wp-content\/uploads\/2022\/05\/Monetize_Your_Content1.png\" class=\"image wp-image-17668  attachment-full size-full\" alt=\"Monetize Content on YouTube\" style=\"max-width: 100%; height: auto;\" srcset=\"https:\/\/auxmode.com\/wp-content\/uploads\/2022\/05\/Monetize_Your_Content1.png 555w, https:\/\/auxmode.com\/wp-content\/uploads\/2022\/05\/Monetize_Your_Content1-300x150.png 300w\" sizes=\"(max-width: 555px) 100vw, 555px\" \/><\/div><\/div><\/div><\/div><\/div><\/div><\/div><div class=\"container\"><div id=\"pg-gb25504-69d35672e8fe1-1\"  class=\"panel-grid panel-has-style row\" ><div class=\"panel-usp panel-row-style panel-row-style-for-gb25504-69d35672e8fe1-1\" ><div id=\"pgc-gb25504-69d35672e8fe1-1-0\"  class=\"panel-grid-cell 69d35672e8fe1-7 flip col-md-12\" ><div id=\"panel-gb25504-69d35672e8fe1-1-0-0\" class=\"so-panel widget widget_media_image panel-first-child panel-last-child\" data-index=\"2\" ><img decoding=\"async\" width=\"400\" height=\"298\" src=\"https:\/\/auxmode.com\/wp-content\/uploads\/2022\/06\/Monetize-Your-Content7.png\" class=\"image wp-image-18134 aligncenter attachment-full size-full\" alt=\"Monetize Your Content\" style=\"max-width: 100%; height: auto;\" srcset=\"https:\/\/auxmode.com\/wp-content\/uploads\/2022\/06\/Monetize-Your-Content7.png 400w, https:\/\/auxmode.com\/wp-content\/uploads\/2022\/06\/Monetize-Your-Content7-300x224.png 300w\" sizes=\"(max-width: 400px) 100vw, 400px\" \/><\/div><\/div><div id=\"pgc-gb25504-69d35672e8fe1-1-1\"  class=\"panel-grid-cell 69d35672e8fe1-7 flip col-md-12\" ><div id=\"panel-gb25504-69d35672e8fe1-1-1-0\" class=\"widget_text so-panel widget widget_custom_html panel-first-child panel-last-child\" data-index=\"3\" ><div class=\"textwidget custom-html-widget\"><h3>Monetiza tu contenido proporciona<\/h3>\n<ul class=\"usp-list\">\n\t<li class=\"usp-item\">\n\t\t<div class=\"icon\"><i class=\"fa fa-check\"><\/i><\/div>\n\t\t<div class=\"usp-content\">\n\t\t\t<h4>Monetizaci\u00f3n autom\u00e1tica de tus v\u00eddeos.<\/h4>\n\t\t<\/div>\n\t<\/li>\n\t\n\t<li class=\"usp-item\">\n\t\t<div class=\"icon\"><i class=\"fa fa-check\"><\/i><\/div>\n\t\t<div class=\"usp-content\">\n\t\t\t<h4>Monetizaci\u00f3n autom\u00e1tica de tu canal o p\u00e1gina.<\/h4>\n\t\t<\/div>\n\t<\/li>\n\t\n\t<li class=\"usp-item\">\n\t\t<div class=\"icon\"><i class=\"fa fa-check\"><\/i><\/div>\n\t\t<div class=\"usp-content\">\n\t\t\t<h4>A\u00f1ade autom\u00e1ticamente tipos de anuncios y pausas publicitarias..<\/h4>\n\t\t<\/div>\n\t<\/li>\n\t\n\t<li class=\"usp-item\">\n\t\t<div class=\"icon\"><i class=\"fa fa-check\"><\/i><\/div>\n\t\t<div class=\"usp-content\">\n\t\t\t<h4>Revisi\u00f3n y an\u00e1lisis de la estrategia de Ad break.<\/h4>\n\t\t<\/div>\n\t<\/li>\n\t\n\t<li class=\"usp-item\">\n\t\t<div class=\"icon\"><i class=\"fa fa-check\"><\/i><\/div>\n\t\t<div class=\"usp-content\">\n\t\t\t<h4>Revisar los reclamantes de v\u00eddeo.<\/h4>\n\t\t<\/div>\n\t<\/li>\n\t\n\t<li class=\"usp-item\">\n\t\t<div class=\"icon\"><i class=\"fa fa-check\"><\/i><\/div>\n\t\t<div class=\"usp-content\">\n\t\t\t<h4>Pr\u00e1cticas recomendadas para la idoneidad de anuncios en video.<\/h4>\n\t\t<\/div>\n\t<\/li>\n\t\n<\/ul>\n\n<p><a class=\"btn\" href=\"https:\/\/auxmode.com\/contact\/\">Leer m\u00e1s<\/a><\/p><\/div><\/div><\/div><\/div><\/div><\/div><div class=\"container\"><div id=\"pg-gb25504-69d35672e8fe1-2\"  class=\"panel-grid panel-has-style row\" ><div class=\"homepage-row colored siteorigin-panels-stretch panel-row-style panel-row-style-for-gb25504-69d35672e8fe1-2\" data-stretch-type=\"full\" ><div id=\"pgc-gb25504-69d35672e8fe1-2-0\"  class=\"panel-grid-cell 69d35672e8fe1-8 flip col-md-12\" ><div id=\"panel-gb25504-69d35672e8fe1-2-0-0\" class=\"so-panel widget widget_sow-editor panel-first-child panel-last-child\" data-index=\"4\" ><div class=\"so-widget-sow-editor so-widget-sow-editor-base\">\n<div class=\"siteorigin-widget-tinymce textwidget\">\n\t<h3>Monetiza tu contenido<\/h3>\n<p>Genera ingresos con tu contenido en plataformas de streaming. Puedes ganar dinero en YouTube solicitando y siendo aceptado en el Programa de Socios de YouTube.<\/p>\n<p>Puedes ganar dinero en plataformas de streaming a trav\u00e9s de las siguientes funciones:<\/p>\n<ol>\n<li>Ingresos por publicidad: Obt\u00e9n ingresos publicitarios de anuncios de pantalla, superposici\u00f3n y video<\/li>\n<li>Suscripciones de canal: Tus seguidores realizan pagos mensuales recurrentes a cambio de beneficios especiales que ofreces.<\/li>\n<li>Merchandising: Tus seguidores pueden explorar y comprar productos oficiales con la marca que se muestre en tus p\u00e1ginas de visualizaci\u00f3n.<\/li>\n<li>Super Chat y Super Stickers: tus seguidores pagan para que sus mensajes se destaquen en las transmisiones de chat.<\/li>\n<li>Ingresos de YouTube Premium: Obt\u00e9n parte de la tarifa de suscripci\u00f3n de un suscriptor de YouTube Premium cuando ve tu contenido.<\/li>\n<li>Financiaci\u00f3n de fans: Si tienes una base de seguidores leales, una plataforma de terceros como Patreon permite a los creadores digitales, artistas, escritores y empresas ofrecer beneficios exclusivos a los seguidores que apoyan tu canal y contenido.<\/li>\n<li>Afiliados: Otra forma de monetizar tus v\u00eddeos de YouTube es a trav\u00e9s de programas de afiliados.<\/li>\n<li>Brand Connect: YouTube Branded Connect conecta a las marcas con los creadores de YouTube para campa\u00f1as de contenido. El p\u00fablico conf\u00eda en los creadores cuando se trata de recomendaciones de productos.<\/li>\n<\/ol>\n<p>Cada caracter\u00edstica tiene sus propios requisitos y si a\u00fan no has a\u00f1adido tu contenido a YouTube, Amazon Prime Video, Facebook y otras plataformas de streaming, podemos ayudarte.<\/p>\n<p><a class=\"btn btn-primary\" href=\"https:\/\/auxmode.com\/es\/contactanos\/\">Leer m\u00e1s<\/a><\/p>\n<\/div>\n<\/div><\/div><\/div><div id=\"pgc-gb25504-69d35672e8fe1-2-1\"  class=\"panel-grid-cell 69d35672e8fe1-8 flip col-md-12\" ><div id=\"panel-gb25504-69d35672e8fe1-2-1-0\" class=\"so-panel widget widget_media_image panel-first-child panel-last-child\" data-index=\"5\" ><img decoding=\"async\" width=\"455\" height=\"287\" src=\"https:\/\/auxmode.com\/wp-content\/uploads\/2022\/06\/Monetize-Your-Content4.png\" class=\"image wp-image-18129 aligncenter attachment-full size-full\" alt=\"Increase Monetization of Your Content\" style=\"max-width: 100%; height: auto;\" srcset=\"https:\/\/auxmode.com\/wp-content\/uploads\/2022\/06\/Monetize-Your-Content4.png 455w, https:\/\/auxmode.com\/wp-content\/uploads\/2022\/06\/Monetize-Your-Content4-300x189.png 300w\" sizes=\"(max-width: 455px) 100vw, 455px\" \/><\/div><\/div><\/div><\/div><\/div><\/div>\n\n\n<p><\/p>\n","protected":false},"excerpt":{"rendered":"<p>Monetiza tu contenido <\/p>\n<p>Monetiza tu contenido en plataformas de streaming. Si tu contenido est\u00e1 en YouTube, \u00bfpor qu\u00e9 no activar los anuncios y generar ingresos?<\/p>\n<p>Planes y precios<\/p>\n<p> Monetiza tu contenido proporciona <\/p>\n<ul class=\"usp-list\">\n<li class=\"usp-item\"> Monetizaci\u00f3n autom\u00e1tica de tus v\u00eddeos. <\/li>\n<li class=\"usp-item\"> Monetizaci\u00f3n autom\u00e1tica de tu canal o p\u00e1gina. <\/li>\n<li class=\"usp-item\"> A\u00f1ade &hellip;\n<p><a class=\"more-link btn\" href=\"https:\/\/auxmode.com\/es\/productos\/ingresos-por-contenido\/\">Seguir leyendo<\/a><\/p>\n<\/li>\n<\/ul>\n","protected":false},"author":1,"featured_media":0,"parent":22316,"menu_order":0,"comment_status":"closed","ping_status":"closed","template":"","meta":{"_acf_changed":false,"amp_status":"","footnotes":""},"class_list":["post-25504","page","type-page","status-publish","hentry","nodate","item-wrap"],"acf":[],"yoast_head":"<!-- This site is optimized with the Yoast SEO plugin v27.3 - https:\/\/yoast.com\/product\/yoast-seo-wordpress\/ -->\n<title>Ingresos por contenido<\/title>\n<meta name=\"description\" content=\"Haz crecer tus visualizaciones y tus ingresos en YouTube con una estrategia de monetizaci\u00f3n de contenido en YouTube proporcionada por Aux Mode.\" \/>\n<meta name=\"robots\" content=\"index, follow, max-snippet:-1, max-image-preview:large, max-video-preview:-1\" \/>\n<link rel=\"canonical\" href=\"https:\/\/auxmode.com\/es\/productos\/ingresos-por-contenido\/\" \/>\n<meta property=\"og:locale\" content=\"es_ES\" \/>\n<meta property=\"og:type\" content=\"article\" \/>\n<meta property=\"og:title\" content=\"Ingresos por contenido\" \/>\n<meta property=\"og:description\" content=\"Haz crecer tus visualizaciones y tus ingresos en YouTube con una estrategia de monetizaci\u00f3n de contenido en YouTube proporcionada por Aux Mode.\" \/>\n<meta property=\"og:url\" content=\"https:\/\/auxmode.com\/es\/productos\/ingresos-por-contenido\/\" \/>\n<meta property=\"og:site_name\" content=\"Aux Mode\" \/>\n<meta property=\"article:modified_time\" content=\"2024-05-04T14:59:38+00:00\" \/>\n<meta property=\"og:image\" content=\"https:\/\/auxmode.com\/wp-content\/uploads\/2022\/05\/Monetize_Your_Content1.png\" \/>\n<meta name=\"twitter:card\" content=\"summary_large_image\" \/>\n<meta name=\"twitter:label1\" content=\"Tiempo de lectura\" \/>\n\t<meta name=\"twitter:data1\" content=\"3 minutos\" \/>\n<script type=\"application\/ld+json\" class=\"yoast-schema-graph\">{\"@context\":\"https:\\\/\\\/schema.org\",\"@graph\":[{\"@type\":\"WebPage\",\"@id\":\"https:\\\/\\\/auxmode.com\\\/es\\\/productos\\\/ingresos-por-contenido\\\/\",\"url\":\"https:\\\/\\\/auxmode.com\\\/es\\\/productos\\\/ingresos-por-contenido\\\/\",\"name\":\"Ingresos por contenido\",\"isPartOf\":{\"@id\":\"https:\\\/\\\/auxmode.com\\\/#website\"},\"primaryImageOfPage\":{\"@id\":\"https:\\\/\\\/auxmode.com\\\/es\\\/productos\\\/ingresos-por-contenido\\\/#primaryimage\"},\"image\":{\"@id\":\"https:\\\/\\\/auxmode.com\\\/es\\\/productos\\\/ingresos-por-contenido\\\/#primaryimage\"},\"thumbnailUrl\":\"https:\\\/\\\/auxmode.com\\\/wp-content\\\/uploads\\\/2022\\\/05\\\/Monetize_Your_Content1.png\",\"datePublished\":\"2022-05-22T00:54:07+00:00\",\"dateModified\":\"2024-05-04T14:59:38+00:00\",\"description\":\"Haz crecer tus visualizaciones y tus ingresos en YouTube con una estrategia de monetizaci\u00f3n de contenido en YouTube proporcionada por Aux Mode.\",\"breadcrumb\":{\"@id\":\"https:\\\/\\\/auxmode.com\\\/es\\\/productos\\\/ingresos-por-contenido\\\/#breadcrumb\"},\"inLanguage\":\"es\",\"potentialAction\":[{\"@type\":\"ReadAction\",\"target\":[\"https:\\\/\\\/auxmode.com\\\/es\\\/productos\\\/ingresos-por-contenido\\\/\"]}]},{\"@type\":\"ImageObject\",\"inLanguage\":\"es\",\"@id\":\"https:\\\/\\\/auxmode.com\\\/es\\\/productos\\\/ingresos-por-contenido\\\/#primaryimage\",\"url\":\"https:\\\/\\\/auxmode.com\\\/wp-content\\\/uploads\\\/2022\\\/05\\\/Monetize_Your_Content1.png\",\"contentUrl\":\"https:\\\/\\\/auxmode.com\\\/wp-content\\\/uploads\\\/2022\\\/05\\\/Monetize_Your_Content1.png\"},{\"@type\":\"BreadcrumbList\",\"@id\":\"https:\\\/\\\/auxmode.com\\\/es\\\/productos\\\/ingresos-por-contenido\\\/#breadcrumb\",\"itemListElement\":[{\"@type\":\"ListItem\",\"position\":1,\"name\":\"Home\",\"item\":\"https:\\\/\\\/auxmode.com\\\/es\\\/\"},{\"@type\":\"ListItem\",\"position\":2,\"name\":\"Productos\",\"item\":\"https:\\\/\\\/auxmode.com\\\/es\\\/productos\\\/\"},{\"@type\":\"ListItem\",\"position\":3,\"name\":\"Ingresos por contenido\"}]},{\"@type\":\"WebSite\",\"@id\":\"https:\\\/\\\/auxmode.com\\\/#website\",\"url\":\"https:\\\/\\\/auxmode.com\\\/\",\"name\":\"Aux Mode\",\"description\":\"YouTube content monetization protection and Revenue Reporting Automation.\",\"inLanguage\":\"es\"}]}<\/script>\n<!-- \/ Yoast SEO plugin. -->","yoast_head_json":{"title":"Ingresos por contenido","description":"Haz crecer tus visualizaciones y tus ingresos en YouTube con una estrategia de monetizaci\u00f3n de contenido en YouTube proporcionada por Aux Mode.","robots":{"index":"index","follow":"follow","max-snippet":"max-snippet:-1","max-image-preview":"max-image-preview:large","max-video-preview":"max-video-preview:-1"},"canonical":"https:\/\/auxmode.com\/es\/productos\/ingresos-por-contenido\/","og_locale":"es_ES","og_type":"article","og_title":"Ingresos por contenido","og_description":"Haz crecer tus visualizaciones y tus ingresos en YouTube con una estrategia de monetizaci\u00f3n de contenido en YouTube proporcionada por Aux Mode.","og_url":"https:\/\/auxmode.com\/es\/productos\/ingresos-por-contenido\/","og_site_name":"Aux Mode","article_modified_time":"2024-05-04T14:59:38+00:00","og_image":[{"url":"https:\/\/auxmode.com\/wp-content\/uploads\/2022\/05\/Monetize_Your_Content1.png","type":"","width":"","height":""}],"twitter_card":"summary_large_image","twitter_misc":{"Tiempo de lectura":"3 minutos"},"schema":{"@context":"https:\/\/schema.org","@graph":[{"@type":"WebPage","@id":"https:\/\/auxmode.com\/es\/productos\/ingresos-por-contenido\/","url":"https:\/\/auxmode.com\/es\/productos\/ingresos-por-contenido\/","name":"Ingresos por contenido","isPartOf":{"@id":"https:\/\/auxmode.com\/#website"},"primaryImageOfPage":{"@id":"https:\/\/auxmode.com\/es\/productos\/ingresos-por-contenido\/#primaryimage"},"image":{"@id":"https:\/\/auxmode.com\/es\/productos\/ingresos-por-contenido\/#primaryimage"},"thumbnailUrl":"https:\/\/auxmode.com\/wp-content\/uploads\/2022\/05\/Monetize_Your_Content1.png","datePublished":"2022-05-22T00:54:07+00:00","dateModified":"2024-05-04T14:59:38+00:00","description":"Haz crecer tus visualizaciones y tus ingresos en YouTube con una estrategia de monetizaci\u00f3n de contenido en YouTube proporcionada por Aux Mode.","breadcrumb":{"@id":"https:\/\/auxmode.com\/es\/productos\/ingresos-por-contenido\/#breadcrumb"},"inLanguage":"es","potentialAction":[{"@type":"ReadAction","target":["https:\/\/auxmode.com\/es\/productos\/ingresos-por-contenido\/"]}]},{"@type":"ImageObject","inLanguage":"es","@id":"https:\/\/auxmode.com\/es\/productos\/ingresos-por-contenido\/#primaryimage","url":"https:\/\/auxmode.com\/wp-content\/uploads\/2022\/05\/Monetize_Your_Content1.png","contentUrl":"https:\/\/auxmode.com\/wp-content\/uploads\/2022\/05\/Monetize_Your_Content1.png"},{"@type":"BreadcrumbList","@id":"https:\/\/auxmode.com\/es\/productos\/ingresos-por-contenido\/#breadcrumb","itemListElement":[{"@type":"ListItem","position":1,"name":"Home","item":"https:\/\/auxmode.com\/es\/"},{"@type":"ListItem","position":2,"name":"Productos","item":"https:\/\/auxmode.com\/es\/productos\/"},{"@type":"ListItem","position":3,"name":"Ingresos por contenido"}]},{"@type":"WebSite","@id":"https:\/\/auxmode.com\/#website","url":"https:\/\/auxmode.com\/","name":"Aux Mode","description":"YouTube content monetization protection and Revenue Reporting Automation.","inLanguage":"es"}]}},"_links":{"self":[{"href":"https:\/\/auxmode.com\/es\/wp-json\/wp\/v2\/pages\/25504","targetHints":{"allow":["GET"]}}],"collection":[{"href":"https:\/\/auxmode.com\/es\/wp-json\/wp\/v2\/pages"}],"about":[{"href":"https:\/\/auxmode.com\/es\/wp-json\/wp\/v2\/types\/page"}],"author":[{"embeddable":true,"href":"https:\/\/auxmode.com\/es\/wp-json\/wp\/v2\/users\/1"}],"replies":[{"embeddable":true,"href":"https:\/\/auxmode.com\/es\/wp-json\/wp\/v2\/comments?post=25504"}],"version-history":[{"count":5,"href":"https:\/\/auxmode.com\/es\/wp-json\/wp\/v2\/pages\/25504\/revisions"}],"predecessor-version":[{"id":25727,"href":"https:\/\/auxmode.com\/es\/wp-json\/wp\/v2\/pages\/25504\/revisions\/25727"}],"up":[{"embeddable":true,"href":"https:\/\/auxmode.com\/es\/wp-json\/wp\/v2\/pages\/22316"}],"wp:attachment":[{"href":"https:\/\/auxmode.com\/es\/wp-json\/wp\/v2\/media?parent=25504"}],"curies":[{"name":"wp","href":"https:\/\/api.w.org\/{rel}","templated":true}]}}