{"id":25494,"date":"2022-06-15T01:58:28","date_gmt":"2022-06-15T01:58:28","guid":{"rendered":"https:\/\/auxmode.com\/?page_id=25494"},"modified":"2024-04-07T13:27:15","modified_gmt":"2024-04-07T13:27:15","slug":"consultoria-medios-streaming","status":"publish","type":"page","link":"https:\/\/auxmode.com\/es\/servicios\/consultoria-medios-streaming\/","title":{"rendered":"Consultoria"},"content":{"rendered":"<div id=\"pl-gb25494-69d8cb1542c2f\"  class=\"panel-layout\" ><div class=\"container\"><div id=\"pg-gb25494-69d8cb1542c2f-0\"  class=\"panel-grid panel-has-style row\" ><div class=\"hero lighter siteorigin-panels-stretch panel-row-style panel-row-style-for-gb25494-69d8cb1542c2f-0\" data-stretch-type=\"full\" ><div id=\"pgc-gb25494-69d8cb1542c2f-0-0\"  class=\"panel-grid-cell 69d8cb1542c2f-6 flip col-md-12\" ><div class=\"hero-left panel-cell-style panel-cell-style-for-gb25494-69d8cb1542c2f-0-0\" ><div id=\"panel-gb25494-69d8cb1542c2f-0-0-0\" class=\"so-panel widget widget_sow-editor panel-first-child panel-last-child\" data-index=\"0\" ><div class=\"panel-widget-style panel-widget-style-for-gb25494-69d8cb1542c2f-0-0-0\" ><div class=\"so-widget-sow-editor so-widget-sow-editor-base\">\n<div class=\"siteorigin-widget-tinymce textwidget\">\n\t<h1>Consultor\u00eda de medios en streaming<\/h1>\n<p>Con una comprensi\u00f3n de las tendencias emergentes de streaming y las interrupciones en la industria, descubrimos el potencial por explotar dentro de tu negocio para ayudarlo a modernizarse y crecer.<\/p>\n<p>Hemos ayudado a empresas como CMF y TVO a alinear su estrategia con inversiones, desbloquear valor adicional de tecnolog\u00edas existentes y emergentes, y ofrecer la automatizaci\u00f3n de procesos y experiencias humanas que crean un impacto sostenible a largo plazo.<\/p>\n<p><a class=\"btn btn-primary\" href=\"https:\/\/auxmode.com\/es\/precios\/\">Planes y precios<\/a><\/p>\n<\/div>\n<\/div><\/div><\/div><\/div><\/div><div id=\"pgc-gb25494-69d8cb1542c2f-0-1\"  class=\"panel-grid-cell 69d8cb1542c2f-6 flip col-md-12\" ><div class=\"hero-right panel-cell-style panel-cell-style-for-gb25494-69d8cb1542c2f-0-1\" ><div id=\"panel-gb25494-69d8cb1542c2f-0-1-0\" class=\"so-panel widget widget_media_image panel-first-child panel-last-child\" data-index=\"1\" ><div class=\"panel-widget-style panel-widget-style-for-gb25494-69d8cb1542c2f-0-1-0\" ><img decoding=\"async\" width=\"555\" height=\"329\" src=\"https:\/\/auxmode.com\/wp-content\/uploads\/2022\/06\/StreamingMediaConsulting1.png\" class=\"image wp-image-18065  attachment-full size-full\" alt=\"Streaming Media Consulting\" style=\"max-width: 100%; height: auto;\" srcset=\"https:\/\/auxmode.com\/wp-content\/uploads\/2022\/06\/StreamingMediaConsulting1.png 555w, https:\/\/auxmode.com\/wp-content\/uploads\/2022\/06\/StreamingMediaConsulting1-300x178.png 300w\" sizes=\"(max-width: 555px) 100vw, 555px\" \/><\/div><\/div><\/div><\/div><\/div><\/div><\/div><div class=\"container\"><div id=\"pg-gb25494-69d8cb1542c2f-1\"  class=\"panel-grid panel-has-style row\" ><div class=\"panel-usp panel-row-style panel-row-style-for-gb25494-69d8cb1542c2f-1\" ><div id=\"pgc-gb25494-69d8cb1542c2f-1-0\"  class=\"panel-grid-cell 69d8cb1542c2f-7 flip col-md-12\" ><div id=\"panel-gb25494-69d8cb1542c2f-1-0-0\" class=\"so-panel widget widget_sow-image panel-first-child panel-last-child\" data-index=\"2\" ><div class=\"so-widget-sow-image so-widget-sow-image-default-17bc2272b535-25494\">\n\n<div class=\"sow-image-container\">\n\t\t<img decoding=\"async\" src=\"https:\/\/auxmode.com\/wp-content\/uploads\/2022\/06\/StreamingMediaConsulting2.png\" width=\"555\" height=\"418\" srcset=\"https:\/\/auxmode.com\/wp-content\/uploads\/2022\/06\/StreamingMediaConsulting2.png 555w, https:\/\/auxmode.com\/wp-content\/uploads\/2022\/06\/StreamingMediaConsulting2-300x226.png 300w\" sizes=\"(max-width: 555px) 100vw, 555px\" alt=\"Streaming Media Consulting\" \t\tclass=\"so-widget-image\"\/>\n\t<\/div>\n\n<\/div><\/div><\/div><div id=\"pgc-gb25494-69d8cb1542c2f-1-1\"  class=\"panel-grid-cell 69d8cb1542c2f-7 flip col-md-12\" ><div id=\"panel-gb25494-69d8cb1542c2f-1-1-0\" class=\"widget_text so-panel widget widget_custom_html panel-first-child panel-last-child\" data-index=\"3\" ><div class=\"textwidget custom-html-widget\"><h3>Streaming Media Consulting proporciona<\/h3>\n<ul class=\"usp-list\">\n\t<li class=\"usp-item\">\n\t\t<div class=\"icon\"><i class=\"fa fa-check\"><\/i><\/div>\n\t\t<div class=\"usp-content\">\n\t\t\t<h4>Estrategia impulsada por un prop\u00f3sito<\/h4>\n\t\t\t<p>\n\t\t\t\tProporcionando un plan integral para una transformaci\u00f3n digital completa.\n\t\t\t<\/p>\n\t\t<\/div>\n\t<\/li>\n\t\n\t<li class=\"usp-item\">\n\t\t<div class=\"icon\"><i class=\"fa fa-check\"><\/i><\/div>\n\t\t<div class=\"usp-content\">\n\t\t\t<h4>Gesti\u00f3n de derechos digitales<\/h4>\n\t\t\t<p>\n\t\t\t\tPr\u00e1cticas recomendadas para medios de streaming y resoluci\u00f3n de problemas pendientes de retenci\u00f3n.\n\t\t\t<\/p>\n\t\t<\/div>\n\t<\/li>\n\t\n\t<li class=\"usp-item\">\n\t\t<div class=\"icon\"><i class=\"fa fa-check\"><\/i><\/div>\n\t\t<div class=\"usp-content\">\n\t\t\t<h4>Aprovechar un universo de socios del ecosistema.<\/h4>\n\t\t\t<p>\n\t\t\t\tGestionar tu contenido por plataforma, por v\u00eddeo, por territorio.\n\t\t\t<\/p>\n\t\t<\/div>\n\t<\/li>\n\t\n\t<li class=\"usp-item\">\n\t\t<div class=\"icon\"><i class=\"fa fa-check\"><\/i><\/div>\n\t\t<div class=\"usp-content\">\n\t\t\t<h4>Sistema de verificaci\u00f3n de derechos de contenido<\/h4>\n\t\t\t<p>\n\t\t\t\tVerificar los derechos existentes de video y audio por plataforma.\n\t\t\t<\/p>\n\t\t<\/div>\n\t<\/li>\n\t\n\t<li class=\"usp-item\">\n\t\t<div class=\"icon\"><i class=\"fa fa-check\"><\/i><\/div>\n\t\t<div class=\"usp-content\">\n\t\t\t<h4>Monetizaci\u00f3n de v\u00eddeos<\/h4>\n\t\t\t<p>\n\t\t\t\tMaximizar los anuncios y los tipos de anuncios en todos los videos para todas las regiones.\n\t\t\t<\/p>\n\t\t<\/div>\n\t<\/li>\n\t\n\t<li class=\"usp-item\">\n\t\t<div class=\"icon\"><i class=\"fa fa-check\"><\/i><\/div>\n\t\t<div class=\"usp-content\">\n\t\t\t<h4>Protecci\u00f3n de v\u00eddeo<\/h4>\n\t\t\t<p>\n\t\t\t\tProtege tu contenido del robo en plataformas de streaming.\n\t\t\t<\/p>\n\t\t<\/div>\n\t<\/li>\n<\/ul>\n\n<p><a class=\"btn\" href=\"https:\/\/auxmode.com\/es\/contactanos\/\">Leer m\u00e1s<\/a><\/p><\/div><\/div><\/div><\/div><\/div><\/div><div class=\"container\"><div id=\"pg-gb25494-69d8cb1542c2f-2\"  class=\"panel-grid panel-has-style row\" ><div class=\"homepage-row colored siteorigin-panels-stretch panel-row-style panel-row-style-for-gb25494-69d8cb1542c2f-2\" data-stretch-type=\"full\" ><div id=\"pgc-gb25494-69d8cb1542c2f-2-0\"  class=\"panel-grid-cell 69d8cb1542c2f-8 flip col-md-12\" ><div id=\"panel-gb25494-69d8cb1542c2f-2-0-0\" class=\"so-panel widget widget_sow-editor panel-first-child panel-last-child\" data-index=\"4\" ><div class=\"so-widget-sow-editor so-widget-sow-editor-base\">\n<div class=\"siteorigin-widget-tinymce textwidget\">\n\t<h3>Consultor\u00eda de medios en streaming<\/h3>\n<p>Ayudamos a empresas de medios y entretenimiento a acelerar su crecimiento en plataformas de medios, superando la incertidumbre del negocio de los medios de streaming. Con experiencia en transformaci\u00f3n de extremo a extremo, nuestros clientes emergen m\u00e1s fuertes y crecen.<\/p>\n<p>Lanzar las iniciativas digitales adecuadas y construir las capacidades, procesos y mentalidades necesarias para mantener una ventaja digital.<\/p>\n<p><a class=\"btn btn-primary\" href=\"https:\/\/auxmode.com\/es\/contactanos\/\">Leer m\u00e1s<\/a><\/p>\n<\/div>\n<\/div><\/div><\/div><div id=\"pgc-gb25494-69d8cb1542c2f-2-1\"  class=\"panel-grid-cell 69d8cb1542c2f-8 flip col-md-12\" ><div id=\"panel-gb25494-69d8cb1542c2f-2-1-0\" class=\"so-panel widget widget_sow-image panel-first-child panel-last-child\" data-index=\"5\" ><div class=\"so-widget-sow-image so-widget-sow-image-default-17bc2272b535-25494\">\n\n<div class=\"sow-image-container\">\n\t\t<img decoding=\"async\" src=\"https:\/\/auxmode.com\/wp-content\/uploads\/2022\/06\/StreamingMediaConsulting3.png\" width=\"555\" height=\"335\" srcset=\"https:\/\/auxmode.com\/wp-content\/uploads\/2022\/06\/StreamingMediaConsulting3.png 555w, https:\/\/auxmode.com\/wp-content\/uploads\/2022\/06\/StreamingMediaConsulting3-300x181.png 300w\" sizes=\"(max-width: 555px) 100vw, 555px\" alt=\"Streaming Media Consulting\" \t\tclass=\"so-widget-image\"\/>\n\t<\/div>\n\n<\/div><\/div><\/div><\/div><\/div><\/div><\/div>","protected":false},"excerpt":{"rendered":"<p>Consultor\u00eda de medios en streaming <\/p>\n<p>Con una comprensi\u00f3n de las tendencias emergentes de streaming y las interrupciones en la industria, descubrimos el potencial por explotar dentro de tu negocio para ayudarlo a modernizarse y crecer.<\/p>\n<p>Hemos ayudado a empresas como CMF y TVO a alinear su estrategia con inversiones, desbloquear valor adicional de tecnolog\u00edas existentes &hellip; <\/p>\n<p><a class=\"more-link btn\" href=\"https:\/\/auxmode.com\/es\/servicios\/consultoria-medios-streaming\/\">Seguir leyendo<\/a><\/p>\n","protected":false},"author":1,"featured_media":0,"parent":22313,"menu_order":0,"comment_status":"closed","ping_status":"closed","template":"","meta":{"_acf_changed":false,"amp_status":"","footnotes":""},"class_list":["post-25494","page","type-page","status-publish","hentry","nodate","item-wrap"],"acf":[],"yoast_head":"<!-- This site is optimized with the Yoast SEO plugin v27.3 - https:\/\/yoast.com\/product\/yoast-seo-wordpress\/ -->\n<title>Consultor\u00eda de medios en streaming<\/title>\n<meta name=\"description\" content=\"Con una comprensi\u00f3n de las tendencias emergentes de streaming y las interrupciones en la industria, descubrimos el potencial por explotar dentro de tu negocio para ayudarlo a modernizarse y crecer.\" \/>\n<meta name=\"robots\" content=\"index, follow, max-snippet:-1, max-image-preview:large, max-video-preview:-1\" \/>\n<link rel=\"canonical\" href=\"https:\/\/auxmode.com\/es\/servicios\/consultoria-medios-streaming\/\" \/>\n<meta property=\"og:locale\" content=\"es_ES\" \/>\n<meta property=\"og:type\" content=\"article\" \/>\n<meta property=\"og:title\" content=\"Consultor\u00eda de medios en streaming\" \/>\n<meta property=\"og:description\" content=\"Con una comprensi\u00f3n de las tendencias emergentes de streaming y las interrupciones en la industria, descubrimos el potencial por explotar dentro de tu negocio para ayudarlo a modernizarse y crecer.\" \/>\n<meta property=\"og:url\" content=\"https:\/\/auxmode.com\/es\/servicios\/consultoria-medios-streaming\/\" \/>\n<meta property=\"og:site_name\" content=\"Aux Mode\" \/>\n<meta property=\"article:modified_time\" content=\"2024-04-07T13:27:15+00:00\" \/>\n<meta property=\"og:image\" content=\"https:\/\/auxmode.com\/wp-content\/uploads\/2022\/06\/StreamingMediaConsulting1.png\" \/>\n<meta name=\"twitter:card\" content=\"summary_large_image\" \/>\n<meta name=\"twitter:label1\" content=\"Tiempo de lectura\" \/>\n\t<meta name=\"twitter:data1\" content=\"2 minutos\" \/>\n<script type=\"application\/ld+json\" class=\"yoast-schema-graph\">{\"@context\":\"https:\\\/\\\/schema.org\",\"@graph\":[{\"@type\":\"WebPage\",\"@id\":\"https:\\\/\\\/auxmode.com\\\/es\\\/servicios\\\/consultoria-medios-streaming\\\/\",\"url\":\"https:\\\/\\\/auxmode.com\\\/es\\\/servicios\\\/consultoria-medios-streaming\\\/\",\"name\":\"Consultor\u00eda de medios en streaming\",\"isPartOf\":{\"@id\":\"https:\\\/\\\/auxmode.com\\\/#website\"},\"primaryImageOfPage\":{\"@id\":\"https:\\\/\\\/auxmode.com\\\/es\\\/servicios\\\/consultoria-medios-streaming\\\/#primaryimage\"},\"image\":{\"@id\":\"https:\\\/\\\/auxmode.com\\\/es\\\/servicios\\\/consultoria-medios-streaming\\\/#primaryimage\"},\"thumbnailUrl\":\"https:\\\/\\\/auxmode.com\\\/wp-content\\\/uploads\\\/2022\\\/06\\\/StreamingMediaConsulting1.png\",\"datePublished\":\"2022-06-15T01:58:28+00:00\",\"dateModified\":\"2024-04-07T13:27:15+00:00\",\"description\":\"Con una comprensi\u00f3n de las tendencias emergentes de streaming y las interrupciones en la industria, descubrimos el potencial por explotar dentro de tu negocio para ayudarlo a modernizarse y crecer.\",\"breadcrumb\":{\"@id\":\"https:\\\/\\\/auxmode.com\\\/es\\\/servicios\\\/consultoria-medios-streaming\\\/#breadcrumb\"},\"inLanguage\":\"es\",\"potentialAction\":[{\"@type\":\"ReadAction\",\"target\":[\"https:\\\/\\\/auxmode.com\\\/es\\\/servicios\\\/consultoria-medios-streaming\\\/\"]}]},{\"@type\":\"ImageObject\",\"inLanguage\":\"es\",\"@id\":\"https:\\\/\\\/auxmode.com\\\/es\\\/servicios\\\/consultoria-medios-streaming\\\/#primaryimage\",\"url\":\"https:\\\/\\\/auxmode.com\\\/wp-content\\\/uploads\\\/2022\\\/06\\\/StreamingMediaConsulting1.png\",\"contentUrl\":\"https:\\\/\\\/auxmode.com\\\/wp-content\\\/uploads\\\/2022\\\/06\\\/StreamingMediaConsulting1.png\"},{\"@type\":\"BreadcrumbList\",\"@id\":\"https:\\\/\\\/auxmode.com\\\/es\\\/servicios\\\/consultoria-medios-streaming\\\/#breadcrumb\",\"itemListElement\":[{\"@type\":\"ListItem\",\"position\":1,\"name\":\"Home\",\"item\":\"https:\\\/\\\/auxmode.com\\\/es\\\/\"},{\"@type\":\"ListItem\",\"position\":2,\"name\":\"Servicios\",\"item\":\"https:\\\/\\\/auxmode.com\\\/es\\\/servicios\\\/\"},{\"@type\":\"ListItem\",\"position\":3,\"name\":\"Consultoria\"}]},{\"@type\":\"WebSite\",\"@id\":\"https:\\\/\\\/auxmode.com\\\/#website\",\"url\":\"https:\\\/\\\/auxmode.com\\\/\",\"name\":\"Aux Mode\",\"description\":\"YouTube content monetization protection and Revenue Reporting Automation.\",\"inLanguage\":\"es\"}]}<\/script>\n<!-- \/ Yoast SEO plugin. -->","yoast_head_json":{"title":"Consultor\u00eda de medios en streaming","description":"Con una comprensi\u00f3n de las tendencias emergentes de streaming y las interrupciones en la industria, descubrimos el potencial por explotar dentro de tu negocio para ayudarlo a modernizarse y crecer.","robots":{"index":"index","follow":"follow","max-snippet":"max-snippet:-1","max-image-preview":"max-image-preview:large","max-video-preview":"max-video-preview:-1"},"canonical":"https:\/\/auxmode.com\/es\/servicios\/consultoria-medios-streaming\/","og_locale":"es_ES","og_type":"article","og_title":"Consultor\u00eda de medios en streaming","og_description":"Con una comprensi\u00f3n de las tendencias emergentes de streaming y las interrupciones en la industria, descubrimos el potencial por explotar dentro de tu negocio para ayudarlo a modernizarse y crecer.","og_url":"https:\/\/auxmode.com\/es\/servicios\/consultoria-medios-streaming\/","og_site_name":"Aux Mode","article_modified_time":"2024-04-07T13:27:15+00:00","og_image":[{"url":"https:\/\/auxmode.com\/wp-content\/uploads\/2022\/06\/StreamingMediaConsulting1.png","type":"","width":"","height":""}],"twitter_card":"summary_large_image","twitter_misc":{"Tiempo de lectura":"2 minutos"},"schema":{"@context":"https:\/\/schema.org","@graph":[{"@type":"WebPage","@id":"https:\/\/auxmode.com\/es\/servicios\/consultoria-medios-streaming\/","url":"https:\/\/auxmode.com\/es\/servicios\/consultoria-medios-streaming\/","name":"Consultor\u00eda de medios en streaming","isPartOf":{"@id":"https:\/\/auxmode.com\/#website"},"primaryImageOfPage":{"@id":"https:\/\/auxmode.com\/es\/servicios\/consultoria-medios-streaming\/#primaryimage"},"image":{"@id":"https:\/\/auxmode.com\/es\/servicios\/consultoria-medios-streaming\/#primaryimage"},"thumbnailUrl":"https:\/\/auxmode.com\/wp-content\/uploads\/2022\/06\/StreamingMediaConsulting1.png","datePublished":"2022-06-15T01:58:28+00:00","dateModified":"2024-04-07T13:27:15+00:00","description":"Con una comprensi\u00f3n de las tendencias emergentes de streaming y las interrupciones en la industria, descubrimos el potencial por explotar dentro de tu negocio para ayudarlo a modernizarse y crecer.","breadcrumb":{"@id":"https:\/\/auxmode.com\/es\/servicios\/consultoria-medios-streaming\/#breadcrumb"},"inLanguage":"es","potentialAction":[{"@type":"ReadAction","target":["https:\/\/auxmode.com\/es\/servicios\/consultoria-medios-streaming\/"]}]},{"@type":"ImageObject","inLanguage":"es","@id":"https:\/\/auxmode.com\/es\/servicios\/consultoria-medios-streaming\/#primaryimage","url":"https:\/\/auxmode.com\/wp-content\/uploads\/2022\/06\/StreamingMediaConsulting1.png","contentUrl":"https:\/\/auxmode.com\/wp-content\/uploads\/2022\/06\/StreamingMediaConsulting1.png"},{"@type":"BreadcrumbList","@id":"https:\/\/auxmode.com\/es\/servicios\/consultoria-medios-streaming\/#breadcrumb","itemListElement":[{"@type":"ListItem","position":1,"name":"Home","item":"https:\/\/auxmode.com\/es\/"},{"@type":"ListItem","position":2,"name":"Servicios","item":"https:\/\/auxmode.com\/es\/servicios\/"},{"@type":"ListItem","position":3,"name":"Consultoria"}]},{"@type":"WebSite","@id":"https:\/\/auxmode.com\/#website","url":"https:\/\/auxmode.com\/","name":"Aux Mode","description":"YouTube content monetization protection and Revenue Reporting Automation.","inLanguage":"es"}]}},"_links":{"self":[{"href":"https:\/\/auxmode.com\/es\/wp-json\/wp\/v2\/pages\/25494","targetHints":{"allow":["GET"]}}],"collection":[{"href":"https:\/\/auxmode.com\/es\/wp-json\/wp\/v2\/pages"}],"about":[{"href":"https:\/\/auxmode.com\/es\/wp-json\/wp\/v2\/types\/page"}],"author":[{"embeddable":true,"href":"https:\/\/auxmode.com\/es\/wp-json\/wp\/v2\/users\/1"}],"replies":[{"embeddable":true,"href":"https:\/\/auxmode.com\/es\/wp-json\/wp\/v2\/comments?post=25494"}],"version-history":[{"count":5,"href":"https:\/\/auxmode.com\/es\/wp-json\/wp\/v2\/pages\/25494\/revisions"}],"predecessor-version":[{"id":25721,"href":"https:\/\/auxmode.com\/es\/wp-json\/wp\/v2\/pages\/25494\/revisions\/25721"}],"up":[{"embeddable":true,"href":"https:\/\/auxmode.com\/es\/wp-json\/wp\/v2\/pages\/22313"}],"wp:attachment":[{"href":"https:\/\/auxmode.com\/es\/wp-json\/wp\/v2\/media?parent=25494"}],"curies":[{"name":"wp","href":"https:\/\/api.w.org\/{rel}","templated":true}]}}