{"id":25485,"date":"2022-05-13T03:14:28","date_gmt":"2022-05-13T03:14:28","guid":{"rendered":"https:\/\/auxmode.com\/?page_id=25485"},"modified":"2024-03-31T09:51:49","modified_gmt":"2024-03-31T09:51:49","slug":"maximizar-los-ingresos-de-contenido","status":"publish","type":"page","link":"https:\/\/auxmode.com\/es\/servicios\/maximizar-los-ingresos-de-contenido\/","title":{"rendered":"Monetizaci\u00f3n de v\u00eddeos"},"content":{"rendered":"<div id=\"pl-gb25485-69db40574a843\"  class=\"panel-layout\" ><div class=\"container\"><div id=\"pg-gb25485-69db40574a843-0\"  class=\"panel-grid panel-has-style row\" ><div class=\"hero lighter siteorigin-panels-stretch panel-row-style panel-row-style-for-gb25485-69db40574a843-0\" data-stretch-type=\"full\" ><div id=\"pgc-gb25485-69db40574a843-0-0\"  class=\"panel-grid-cell 69db40574a843-6 flip col-md-12\" ><div class=\"hero-left panel-cell-style panel-cell-style-for-gb25485-69db40574a843-0-0\" ><div id=\"panel-gb25485-69db40574a843-0-0-0\" class=\"so-panel widget widget_sow-editor panel-first-child panel-last-child\" data-index=\"0\" ><div class=\"so-widget-sow-editor so-widget-sow-editor-base\">\n<div class=\"siteorigin-widget-tinymce textwidget\">\n\t<h1>Maximizar los ingresos por contenido<\/h1>\n<p>Revisando la configuraci\u00f3n de monetizaci\u00f3n de tu canal de YouTube para garantizar la ubicaci\u00f3n \u00f3ptima de los anuncios y la idoneidad del contenido.<\/p>\n<p><a class=\"btn btn-primary\" href=\"https:\/\/auxmode.com\/es\/precios\/\">Planes y precios<\/a><\/p>\n<\/div>\n<\/div><\/div><\/div><\/div><div id=\"pgc-gb25485-69db40574a843-0-1\"  class=\"panel-grid-cell 69db40574a843-6 flip col-md-12\" ><div class=\"hero-right panel-cell-style panel-cell-style-for-gb25485-69db40574a843-0-1\" ><div id=\"panel-gb25485-69db40574a843-0-1-0\" class=\"so-panel widget widget_media_image panel-first-child panel-last-child\" data-index=\"1\" ><div class=\"panel-widget-style panel-widget-style-for-gb25485-69db40574a843-0-1-0\" ><img decoding=\"async\" width=\"582\" height=\"252\" src=\"https:\/\/auxmode.com\/wp-content\/uploads\/2022\/05\/art-AVODContentMonetization1.png\" class=\"image wp-image-17542  attachment-full size-full\" alt=\"Content Monetization\" style=\"max-width: 100%; height: auto;\" srcset=\"https:\/\/auxmode.com\/wp-content\/uploads\/2022\/05\/art-AVODContentMonetization1.png 582w, https:\/\/auxmode.com\/wp-content\/uploads\/2022\/05\/art-AVODContentMonetization1-300x130.png 300w\" sizes=\"(max-width: 582px) 100vw, 582px\" \/><\/div><\/div><\/div><\/div><\/div><\/div><\/div><div class=\"container\"><div id=\"pg-gb25485-69db40574a843-1\"  class=\"panel-grid panel-has-style row\" ><div class=\"panel-usp panel-row-style panel-row-style-for-gb25485-69db40574a843-1\" ><div id=\"pgc-gb25485-69db40574a843-1-0\"  class=\"panel-grid-cell 69db40574a843-7 flip col-md-12\" ><div id=\"panel-gb25485-69db40574a843-1-0-0\" class=\"so-panel widget widget_media_image panel-first-child panel-last-child\" data-index=\"2\" ><img decoding=\"async\" width=\"241\" height=\"300\" src=\"https:\/\/auxmode.com\/wp-content\/uploads\/2022\/06\/Maximizing-Content-Revenue4-241x300.png\" class=\"image wp-image-18212 aligncenter attachment-medium size-medium\" alt=\"Google Ads\" style=\"max-width: 100%; height: auto;\" srcset=\"https:\/\/auxmode.com\/wp-content\/uploads\/2022\/06\/Maximizing-Content-Revenue4-241x300.png 241w, https:\/\/auxmode.com\/wp-content\/uploads\/2022\/06\/Maximizing-Content-Revenue4-821x1024.png 821w, https:\/\/auxmode.com\/wp-content\/uploads\/2022\/06\/Maximizing-Content-Revenue4-768x957.png 768w, https:\/\/auxmode.com\/wp-content\/uploads\/2022\/06\/Maximizing-Content-Revenue4-1140x1421.png 1140w, https:\/\/auxmode.com\/wp-content\/uploads\/2022\/06\/Maximizing-Content-Revenue4.png 1200w\" sizes=\"(max-width: 241px) 100vw, 241px\" \/><\/div><\/div><div id=\"pgc-gb25485-69db40574a843-1-1\"  class=\"panel-grid-cell 69db40574a843-7 flip col-md-12\" ><div id=\"panel-gb25485-69db40574a843-1-1-0\" class=\"widget_text so-panel widget widget_custom_html panel-first-child panel-last-child\" data-index=\"3\" ><div class=\"textwidget custom-html-widget\"><h3>Maximizar los ingresos por contenido<\/h3>\n<ul class=\"usp-list\">\n\t<li class=\"usp-item\">\n\t\t<div class=\"icon\"><i class=\"fa fa-check\"><\/i><\/div>\n\t\t<div class=\"usp-content\">\n\t\t\t<h4>Analizar la monetizaci\u00f3n de los anuncios de v\u00eddeo.<\/h4>\n\t\t<\/div>\n\t<\/li>\n\t\n\t<li class=\"usp-item\">\n\t\t<div class=\"icon\"><i class=\"fa fa-check\"><\/i><\/div>\n\t\t<div class=\"usp-content\">\n\t\t\t<h4>Identificar autom\u00e1ticamente los tipos de anuncios y las pausas publicitarias.<\/h4>\n\t\t<\/div>\n\t<\/li>\n\t\n\t<li class=\"usp-item\">\n\t\t<div class=\"icon\"><i class=\"fa fa-check\"><\/i><\/div>\n\t\t<div class=\"usp-content\">\n\t\t\t<h4>Revisi\u00f3n y an\u00e1lisis de la estrategia de Ad break.<\/h4>\n\t\t<\/div>\n\t<\/li>\n\t\n\t<li class=\"usp-item\">\n\t\t<div class=\"icon\"><i class=\"fa fa-check\"><\/i><\/div>\n\t\t<div class=\"usp-content\">\n\t\t\t<h4>Revisar los v\u00eddeos marcados con anuncios limitados o sin anuncios.<\/h4>\n\t\t<\/div>\n\t<\/li>\n\t\n\t<li class=\"usp-item\">\n\t\t<div class=\"icon\"><i class=\"fa fa-check\"><\/i><\/div>\n\t\t<div class=\"usp-content\">\n\t\t\t<h4>Actualizaci\u00f3n masiva dirigida de la configuraci\u00f3n de anuncios en un canal o CMS.<\/h4>\n\t\t<\/div>\n\t<\/li>\n\t\n\t<li class=\"usp-item\">\n\t\t<div class=\"icon\"><i class=\"fa fa-check\"><\/i><\/div>\n\t\t<div class=\"usp-content\">\n\t\t\t<h4>Auditor\u00eda de v\u00eddeos para revisar los tipos de anuncios habilitados.<\/h4>\n\t\t<\/div>\n\t<\/li>\n\t\n\t<li class=\"usp-item\">\n\t\t<div class=\"icon\"><i class=\"fa fa-check\"><\/i><\/div>\n\t\t<div class=\"usp-content\">\n\t\t\t<h4>Mejores pr\u00e1cticas de idoneidad para anuncios de v\u00eddeo.<\/h4>\n\t\t<\/div>\n\t<\/li>\n\t\n<\/ul>\n\n<p><a class=\"btn\" href=\"https:\/\/auxmode.com\/es\/contactanos\/\">Leer m\u00e1s<\/a><\/p><\/div><\/div><\/div><\/div><\/div><\/div><div class=\"container\"><div id=\"pg-gb25485-69db40574a843-2\"  class=\"panel-grid panel-has-style row\" ><div class=\"homepage-row colored siteorigin-panels-stretch panel-row-style panel-row-style-for-gb25485-69db40574a843-2\" data-stretch-type=\"full\" ><div id=\"pgc-gb25485-69db40574a843-2-0\"  class=\"panel-grid-cell 69db40574a843-8 flip col-md-12\" ><div id=\"panel-gb25485-69db40574a843-2-0-0\" class=\"so-panel widget widget_sow-editor panel-first-child panel-last-child\" data-index=\"4\" ><div class=\"so-widget-sow-editor so-widget-sow-editor-base\">\n<div class=\"siteorigin-widget-tinymce textwidget\">\n\t<h3>Maximizar los ingresos por contenido<\/h3>\n<p>Con m\u00e1s contenido siendo marcado como \u00abLimitado o sin anuncios\u00bb, es importante reevaluar el rendimiento publicitario de tus v\u00eddeos en el canal y c\u00f3mo el crecimiento de tus ingresos se ve afectado por los anuncios limitados en YouTube. Una vez que los v\u00eddeos de tu canal de YouTube hayan sido evaluados, tu estrategia de contenido para la colocaci\u00f3n \u00f3ptima de anuncios y la revisi\u00f3n y apelaci\u00f3n de v\u00eddeos desactivados necesitar\u00e1n ajustes.<\/p>\n<p>Las estrategias publicitarias cambian con el tiempo y es importante verificar que todos los tipos de anuncios est\u00e9n habilitados y que tus pausas publicitarias sean adecuadas para la longitud del video. Nuestro sistema escanea los recursos de tus canales para asegurar que tus v\u00eddeos tengan los tipos de anuncios correctos habilitados y est\u00e9s maximizando el potencial de ingresos.<\/p>\n<p>El problema del contenido desmonetizado ha aumentado a medida que las plataformas se han vuelto cada vez m\u00e1s reguladas.<\/p>\n<p><a class=\"btn btn-primary\" href=\"https:\/\/auxmode.com\/es\/contactanos\/\">Leer m\u00e1s<\/a><\/p>\n<\/div>\n<\/div><\/div><\/div><div id=\"pgc-gb25485-69db40574a843-2-1\"  class=\"panel-grid-cell 69db40574a843-8 flip col-md-12\" ><div id=\"panel-gb25485-69db40574a843-2-1-0\" class=\"so-panel widget widget_media_image panel-first-child panel-last-child\" data-index=\"5\" ><img decoding=\"async\" width=\"582\" height=\"367\" src=\"https:\/\/auxmode.com\/wp-content\/uploads\/2022\/05\/art-AVODContentMonetization_Ads_3.png\" class=\"image wp-image-17546 aligncenter attachment-full size-full\" alt=\"Content Monetization\" style=\"max-width: 100%; height: auto;\" srcset=\"https:\/\/auxmode.com\/wp-content\/uploads\/2022\/05\/art-AVODContentMonetization_Ads_3.png 582w, https:\/\/auxmode.com\/wp-content\/uploads\/2022\/05\/art-AVODContentMonetization_Ads_3-300x189.png 300w\" sizes=\"(max-width: 582px) 100vw, 582px\" \/><\/div><\/div><\/div><\/div><\/div><\/div>","protected":false},"excerpt":{"rendered":"<p>Maximizar los ingresos por contenido <\/p>\n<p>Revisando la configuraci\u00f3n de monetizaci\u00f3n de tu canal de YouTube para garantizar la ubicaci\u00f3n \u00f3ptima de los anuncios y la idoneidad del contenido.<\/p>\n<p>Planes y precios<\/p>\n<p> Maximizar los ingresos por contenido <\/p>\n<ul class=\"usp-list\">\n<li class=\"usp-item\"> Analizar la monetizaci\u00f3n de los anuncios de v\u00eddeo. <\/li>\n<li class=\"usp-item\"> Identificar autom\u00e1ticamente los tipos &hellip;\n<p><a class=\"more-link btn\" href=\"https:\/\/auxmode.com\/es\/servicios\/maximizar-los-ingresos-de-contenido\/\">Seguir leyendo<\/a><\/p>\n<\/li>\n<\/ul>\n","protected":false},"author":1,"featured_media":0,"parent":22313,"menu_order":0,"comment_status":"closed","ping_status":"closed","template":"","meta":{"_acf_changed":false,"amp_status":"","footnotes":""},"class_list":["post-25485","page","type-page","status-publish","hentry","nodate","item-wrap"],"acf":[],"yoast_head":"<!-- This site is optimized with the Yoast SEO plugin v27.3 - https:\/\/yoast.com\/product\/yoast-seo-wordpress\/ -->\n<title>Monetizaci\u00f3n de v\u00eddeos - Aux Mode<\/title>\n<meta name=\"robots\" content=\"index, follow, max-snippet:-1, max-image-preview:large, max-video-preview:-1\" \/>\n<link rel=\"canonical\" href=\"https:\/\/auxmode.com\/es\/servicios\/maximizar-los-ingresos-de-contenido\/\" \/>\n<meta property=\"og:locale\" content=\"es_ES\" \/>\n<meta property=\"og:type\" content=\"article\" \/>\n<meta property=\"og:title\" content=\"Monetizaci\u00f3n de v\u00eddeos - Aux Mode\" \/>\n<meta property=\"og:description\" content=\"Maximizar los ingresos por contenido Revisando la configuraci\u00f3n de monetizaci\u00f3n de tu canal de YouTube para garantizar la ubicaci\u00f3n \u00f3ptima de los anuncios y la idoneidad del contenido. Planes y precios Maximizar los ingresos por contenido  Analizar la monetizaci\u00f3n de los anuncios de v\u00eddeo.  Identificar autom\u00e1ticamente los tipos &hellip; Seguir leyendo\" \/>\n<meta property=\"og:url\" content=\"https:\/\/auxmode.com\/es\/servicios\/maximizar-los-ingresos-de-contenido\/\" \/>\n<meta property=\"og:site_name\" content=\"Aux Mode\" \/>\n<meta property=\"article:modified_time\" content=\"2024-03-31T09:51:49+00:00\" \/>\n<meta property=\"og:image\" content=\"https:\/\/auxmode.com\/wp-content\/uploads\/2022\/05\/art-AVODContentMonetization1.png\" \/>\n<meta name=\"twitter:card\" content=\"summary_large_image\" \/>\n<meta name=\"twitter:label1\" content=\"Tiempo de lectura\" \/>\n\t<meta name=\"twitter:data1\" content=\"2 minutos\" \/>\n<script type=\"application\/ld+json\" class=\"yoast-schema-graph\">{\"@context\":\"https:\\\/\\\/schema.org\",\"@graph\":[{\"@type\":\"WebPage\",\"@id\":\"https:\\\/\\\/auxmode.com\\\/es\\\/servicios\\\/maximizar-los-ingresos-de-contenido\\\/\",\"url\":\"https:\\\/\\\/auxmode.com\\\/es\\\/servicios\\\/maximizar-los-ingresos-de-contenido\\\/\",\"name\":\"Monetizaci\u00f3n de v\u00eddeos - Aux Mode\",\"isPartOf\":{\"@id\":\"https:\\\/\\\/auxmode.com\\\/#website\"},\"primaryImageOfPage\":{\"@id\":\"https:\\\/\\\/auxmode.com\\\/es\\\/servicios\\\/maximizar-los-ingresos-de-contenido\\\/#primaryimage\"},\"image\":{\"@id\":\"https:\\\/\\\/auxmode.com\\\/es\\\/servicios\\\/maximizar-los-ingresos-de-contenido\\\/#primaryimage\"},\"thumbnailUrl\":\"https:\\\/\\\/auxmode.com\\\/wp-content\\\/uploads\\\/2022\\\/05\\\/art-AVODContentMonetization1.png\",\"datePublished\":\"2022-05-13T03:14:28+00:00\",\"dateModified\":\"2024-03-31T09:51:49+00:00\",\"breadcrumb\":{\"@id\":\"https:\\\/\\\/auxmode.com\\\/es\\\/servicios\\\/maximizar-los-ingresos-de-contenido\\\/#breadcrumb\"},\"inLanguage\":\"es\",\"potentialAction\":[{\"@type\":\"ReadAction\",\"target\":[\"https:\\\/\\\/auxmode.com\\\/es\\\/servicios\\\/maximizar-los-ingresos-de-contenido\\\/\"]}]},{\"@type\":\"ImageObject\",\"inLanguage\":\"es\",\"@id\":\"https:\\\/\\\/auxmode.com\\\/es\\\/servicios\\\/maximizar-los-ingresos-de-contenido\\\/#primaryimage\",\"url\":\"https:\\\/\\\/auxmode.com\\\/wp-content\\\/uploads\\\/2022\\\/05\\\/art-AVODContentMonetization1.png\",\"contentUrl\":\"https:\\\/\\\/auxmode.com\\\/wp-content\\\/uploads\\\/2022\\\/05\\\/art-AVODContentMonetization1.png\"},{\"@type\":\"BreadcrumbList\",\"@id\":\"https:\\\/\\\/auxmode.com\\\/es\\\/servicios\\\/maximizar-los-ingresos-de-contenido\\\/#breadcrumb\",\"itemListElement\":[{\"@type\":\"ListItem\",\"position\":1,\"name\":\"Home\",\"item\":\"https:\\\/\\\/auxmode.com\\\/es\\\/\"},{\"@type\":\"ListItem\",\"position\":2,\"name\":\"Servicios\",\"item\":\"https:\\\/\\\/auxmode.com\\\/es\\\/servicios\\\/\"},{\"@type\":\"ListItem\",\"position\":3,\"name\":\"Monetizaci\u00f3n de v\u00eddeos\"}]},{\"@type\":\"WebSite\",\"@id\":\"https:\\\/\\\/auxmode.com\\\/#website\",\"url\":\"https:\\\/\\\/auxmode.com\\\/\",\"name\":\"Aux Mode\",\"description\":\"YouTube content monetization protection and Revenue Reporting Automation.\",\"inLanguage\":\"es\"}]}<\/script>\n<!-- \/ Yoast SEO plugin. -->","yoast_head_json":{"title":"Monetizaci\u00f3n de v\u00eddeos - Aux Mode","robots":{"index":"index","follow":"follow","max-snippet":"max-snippet:-1","max-image-preview":"max-image-preview:large","max-video-preview":"max-video-preview:-1"},"canonical":"https:\/\/auxmode.com\/es\/servicios\/maximizar-los-ingresos-de-contenido\/","og_locale":"es_ES","og_type":"article","og_title":"Monetizaci\u00f3n de v\u00eddeos - Aux Mode","og_description":"Maximizar los ingresos por contenido Revisando la configuraci\u00f3n de monetizaci\u00f3n de tu canal de YouTube para garantizar la ubicaci\u00f3n \u00f3ptima de los anuncios y la idoneidad del contenido. Planes y precios Maximizar los ingresos por contenido  Analizar la monetizaci\u00f3n de los anuncios de v\u00eddeo.  Identificar autom\u00e1ticamente los tipos &hellip; Seguir leyendo","og_url":"https:\/\/auxmode.com\/es\/servicios\/maximizar-los-ingresos-de-contenido\/","og_site_name":"Aux Mode","article_modified_time":"2024-03-31T09:51:49+00:00","og_image":[{"url":"https:\/\/auxmode.com\/wp-content\/uploads\/2022\/05\/art-AVODContentMonetization1.png","type":"","width":"","height":""}],"twitter_card":"summary_large_image","twitter_misc":{"Tiempo de lectura":"2 minutos"},"schema":{"@context":"https:\/\/schema.org","@graph":[{"@type":"WebPage","@id":"https:\/\/auxmode.com\/es\/servicios\/maximizar-los-ingresos-de-contenido\/","url":"https:\/\/auxmode.com\/es\/servicios\/maximizar-los-ingresos-de-contenido\/","name":"Monetizaci\u00f3n de v\u00eddeos - Aux Mode","isPartOf":{"@id":"https:\/\/auxmode.com\/#website"},"primaryImageOfPage":{"@id":"https:\/\/auxmode.com\/es\/servicios\/maximizar-los-ingresos-de-contenido\/#primaryimage"},"image":{"@id":"https:\/\/auxmode.com\/es\/servicios\/maximizar-los-ingresos-de-contenido\/#primaryimage"},"thumbnailUrl":"https:\/\/auxmode.com\/wp-content\/uploads\/2022\/05\/art-AVODContentMonetization1.png","datePublished":"2022-05-13T03:14:28+00:00","dateModified":"2024-03-31T09:51:49+00:00","breadcrumb":{"@id":"https:\/\/auxmode.com\/es\/servicios\/maximizar-los-ingresos-de-contenido\/#breadcrumb"},"inLanguage":"es","potentialAction":[{"@type":"ReadAction","target":["https:\/\/auxmode.com\/es\/servicios\/maximizar-los-ingresos-de-contenido\/"]}]},{"@type":"ImageObject","inLanguage":"es","@id":"https:\/\/auxmode.com\/es\/servicios\/maximizar-los-ingresos-de-contenido\/#primaryimage","url":"https:\/\/auxmode.com\/wp-content\/uploads\/2022\/05\/art-AVODContentMonetization1.png","contentUrl":"https:\/\/auxmode.com\/wp-content\/uploads\/2022\/05\/art-AVODContentMonetization1.png"},{"@type":"BreadcrumbList","@id":"https:\/\/auxmode.com\/es\/servicios\/maximizar-los-ingresos-de-contenido\/#breadcrumb","itemListElement":[{"@type":"ListItem","position":1,"name":"Home","item":"https:\/\/auxmode.com\/es\/"},{"@type":"ListItem","position":2,"name":"Servicios","item":"https:\/\/auxmode.com\/es\/servicios\/"},{"@type":"ListItem","position":3,"name":"Monetizaci\u00f3n de v\u00eddeos"}]},{"@type":"WebSite","@id":"https:\/\/auxmode.com\/#website","url":"https:\/\/auxmode.com\/","name":"Aux Mode","description":"YouTube content monetization protection and Revenue Reporting Automation.","inLanguage":"es"}]}},"_links":{"self":[{"href":"https:\/\/auxmode.com\/es\/wp-json\/wp\/v2\/pages\/25485","targetHints":{"allow":["GET"]}}],"collection":[{"href":"https:\/\/auxmode.com\/es\/wp-json\/wp\/v2\/pages"}],"about":[{"href":"https:\/\/auxmode.com\/es\/wp-json\/wp\/v2\/types\/page"}],"author":[{"embeddable":true,"href":"https:\/\/auxmode.com\/es\/wp-json\/wp\/v2\/users\/1"}],"replies":[{"embeddable":true,"href":"https:\/\/auxmode.com\/es\/wp-json\/wp\/v2\/comments?post=25485"}],"version-history":[{"count":5,"href":"https:\/\/auxmode.com\/es\/wp-json\/wp\/v2\/pages\/25485\/revisions"}],"predecessor-version":[{"id":25725,"href":"https:\/\/auxmode.com\/es\/wp-json\/wp\/v2\/pages\/25485\/revisions\/25725"}],"up":[{"embeddable":true,"href":"https:\/\/auxmode.com\/es\/wp-json\/wp\/v2\/pages\/22313"}],"wp:attachment":[{"href":"https:\/\/auxmode.com\/es\/wp-json\/wp\/v2\/media?parent=25485"}],"curies":[{"name":"wp","href":"https:\/\/api.w.org\/{rel}","templated":true}]}}