{"id":25483,"date":"2022-06-15T00:11:10","date_gmt":"2022-06-15T00:11:10","guid":{"rendered":"https:\/\/auxmode.com\/?page_id=25483"},"modified":"2024-05-04T14:58:04","modified_gmt":"2024-05-04T14:58:04","slug":"entrega-activos-video","status":"publish","type":"page","link":"https:\/\/auxmode.com\/es\/servicios\/entrega-activos-video\/","title":{"rendered":"Entrega de video"},"content":{"rendered":"<div id=\"pl-gb25483-69d27047b469a\"  class=\"panel-layout\" ><div class=\"container\"><div id=\"pg-gb25483-69d27047b469a-0\"  class=\"panel-grid panel-has-style row\" ><div class=\"hero lighter siteorigin-panels-stretch panel-row-style panel-row-style-for-gb25483-69d27047b469a-0\" data-stretch-type=\"full\" ><div id=\"pgc-gb25483-69d27047b469a-0-0\"  class=\"panel-grid-cell 69d27047b469a-6 flip col-md-12\" ><div class=\"hero-left panel-cell-style panel-cell-style-for-gb25483-69d27047b469a-0-0\" ><div id=\"panel-gb25483-69d27047b469a-0-0-0\" class=\"so-panel widget widget_sow-editor panel-first-child panel-last-child\" data-index=\"0\" ><div class=\"so-widget-sow-editor so-widget-sow-editor-base\">\n<div class=\"siteorigin-widget-tinymce textwidget\">\n\t<h1>Entrega de activos de v\u00eddeo<\/h1>\n<p>Entrega de v\u00eddeos a cada plataforma con metadatos optimizados espec\u00edficos para los requisitos y mejores pr\u00e1cticas de cada plataforma, revisi\u00f3n t\u00e9cnica de recursos para garantizar que los archivos de v\u00eddeo entregados a las plataformas de streaming cumplan con sus especificaciones y requisitos de calidad.<\/p>\n<p><a class=\"btn btn-primary\" href=\"https:\/\/auxmode.com\/es\/precios\/\">Planes y precios<\/a><\/p>\n<\/div>\n<\/div><\/div><\/div><\/div><div id=\"pgc-gb25483-69d27047b469a-0-1\"  class=\"panel-grid-cell 69d27047b469a-6 flip col-md-12\" ><div class=\"hero-right panel-cell-style panel-cell-style-for-gb25483-69d27047b469a-0-1\" ><div id=\"panel-gb25483-69d27047b469a-0-1-0\" class=\"so-panel widget widget_media_image panel-first-child panel-last-child\" data-index=\"1\" ><div class=\"panel-widget-style panel-widget-style-for-gb25483-69d27047b469a-0-1-0\" ><img decoding=\"async\" width=\"300\" height=\"300\" src=\"https:\/\/auxmode.com\/wp-content\/uploads\/2022\/06\/VideoAssetDelivery1-300x300.png\" class=\"image wp-image-18005  attachment-medium size-medium\" alt=\"YouTube Video Asset Delivery\" style=\"max-width: 100%; height: auto;\" srcset=\"https:\/\/auxmode.com\/wp-content\/uploads\/2022\/06\/VideoAssetDelivery1-300x300.png 300w, https:\/\/auxmode.com\/wp-content\/uploads\/2022\/06\/VideoAssetDelivery1-150x150.png 150w, https:\/\/auxmode.com\/wp-content\/uploads\/2022\/06\/VideoAssetDelivery1.png 555w\" sizes=\"(max-width: 300px) 100vw, 300px\" \/><\/div><\/div><\/div><\/div><\/div><\/div><\/div><div class=\"container\"><div id=\"pg-gb25483-69d27047b469a-1\"  class=\"panel-grid panel-has-style row\" ><div class=\"panel-usp panel-row-style panel-row-style-for-gb25483-69d27047b469a-1\" ><div id=\"pgc-gb25483-69d27047b469a-1-0\"  class=\"panel-grid-cell 69d27047b469a-7 flip col-md-12\" ><div id=\"panel-gb25483-69d27047b469a-1-0-0\" class=\"so-panel widget widget_sow-image panel-first-child panel-last-child\" data-index=\"2\" ><div class=\"so-widget-sow-image so-widget-sow-image-default-17bc2272b535-25483\">\n\n<div class=\"sow-image-container\">\n\t\t<img decoding=\"async\" src=\"https:\/\/auxmode.com\/wp-content\/uploads\/2022\/06\/VideoAssetDelivery2.png\" width=\"555\" height=\"291\" srcset=\"https:\/\/auxmode.com\/wp-content\/uploads\/2022\/06\/VideoAssetDelivery2.png 555w, https:\/\/auxmode.com\/wp-content\/uploads\/2022\/06\/VideoAssetDelivery2-300x157.png 300w\" sizes=\"(max-width: 555px) 100vw, 555px\" alt=\"YouTube Video Asset Delivery\" \t\tclass=\"so-widget-image\"\/>\n\t<\/div>\n\n<\/div><\/div><\/div><div id=\"pgc-gb25483-69d27047b469a-1-1\"  class=\"panel-grid-cell 69d27047b469a-7 flip col-md-12\" ><div id=\"panel-gb25483-69d27047b469a-1-1-0\" class=\"widget_text so-panel widget widget_custom_html panel-first-child panel-last-child\" data-index=\"3\" ><div class=\"textwidget custom-html-widget\"><h3>Entrega de activos de video proporciona<\/h3>\n<ul class=\"usp-list\">\n\t<li class=\"usp-item\">\n\t\t<div class=\"icon\"><i class=\"fa fa-check\"><\/i><\/div>\n\t\t<div class=\"usp-content\">\n\t\t\t<h4>Revisi\u00f3n de v\u00eddeo, arte del p\u00f3ster, t\u00edtulo y descripci\u00f3n.<\/h4>\n\t\t<\/div>\n\t<\/li>\n\t\n\t<li class=\"usp-item\">\n\t\t<div class=\"icon\"><i class=\"fa fa-check\"><\/i><\/div>\n\t\t<div class=\"usp-content\">\n\t\t\t<h4>V\u00eddeo subido directamente a la plataforma.<\/h4>\n\t\t<\/div>\n\t<\/li>\n\t\n\t<li class=\"usp-item\">\n\t\t<div class=\"icon\"><i class=\"fa fa-check\"><\/i><\/div>\n\t\t<div class=\"usp-content\">\n\t\t\t<h4>El arte del p\u00f3ster del v\u00eddeo, el t\u00edtulo y la descripci\u00f3n se a\u00f1aden al activo de v\u00eddeo al cargarlo.<\/h4>\n\t\t<\/div>\n\t<\/li>\n\t\n\t<li class=\"usp-item\">\n\t\t<div class=\"icon\"><i class=\"fa fa-check\"><\/i><\/div>\n\t\t<div class=\"usp-content\">\n\t\t\t<h4>Las etiquetas de v\u00eddeo, palabras clave y metadatos se optimizan por activo.<\/h4>\n\t\t<\/div>\n\t<\/li>\n\t\n\t<li class=\"usp-item\">\n\t\t<div class=\"icon\"><i class=\"fa fa-check\"><\/i><\/div>\n\t\t<div class=\"usp-content\">\n\t\t\t<h4>El v\u00eddeo se a\u00f1ade a la lista de reproducci\u00f3n o categor\u00eda existente.<\/h4>\n\t\t<\/div>\n\t<\/li>\n\t\n\t<li class=\"usp-item\">\n\t\t<div class=\"icon\"><i class=\"fa fa-check\"><\/i><\/div>\n\t\t<div class=\"usp-content\">\n\t\t\t<h4>El contenido est\u00e1 programado para ser lanzado en una fecha futura.<\/h4>\n\t\t<\/div>\n\t<\/li>\n<\/ul>\n\n<p><a class=\"btn\" href=\"https:\/\/auxmode.com\/es\/contactanos\/\">Leer m\u00e1s<\/a><\/p><\/div><\/div><\/div><\/div><\/div><\/div><div class=\"container\"><div id=\"pg-gb25483-69d27047b469a-2\"  class=\"panel-grid panel-has-style row\" ><div class=\"homepage-row colored siteorigin-panels-stretch panel-row-style panel-row-style-for-gb25483-69d27047b469a-2\" data-stretch-type=\"full\" ><div id=\"pgc-gb25483-69d27047b469a-2-0\"  class=\"panel-grid-cell 69d27047b469a-8 flip col-md-12\" ><div id=\"panel-gb25483-69d27047b469a-2-0-0\" class=\"so-panel widget widget_sow-editor panel-first-child panel-last-child\" data-index=\"4\" ><div class=\"so-widget-sow-editor so-widget-sow-editor-base\">\n<div class=\"siteorigin-widget-tinymce textwidget\">\n\t<h3>Entrega de activos de video<\/h3>\n<p>La entrega de activos puede ser realizada directamente a la plataforma por el cliente o Aux Mode puede proporcionar la entrega a la plataforma. Si el canal es parte de un CMS de YouTube, entonces la entrega de activos tambi\u00e9n puede hacerse en lotes, ya que no estamos limitados a subir 15 a la vez desde el nivel del canal..<\/p>\n<p>Cada plataforma tiene sus propios requisitos y si no has a\u00f1adido tu contenido a YouTube, Amazon Video Prime, Facebook y otras plataformas de streaming, podemos ayudarte.<\/p>\n<p><a class=\"btn btn-primary\" href=\"https:\/\/auxmode.com\/es\/contactanos\/\">Leer m\u00e1s<\/a><\/p>\n<\/div>\n<\/div><\/div><\/div><div id=\"pgc-gb25483-69d27047b469a-2-1\"  class=\"panel-grid-cell 69d27047b469a-8 flip col-md-12\" ><div id=\"panel-gb25483-69d27047b469a-2-1-0\" class=\"so-panel widget widget_sow-image panel-first-child panel-last-child\" data-index=\"5\" ><div class=\"so-widget-sow-image so-widget-sow-image-default-17bc2272b535-25483\">\n\n<div class=\"sow-image-container\">\n\t\t<img decoding=\"async\" src=\"https:\/\/auxmode.com\/wp-content\/uploads\/2022\/06\/VideoAssetDelivery3-300x300.png\" width=\"300\" height=\"300\" srcset=\"https:\/\/auxmode.com\/wp-content\/uploads\/2022\/06\/VideoAssetDelivery3-300x300.png 300w, https:\/\/auxmode.com\/wp-content\/uploads\/2022\/06\/VideoAssetDelivery3-150x150.png 150w, https:\/\/auxmode.com\/wp-content\/uploads\/2022\/06\/VideoAssetDelivery3.png 555w\" sizes=\"(max-width: 300px) 100vw, 300px\" alt=\"YouTube Video Asset Delivery\" \t\tclass=\"so-widget-image\"\/>\n\t<\/div>\n\n<\/div><\/div><\/div><\/div><\/div><\/div><\/div>","protected":false},"excerpt":{"rendered":"<p>Entrega de activos de v\u00eddeo <\/p>\n<p>Entrega de v\u00eddeos a cada plataforma con metadatos optimizados espec\u00edficos para los requisitos y mejores pr\u00e1cticas de cada plataforma, revisi\u00f3n t\u00e9cnica de recursos para garantizar que los archivos de v\u00eddeo entregados a las plataformas de streaming cumplan con sus especificaciones y requisitos de calidad.<\/p>\n<p>Planes y precios<\/p>\n<p> Entrega de activos &hellip; <\/p>\n<p><a class=\"more-link btn\" href=\"https:\/\/auxmode.com\/es\/servicios\/entrega-activos-video\/\">Seguir leyendo<\/a><\/p>\n","protected":false},"author":1,"featured_media":0,"parent":22313,"menu_order":0,"comment_status":"closed","ping_status":"closed","template":"","meta":{"_acf_changed":false,"amp_status":"","footnotes":""},"class_list":["post-25483","page","type-page","status-publish","hentry","nodate","item-wrap"],"acf":[],"yoast_head":"<!-- This site is optimized with the Yoast SEO plugin v27.3 - https:\/\/yoast.com\/product\/yoast-seo-wordpress\/ -->\n<title>Entrega de activos de v\u00eddeo<\/title>\n<meta name=\"description\" content=\"Optimiza el arte del p\u00f3ster de tus videos, el t\u00edtulo, la descripci\u00f3n meta, las etiquetas, palabras clave y m\u00e1s.\" \/>\n<meta name=\"robots\" content=\"index, follow, max-snippet:-1, max-image-preview:large, max-video-preview:-1\" \/>\n<link rel=\"canonical\" href=\"https:\/\/auxmode.com\/es\/servicios\/entrega-activos-video\/\" \/>\n<meta property=\"og:locale\" content=\"es_ES\" \/>\n<meta property=\"og:type\" content=\"article\" \/>\n<meta property=\"og:title\" content=\"Entrega de activos de v\u00eddeo\" \/>\n<meta property=\"og:description\" content=\"Optimiza el arte del p\u00f3ster de tus videos, el t\u00edtulo, la descripci\u00f3n meta, las etiquetas, palabras clave y m\u00e1s.\" \/>\n<meta property=\"og:url\" content=\"https:\/\/auxmode.com\/es\/servicios\/entrega-activos-video\/\" \/>\n<meta property=\"og:site_name\" content=\"Aux Mode\" \/>\n<meta property=\"article:modified_time\" content=\"2024-05-04T14:58:04+00:00\" \/>\n<meta property=\"og:image\" content=\"https:\/\/auxmode.com\/wp-content\/uploads\/2022\/06\/VideoAssetDelivery1-300x300.png\" \/>\n<meta name=\"twitter:card\" content=\"summary_large_image\" \/>\n<meta name=\"twitter:label1\" content=\"Tiempo de lectura\" \/>\n\t<meta name=\"twitter:data1\" content=\"2 minutos\" \/>\n<script type=\"application\/ld+json\" class=\"yoast-schema-graph\">{\"@context\":\"https:\\\/\\\/schema.org\",\"@graph\":[{\"@type\":\"WebPage\",\"@id\":\"https:\\\/\\\/auxmode.com\\\/es\\\/servicios\\\/entrega-activos-video\\\/\",\"url\":\"https:\\\/\\\/auxmode.com\\\/es\\\/servicios\\\/entrega-activos-video\\\/\",\"name\":\"Entrega de activos de v\u00eddeo\",\"isPartOf\":{\"@id\":\"https:\\\/\\\/auxmode.com\\\/#website\"},\"primaryImageOfPage\":{\"@id\":\"https:\\\/\\\/auxmode.com\\\/es\\\/servicios\\\/entrega-activos-video\\\/#primaryimage\"},\"image\":{\"@id\":\"https:\\\/\\\/auxmode.com\\\/es\\\/servicios\\\/entrega-activos-video\\\/#primaryimage\"},\"thumbnailUrl\":\"https:\\\/\\\/auxmode.com\\\/wp-content\\\/uploads\\\/2022\\\/06\\\/VideoAssetDelivery1-300x300.png\",\"datePublished\":\"2022-06-15T00:11:10+00:00\",\"dateModified\":\"2024-05-04T14:58:04+00:00\",\"description\":\"Optimiza el arte del p\u00f3ster de tus videos, el t\u00edtulo, la descripci\u00f3n meta, las etiquetas, palabras clave y m\u00e1s.\",\"breadcrumb\":{\"@id\":\"https:\\\/\\\/auxmode.com\\\/es\\\/servicios\\\/entrega-activos-video\\\/#breadcrumb\"},\"inLanguage\":\"es\",\"potentialAction\":[{\"@type\":\"ReadAction\",\"target\":[\"https:\\\/\\\/auxmode.com\\\/es\\\/servicios\\\/entrega-activos-video\\\/\"]}]},{\"@type\":\"ImageObject\",\"inLanguage\":\"es\",\"@id\":\"https:\\\/\\\/auxmode.com\\\/es\\\/servicios\\\/entrega-activos-video\\\/#primaryimage\",\"url\":\"https:\\\/\\\/auxmode.com\\\/wp-content\\\/uploads\\\/2022\\\/06\\\/VideoAssetDelivery1-300x300.png\",\"contentUrl\":\"https:\\\/\\\/auxmode.com\\\/wp-content\\\/uploads\\\/2022\\\/06\\\/VideoAssetDelivery1-300x300.png\"},{\"@type\":\"BreadcrumbList\",\"@id\":\"https:\\\/\\\/auxmode.com\\\/es\\\/servicios\\\/entrega-activos-video\\\/#breadcrumb\",\"itemListElement\":[{\"@type\":\"ListItem\",\"position\":1,\"name\":\"Home\",\"item\":\"https:\\\/\\\/auxmode.com\\\/es\\\/\"},{\"@type\":\"ListItem\",\"position\":2,\"name\":\"Servicios\",\"item\":\"https:\\\/\\\/auxmode.com\\\/es\\\/servicios\\\/\"},{\"@type\":\"ListItem\",\"position\":3,\"name\":\"Entrega de video\"}]},{\"@type\":\"WebSite\",\"@id\":\"https:\\\/\\\/auxmode.com\\\/#website\",\"url\":\"https:\\\/\\\/auxmode.com\\\/\",\"name\":\"Aux Mode\",\"description\":\"YouTube content monetization protection and Revenue Reporting Automation.\",\"inLanguage\":\"es\"}]}<\/script>\n<!-- \/ Yoast SEO plugin. -->","yoast_head_json":{"title":"Entrega de activos de v\u00eddeo","description":"Optimiza el arte del p\u00f3ster de tus videos, el t\u00edtulo, la descripci\u00f3n meta, las etiquetas, palabras clave y m\u00e1s.","robots":{"index":"index","follow":"follow","max-snippet":"max-snippet:-1","max-image-preview":"max-image-preview:large","max-video-preview":"max-video-preview:-1"},"canonical":"https:\/\/auxmode.com\/es\/servicios\/entrega-activos-video\/","og_locale":"es_ES","og_type":"article","og_title":"Entrega de activos de v\u00eddeo","og_description":"Optimiza el arte del p\u00f3ster de tus videos, el t\u00edtulo, la descripci\u00f3n meta, las etiquetas, palabras clave y m\u00e1s.","og_url":"https:\/\/auxmode.com\/es\/servicios\/entrega-activos-video\/","og_site_name":"Aux Mode","article_modified_time":"2024-05-04T14:58:04+00:00","og_image":[{"url":"https:\/\/auxmode.com\/wp-content\/uploads\/2022\/06\/VideoAssetDelivery1-300x300.png","type":"","width":"","height":""}],"twitter_card":"summary_large_image","twitter_misc":{"Tiempo de lectura":"2 minutos"},"schema":{"@context":"https:\/\/schema.org","@graph":[{"@type":"WebPage","@id":"https:\/\/auxmode.com\/es\/servicios\/entrega-activos-video\/","url":"https:\/\/auxmode.com\/es\/servicios\/entrega-activos-video\/","name":"Entrega de activos de v\u00eddeo","isPartOf":{"@id":"https:\/\/auxmode.com\/#website"},"primaryImageOfPage":{"@id":"https:\/\/auxmode.com\/es\/servicios\/entrega-activos-video\/#primaryimage"},"image":{"@id":"https:\/\/auxmode.com\/es\/servicios\/entrega-activos-video\/#primaryimage"},"thumbnailUrl":"https:\/\/auxmode.com\/wp-content\/uploads\/2022\/06\/VideoAssetDelivery1-300x300.png","datePublished":"2022-06-15T00:11:10+00:00","dateModified":"2024-05-04T14:58:04+00:00","description":"Optimiza el arte del p\u00f3ster de tus videos, el t\u00edtulo, la descripci\u00f3n meta, las etiquetas, palabras clave y m\u00e1s.","breadcrumb":{"@id":"https:\/\/auxmode.com\/es\/servicios\/entrega-activos-video\/#breadcrumb"},"inLanguage":"es","potentialAction":[{"@type":"ReadAction","target":["https:\/\/auxmode.com\/es\/servicios\/entrega-activos-video\/"]}]},{"@type":"ImageObject","inLanguage":"es","@id":"https:\/\/auxmode.com\/es\/servicios\/entrega-activos-video\/#primaryimage","url":"https:\/\/auxmode.com\/wp-content\/uploads\/2022\/06\/VideoAssetDelivery1-300x300.png","contentUrl":"https:\/\/auxmode.com\/wp-content\/uploads\/2022\/06\/VideoAssetDelivery1-300x300.png"},{"@type":"BreadcrumbList","@id":"https:\/\/auxmode.com\/es\/servicios\/entrega-activos-video\/#breadcrumb","itemListElement":[{"@type":"ListItem","position":1,"name":"Home","item":"https:\/\/auxmode.com\/es\/"},{"@type":"ListItem","position":2,"name":"Servicios","item":"https:\/\/auxmode.com\/es\/servicios\/"},{"@type":"ListItem","position":3,"name":"Entrega de video"}]},{"@type":"WebSite","@id":"https:\/\/auxmode.com\/#website","url":"https:\/\/auxmode.com\/","name":"Aux Mode","description":"YouTube content monetization protection and Revenue Reporting Automation.","inLanguage":"es"}]}},"_links":{"self":[{"href":"https:\/\/auxmode.com\/es\/wp-json\/wp\/v2\/pages\/25483","targetHints":{"allow":["GET"]}}],"collection":[{"href":"https:\/\/auxmode.com\/es\/wp-json\/wp\/v2\/pages"}],"about":[{"href":"https:\/\/auxmode.com\/es\/wp-json\/wp\/v2\/types\/page"}],"author":[{"embeddable":true,"href":"https:\/\/auxmode.com\/es\/wp-json\/wp\/v2\/users\/1"}],"replies":[{"embeddable":true,"href":"https:\/\/auxmode.com\/es\/wp-json\/wp\/v2\/comments?post=25483"}],"version-history":[{"count":5,"href":"https:\/\/auxmode.com\/es\/wp-json\/wp\/v2\/pages\/25483\/revisions"}],"predecessor-version":[{"id":25723,"href":"https:\/\/auxmode.com\/es\/wp-json\/wp\/v2\/pages\/25483\/revisions\/25723"}],"up":[{"embeddable":true,"href":"https:\/\/auxmode.com\/es\/wp-json\/wp\/v2\/pages\/22313"}],"wp:attachment":[{"href":"https:\/\/auxmode.com\/es\/wp-json\/wp\/v2\/media?parent=25483"}],"curies":[{"name":"wp","href":"https:\/\/api.w.org\/{rel}","templated":true}]}}