{"id":25482,"date":"2022-06-15T01:47:47","date_gmt":"2022-06-15T01:47:47","guid":{"rendered":"https:\/\/auxmode.com\/?page_id=25482"},"modified":"2024-05-04T14:55:10","modified_gmt":"2024-05-04T14:55:10","slug":"gestion-cms-youtube-content-id","status":"publish","type":"page","link":"https:\/\/auxmode.com\/es\/servicios\/gestion-cms-youtube-content-id\/","title":{"rendered":"Content ID"},"content":{"rendered":"<div id=\"pl-gb25482-69e5d466ace31\"  class=\"panel-layout\" ><div class=\"container\"><div id=\"pg-gb25482-69e5d466ace31-0\"  class=\"panel-grid panel-has-style row\" ><div class=\"hero lighter siteorigin-panels-stretch panel-row-style panel-row-style-for-gb25482-69e5d466ace31-0\" data-stretch-type=\"full\" ><div id=\"pgc-gb25482-69e5d466ace31-0-0\"  class=\"panel-grid-cell 69e5d466ace31-6 flip col-md-12\" ><div class=\"hero-left panel-cell-style panel-cell-style-for-gb25482-69e5d466ace31-0-0\" ><div id=\"panel-gb25482-69e5d466ace31-0-0-0\" class=\"so-panel widget widget_sow-editor panel-first-child panel-last-child\" data-index=\"0\" ><div class=\"panel-widget-style panel-widget-style-for-gb25482-69e5d466ace31-0-0-0\" ><div class=\"so-widget-sow-editor so-widget-sow-editor-base\">\n<div class=\"siteorigin-widget-tinymce textwidget\">\n\t<h1>Gesti\u00f3n de CMS de YouTube y Content ID<\/h1>\n<p>Nuestro equipo gestionar\u00e1 el CMS (Sistema de Gesti\u00f3n de Contenidos) y Content ID para tu empresa. Utilizando las mejores pr\u00e1cticas de YouTube, resolveremos cualquier problema e implementaremos nuevas estrategias de Content ID para aumentar el alcance y los ingresos del canal.<\/p>\n<p><a class=\"btn btn-primary\" href=\"https:\/\/auxmode.com\/es\/precios\/\">Planes y precios<\/a><\/p>\n<\/div>\n<\/div><\/div><\/div><\/div><\/div><div id=\"pgc-gb25482-69e5d466ace31-0-1\"  class=\"panel-grid-cell 69e5d466ace31-6 flip col-md-12\" ><div class=\"hero-right panel-cell-style panel-cell-style-for-gb25482-69e5d466ace31-0-1\" ><div id=\"panel-gb25482-69e5d466ace31-0-1-0\" class=\"so-panel widget widget_media_image panel-first-child panel-last-child\" data-index=\"1\" ><div class=\"panel-widget-style panel-widget-style-for-gb25482-69e5d466ace31-0-1-0\" ><img decoding=\"async\" width=\"555\" height=\"312\" src=\"https:\/\/auxmode.com\/wp-content\/uploads\/2022\/06\/YouTubeCMS_Conteange1.png\" class=\"image wp-image-18054  attachment-full size-full\" alt=\"YouTube Content ID Consultant\" style=\"max-width: 100%; height: auto;\" srcset=\"https:\/\/auxmode.com\/wp-content\/uploads\/2022\/06\/YouTubeCMS_Conteange1.png 555w, https:\/\/auxmode.com\/wp-content\/uploads\/2022\/06\/YouTubeCMS_Conteange1-300x169.png 300w\" sizes=\"(max-width: 555px) 100vw, 555px\" \/><\/div><\/div><\/div><\/div><\/div><\/div><\/div><div class=\"container\"><div id=\"pg-gb25482-69e5d466ace31-1\"  class=\"panel-grid panel-has-style row\" ><div class=\"panel-usp panel-row-style panel-row-style-for-gb25482-69e5d466ace31-1\" ><div id=\"pgc-gb25482-69e5d466ace31-1-0\"  class=\"panel-grid-cell 69e5d466ace31-7 flip col-md-12\" ><div id=\"panel-gb25482-69e5d466ace31-1-0-0\" class=\"so-panel widget widget_sow-image panel-first-child panel-last-child\" data-index=\"2\" ><div class=\"so-widget-sow-image so-widget-sow-image-default-17bc2272b535-25482\">\n\n<div class=\"sow-image-container\">\n\t\t<img decoding=\"async\" src=\"https:\/\/auxmode.com\/wp-content\/uploads\/2022\/06\/YouTubeCMS_Conteange2.png\" width=\"555\" height=\"338\" srcset=\"https:\/\/auxmode.com\/wp-content\/uploads\/2022\/06\/YouTubeCMS_Conteange2.png 555w, https:\/\/auxmode.com\/wp-content\/uploads\/2022\/06\/YouTubeCMS_Conteange2-300x183.png 300w\" sizes=\"(max-width: 555px) 100vw, 555px\" alt=\"YouTube CMS Consultant\" \t\tclass=\"so-widget-image\"\/>\n\t<\/div>\n\n<\/div><\/div><\/div><div id=\"pgc-gb25482-69e5d466ace31-1-1\"  class=\"panel-grid-cell 69e5d466ace31-7 flip col-md-12\" ><div id=\"panel-gb25482-69e5d466ace31-1-1-0\" class=\"widget_text so-panel widget widget_custom_html panel-first-child panel-last-child\" data-index=\"3\" ><div class=\"textwidget custom-html-widget\"><h3>Gesti\u00f3n de CMS de YouTube y Content ID proporciona<\/h3>\n<ul class=\"usp-list\">\n\t<li class=\"usp-item\">\n\t\t<div class=\"icon\"><i class=\"fa fa-check\"><\/i><\/div>\n\t\t<div class=\"usp-content\">\n\t\t\t<h4>Gesti\u00f3n CMS<\/h4>\n\t\t\t<p>\n\t\t\t\tCumplimiento de metadatos y resoluci\u00f3n de problemas pendientes seg\u00fan las mejores pr\u00e1cticas de YouTube.\n\t\t\t<\/p>\n\t\t<\/div>\n\t<\/li>\n\t\n\t<li class=\"usp-item\">\n\t\t<div class=\"icon\"><i class=\"fa fa-check\"><\/i><\/div>\n\t\t<div class=\"usp-content\">\n\t\t\t<h4>Content ID<\/h4>\n\t\t\t<p>\n\t\t\t\tVerifica las pol\u00edticas de uso y coincidencia existentes.\n\t\t\t<\/p>\n\t\t<\/div>\n\t<\/li>\n\t\n\t<li class=\"usp-item\">\n\t\t<div class=\"icon\"><i class=\"fa fa-check\"><\/i><\/div>\n\t\t<div class=\"usp-content\">\n\t\t\t<h4>Derechos de contenido<\/h4>\n\t\t\t<p>\n\t\t\t\tGestiona tu contenido por regiones y por v\u00eddeos.\n\t\t\t<\/p>\n\t\t<\/div>\n\t<\/li>\n\t\n\t<li class=\"usp-item\">\n\t\t<div class=\"icon\"><i class=\"fa fa-check\"><\/i><\/div>\n\t\t<div class=\"usp-content\">\n\t\t\t<h4>Pol\u00edticas de contenido<\/h4>\n\t\t\t<p>\n\t\t\t\tNuevas estrategias. Aprende a bloquear todo el robo y monetizar los v\u00eddeos de tu canal\n\t\t\t<\/p>\n\t\t<\/div>\n\t<\/li>\n\t\n\t<li class=\"usp-item\">\n\t\t<div class=\"icon\"><i class=\"fa fa-check\"><\/i><\/div>\n\t\t<div class=\"usp-content\">\n\t\t\t<h4>Monetizaci\u00f3n de v\u00eddeos<\/h4>\n\t\t\t<p>\n\t\t\t\tMaximiza los anuncios y tipos de anuncios en todos los v\u00eddeos para todas las regiones.\n\t\t\t<\/p>\n\t\t<\/div>\n\t<\/li>\n<\/ul>\n\n<p><a class=\"btn\" href=\"https:\/\/auxmode.com\/es\/contactanos\/\">Leer m\u00e1s<\/a><\/p><\/div><\/div><\/div><\/div><\/div><\/div><div class=\"container\"><div id=\"pg-gb25482-69e5d466ace31-2\"  class=\"panel-grid panel-has-style row\" ><div class=\"homepage-row colored siteorigin-panels-stretch panel-row-style panel-row-style-for-gb25482-69e5d466ace31-2\" data-stretch-type=\"full\" ><div id=\"pgc-gb25482-69e5d466ace31-2-0\"  class=\"panel-grid-cell 69e5d466ace31-8 flip col-md-12\" ><div id=\"panel-gb25482-69e5d466ace31-2-0-0\" class=\"so-panel widget widget_sow-editor panel-first-child panel-last-child\" data-index=\"4\" ><div class=\"so-widget-sow-editor so-widget-sow-editor-base\">\n<div class=\"siteorigin-widget-tinymce textwidget\">\n\t<h3>Gesti\u00f3n de CMS de YouTube y Content ID proporciona<\/h3>\n<p>Los propietarios de contenido utilizan el Sistema de Gesti\u00f3n de Contenidos (CMS) de YouTube para proporcionar los metadatos de diferentes tipos de contenido, incluidos v\u00eddeos, grabaciones de sonido y composiciones.<\/p>\n<p>Nuestro equipo gestiona Content ID de YouTube para asegurarse de que se reclame todo mal uso, y para identificar y gestionar disputas de derechos de autor.<\/p>\n<p>Los v\u00eddeos subidos a los canales vinculados al CMS se comparan con archivos de audio y v\u00eddeo registrados con Content ID por los propietarios de contenido, buscando cualquier coincidencia. Los propietarios de contenido tienen la opci\u00f3n de bloquear el contenido coincidente o monetizarlo. Aux Mode ayudar\u00e1 con el proceso paso a paso para implementar la pol\u00edtica correcta para cada v\u00eddeo.<\/p>\n<p><a class=\"btn btn-primary\" href=\"https:\/\/auxmode.com\/es\/contactanos\/\">Leer m\u00e1s<\/a><\/p>\n<\/div>\n<\/div><\/div><\/div><div id=\"pgc-gb25482-69e5d466ace31-2-1\"  class=\"panel-grid-cell 69e5d466ace31-8 flip col-md-12\" ><div id=\"panel-gb25482-69e5d466ace31-2-1-0\" class=\"so-panel widget widget_sow-image panel-first-child panel-last-child\" data-index=\"5\" ><div class=\"so-widget-sow-image so-widget-sow-image-default-17bc2272b535-25482\">\n\n<div class=\"sow-image-container\">\n\t\t<img decoding=\"async\" src=\"https:\/\/auxmode.com\/wp-content\/uploads\/2022\/06\/YouTubeCMS_Conteange3-300x201.png\" width=\"300\" height=\"201\" srcset=\"https:\/\/auxmode.com\/wp-content\/uploads\/2022\/06\/YouTubeCMS_Conteange3-300x201.png 300w, https:\/\/auxmode.com\/wp-content\/uploads\/2022\/06\/YouTubeCMS_Conteange3-272x182.png 272w, https:\/\/auxmode.com\/wp-content\/uploads\/2022\/06\/YouTubeCMS_Conteange3.png 555w\" sizes=\"(max-width: 300px) 100vw, 300px\" alt=\"YouTube CMS Consultant\" \t\tclass=\"so-widget-image\"\/>\n\t<\/div>\n\n<\/div><\/div><\/div><\/div><\/div><\/div><\/div>","protected":false},"excerpt":{"rendered":"<p>Gesti\u00f3n de CMS de YouTube y Content ID <\/p>\n<p>Nuestro equipo gestionar\u00e1 el CMS (Sistema de Gesti\u00f3n de Contenidos) y Content ID para tu empresa. Utilizando las mejores pr\u00e1cticas de YouTube, resolveremos cualquier problema e implementaremos nuevas estrategias de Content ID para aumentar el alcance y los ingresos del canal.<\/p>\n<p>Planes y precios<\/p>\n<p> Gesti\u00f3n de CMS &hellip; <\/p>\n<p><a class=\"more-link btn\" href=\"https:\/\/auxmode.com\/es\/servicios\/gestion-cms-youtube-content-id\/\">Seguir leyendo<\/a><\/p>\n","protected":false},"author":1,"featured_media":0,"parent":22313,"menu_order":0,"comment_status":"closed","ping_status":"closed","template":"","meta":{"_acf_changed":false,"amp_status":"","footnotes":""},"class_list":["post-25482","page","type-page","status-publish","hentry","nodate","item-wrap"],"acf":[],"yoast_head":"<!-- This site is optimized with the Yoast SEO plugin v27.4 - https:\/\/yoast.com\/product\/yoast-seo-wordpress\/ -->\n<title>Gesti\u00f3n de CMS de YouTube y Content ID<\/title>\n<meta name=\"description\" content=\"Una estrategia de YouTube CMS y Content ID asegura que tu v\u00eddeo est\u00e9 protegido en cada regi\u00f3n, completamente monetizado, y verifica el uso existente y las pol\u00edticas de coincidencia. Obt\u00e9n m\u00e1s informaci\u00f3n. Leer m\u00e1s\" \/>\n<meta name=\"robots\" content=\"index, follow, max-snippet:-1, max-image-preview:large, max-video-preview:-1\" \/>\n<link rel=\"canonical\" href=\"https:\/\/auxmode.com\/es\/servicios\/gestion-cms-youtube-content-id\/\" \/>\n<meta property=\"og:locale\" content=\"es_ES\" \/>\n<meta property=\"og:type\" content=\"article\" \/>\n<meta property=\"og:title\" content=\"Gesti\u00f3n de CMS de YouTube y Content ID\" \/>\n<meta property=\"og:description\" content=\"Una estrategia de YouTube CMS y Content ID asegura que tu v\u00eddeo est\u00e9 protegido en cada regi\u00f3n, completamente monetizado, y verifica el uso existente y las pol\u00edticas de coincidencia. Obt\u00e9n m\u00e1s informaci\u00f3n. Leer m\u00e1s\" \/>\n<meta property=\"og:url\" content=\"https:\/\/auxmode.com\/es\/servicios\/gestion-cms-youtube-content-id\/\" \/>\n<meta property=\"og:site_name\" content=\"Aux Mode\" \/>\n<meta property=\"article:modified_time\" content=\"2024-05-04T14:55:10+00:00\" \/>\n<meta property=\"og:image\" content=\"https:\/\/auxmode.com\/wp-content\/uploads\/2022\/06\/YouTubeCMS_Conteange1.png\" \/>\n<meta name=\"twitter:card\" content=\"summary_large_image\" \/>\n<meta name=\"twitter:label1\" content=\"Tiempo de lectura\" \/>\n\t<meta name=\"twitter:data1\" content=\"2 minutos\" \/>\n<script type=\"application\/ld+json\" class=\"yoast-schema-graph\">{\"@context\":\"https:\\\/\\\/schema.org\",\"@graph\":[{\"@type\":\"WebPage\",\"@id\":\"https:\\\/\\\/auxmode.com\\\/es\\\/servicios\\\/gestion-cms-youtube-content-id\\\/\",\"url\":\"https:\\\/\\\/auxmode.com\\\/es\\\/servicios\\\/gestion-cms-youtube-content-id\\\/\",\"name\":\"Gesti\u00f3n de CMS de YouTube y Content ID\",\"isPartOf\":{\"@id\":\"https:\\\/\\\/auxmode.com\\\/#website\"},\"primaryImageOfPage\":{\"@id\":\"https:\\\/\\\/auxmode.com\\\/es\\\/servicios\\\/gestion-cms-youtube-content-id\\\/#primaryimage\"},\"image\":{\"@id\":\"https:\\\/\\\/auxmode.com\\\/es\\\/servicios\\\/gestion-cms-youtube-content-id\\\/#primaryimage\"},\"thumbnailUrl\":\"https:\\\/\\\/auxmode.com\\\/wp-content\\\/uploads\\\/2022\\\/06\\\/YouTubeCMS_Conteange1.png\",\"datePublished\":\"2022-06-15T01:47:47+00:00\",\"dateModified\":\"2024-05-04T14:55:10+00:00\",\"description\":\"Una estrategia de YouTube CMS y Content ID asegura que tu v\u00eddeo est\u00e9 protegido en cada regi\u00f3n, completamente monetizado, y verifica el uso existente y las pol\u00edticas de coincidencia. Obt\u00e9n m\u00e1s informaci\u00f3n. Leer m\u00e1s\",\"breadcrumb\":{\"@id\":\"https:\\\/\\\/auxmode.com\\\/es\\\/servicios\\\/gestion-cms-youtube-content-id\\\/#breadcrumb\"},\"inLanguage\":\"es\",\"potentialAction\":[{\"@type\":\"ReadAction\",\"target\":[\"https:\\\/\\\/auxmode.com\\\/es\\\/servicios\\\/gestion-cms-youtube-content-id\\\/\"]}]},{\"@type\":\"ImageObject\",\"inLanguage\":\"es\",\"@id\":\"https:\\\/\\\/auxmode.com\\\/es\\\/servicios\\\/gestion-cms-youtube-content-id\\\/#primaryimage\",\"url\":\"https:\\\/\\\/auxmode.com\\\/wp-content\\\/uploads\\\/2022\\\/06\\\/YouTubeCMS_Conteange1.png\",\"contentUrl\":\"https:\\\/\\\/auxmode.com\\\/wp-content\\\/uploads\\\/2022\\\/06\\\/YouTubeCMS_Conteange1.png\"},{\"@type\":\"BreadcrumbList\",\"@id\":\"https:\\\/\\\/auxmode.com\\\/es\\\/servicios\\\/gestion-cms-youtube-content-id\\\/#breadcrumb\",\"itemListElement\":[{\"@type\":\"ListItem\",\"position\":1,\"name\":\"Home\",\"item\":\"https:\\\/\\\/auxmode.com\\\/es\\\/\"},{\"@type\":\"ListItem\",\"position\":2,\"name\":\"Servicios\",\"item\":\"https:\\\/\\\/auxmode.com\\\/es\\\/servicios\\\/\"},{\"@type\":\"ListItem\",\"position\":3,\"name\":\"Content ID\"}]},{\"@type\":\"WebSite\",\"@id\":\"https:\\\/\\\/auxmode.com\\\/#website\",\"url\":\"https:\\\/\\\/auxmode.com\\\/\",\"name\":\"Aux Mode\",\"description\":\"YouTube content monetization protection and Revenue Reporting Automation.\",\"inLanguage\":\"es\"}]}<\/script>\n<!-- \/ Yoast SEO plugin. -->","yoast_head_json":{"title":"Gesti\u00f3n de CMS de YouTube y Content ID","description":"Una estrategia de YouTube CMS y Content ID asegura que tu v\u00eddeo est\u00e9 protegido en cada regi\u00f3n, completamente monetizado, y verifica el uso existente y las pol\u00edticas de coincidencia. Obt\u00e9n m\u00e1s informaci\u00f3n. Leer m\u00e1s","robots":{"index":"index","follow":"follow","max-snippet":"max-snippet:-1","max-image-preview":"max-image-preview:large","max-video-preview":"max-video-preview:-1"},"canonical":"https:\/\/auxmode.com\/es\/servicios\/gestion-cms-youtube-content-id\/","og_locale":"es_ES","og_type":"article","og_title":"Gesti\u00f3n de CMS de YouTube y Content ID","og_description":"Una estrategia de YouTube CMS y Content ID asegura que tu v\u00eddeo est\u00e9 protegido en cada regi\u00f3n, completamente monetizado, y verifica el uso existente y las pol\u00edticas de coincidencia. Obt\u00e9n m\u00e1s informaci\u00f3n. Leer m\u00e1s","og_url":"https:\/\/auxmode.com\/es\/servicios\/gestion-cms-youtube-content-id\/","og_site_name":"Aux Mode","article_modified_time":"2024-05-04T14:55:10+00:00","og_image":[{"url":"https:\/\/auxmode.com\/wp-content\/uploads\/2022\/06\/YouTubeCMS_Conteange1.png","type":"","width":"","height":""}],"twitter_card":"summary_large_image","twitter_misc":{"Tiempo de lectura":"2 minutos"},"schema":{"@context":"https:\/\/schema.org","@graph":[{"@type":"WebPage","@id":"https:\/\/auxmode.com\/es\/servicios\/gestion-cms-youtube-content-id\/","url":"https:\/\/auxmode.com\/es\/servicios\/gestion-cms-youtube-content-id\/","name":"Gesti\u00f3n de CMS de YouTube y Content ID","isPartOf":{"@id":"https:\/\/auxmode.com\/#website"},"primaryImageOfPage":{"@id":"https:\/\/auxmode.com\/es\/servicios\/gestion-cms-youtube-content-id\/#primaryimage"},"image":{"@id":"https:\/\/auxmode.com\/es\/servicios\/gestion-cms-youtube-content-id\/#primaryimage"},"thumbnailUrl":"https:\/\/auxmode.com\/wp-content\/uploads\/2022\/06\/YouTubeCMS_Conteange1.png","datePublished":"2022-06-15T01:47:47+00:00","dateModified":"2024-05-04T14:55:10+00:00","description":"Una estrategia de YouTube CMS y Content ID asegura que tu v\u00eddeo est\u00e9 protegido en cada regi\u00f3n, completamente monetizado, y verifica el uso existente y las pol\u00edticas de coincidencia. Obt\u00e9n m\u00e1s informaci\u00f3n. Leer m\u00e1s","breadcrumb":{"@id":"https:\/\/auxmode.com\/es\/servicios\/gestion-cms-youtube-content-id\/#breadcrumb"},"inLanguage":"es","potentialAction":[{"@type":"ReadAction","target":["https:\/\/auxmode.com\/es\/servicios\/gestion-cms-youtube-content-id\/"]}]},{"@type":"ImageObject","inLanguage":"es","@id":"https:\/\/auxmode.com\/es\/servicios\/gestion-cms-youtube-content-id\/#primaryimage","url":"https:\/\/auxmode.com\/wp-content\/uploads\/2022\/06\/YouTubeCMS_Conteange1.png","contentUrl":"https:\/\/auxmode.com\/wp-content\/uploads\/2022\/06\/YouTubeCMS_Conteange1.png"},{"@type":"BreadcrumbList","@id":"https:\/\/auxmode.com\/es\/servicios\/gestion-cms-youtube-content-id\/#breadcrumb","itemListElement":[{"@type":"ListItem","position":1,"name":"Home","item":"https:\/\/auxmode.com\/es\/"},{"@type":"ListItem","position":2,"name":"Servicios","item":"https:\/\/auxmode.com\/es\/servicios\/"},{"@type":"ListItem","position":3,"name":"Content ID"}]},{"@type":"WebSite","@id":"https:\/\/auxmode.com\/#website","url":"https:\/\/auxmode.com\/","name":"Aux Mode","description":"YouTube content monetization protection and Revenue Reporting Automation.","inLanguage":"es"}]}},"_links":{"self":[{"href":"https:\/\/auxmode.com\/es\/wp-json\/wp\/v2\/pages\/25482","targetHints":{"allow":["GET"]}}],"collection":[{"href":"https:\/\/auxmode.com\/es\/wp-json\/wp\/v2\/pages"}],"about":[{"href":"https:\/\/auxmode.com\/es\/wp-json\/wp\/v2\/types\/page"}],"author":[{"embeddable":true,"href":"https:\/\/auxmode.com\/es\/wp-json\/wp\/v2\/users\/1"}],"replies":[{"embeddable":true,"href":"https:\/\/auxmode.com\/es\/wp-json\/wp\/v2\/comments?post=25482"}],"version-history":[{"count":6,"href":"https:\/\/auxmode.com\/es\/wp-json\/wp\/v2\/pages\/25482\/revisions"}],"predecessor-version":[{"id":25722,"href":"https:\/\/auxmode.com\/es\/wp-json\/wp\/v2\/pages\/25482\/revisions\/25722"}],"up":[{"embeddable":true,"href":"https:\/\/auxmode.com\/es\/wp-json\/wp\/v2\/pages\/22313"}],"wp:attachment":[{"href":"https:\/\/auxmode.com\/es\/wp-json\/wp\/v2\/media?parent=25482"}],"curies":[{"name":"wp","href":"https:\/\/api.w.org\/{rel}","templated":true}]}}